{"id":5843,"date":"2025-08-15T16:14:02","date_gmt":"2025-08-16T02:14:02","guid":{"rendered":"https:\/\/www.tahitiplaisirs.com\/?post_type=product&#038;p=5843"},"modified":"2026-03-21T14:00:12","modified_gmt":"2026-03-22T00:00:12","slug":"nuisette-latinesa-noire-xl-2xl","status":"publish","type":"product","link":"https:\/\/www.tahitiplaisirs.com\/en\/product\/nuisette-latinesa-noire-xl-2xl\/","title":{"rendered":"Nuisette Latinesa noire XL\/2XL"},"content":{"rendered":"","protected":false},"excerpt":{"rendered":"<p>Nuisette Latinesa noire XL\/2XL de Obsessive<\/p>\n<p>L&rsquo;ensemble Latinesa est compos\u00e9 d&rsquo;une nuisette en dentelle noire et de son string assorti.<\/p>\n<p>La nuisette est courte et \u00e9vas\u00e9e avec des \u00e9l\u00e9ments d\u00e9coratifs dans le d\u00e9collet\u00e9 profond.<\/p>\n<p>Le tissu est a\u00e9r\u00e9, doux et extensible pour plus de confort.<\/p>\n<p>Les bretelles r\u00e9glables se croisent dans le dos et sont orn\u00e9es de broderies \u00e9labor\u00e9es.<\/p>\n<p>La fermeture \u00e0 crochet dans le d\u00e9collet\u00e9 profond du dos peut \u00eatre ajust\u00e9e individuellement.<\/p>","protected":false},"featured_media":9140,"template":"","meta":[],"product_brand":[92],"product_cat":[73,74],"product_tag":[],"class_list":{"0":"post-5843","1":"product","2":"type-product","3":"status-publish","4":"has-post-thumbnail","6":"product_brand-obsessive","7":"product_cat-lingerie-sexy","8":"product_cat-nuisettes-bodys-et-set","11":"instock","12":"taxable","13":"shipping-taxable","14":"purchasable","15":"product-type-simple","16":"product-grid-view"},"_links":{"self":[{"href":"https:\/\/www.tahitiplaisirs.com\/en\/wp-json\/wp\/v2\/product\/5843","targetHints":{"allow":["GET"]}}],"collection":[{"href":"https:\/\/www.tahitiplaisirs.com\/en\/wp-json\/wp\/v2\/product"}],"about":[{"href":"https:\/\/www.tahitiplaisirs.com\/en\/wp-json\/wp\/v2\/types\/product"}],"version-history":[{"count":2,"href":"https:\/\/www.tahitiplaisirs.com\/en\/wp-json\/wp\/v2\/product\/5843\/revisions"}],"predecessor-version":[{"id":9142,"href":"https:\/\/www.tahitiplaisirs.com\/en\/wp-json\/wp\/v2\/product\/5843\/revisions\/9142"}],"wp:featuredmedia":[{"embeddable":true,"href":"https:\/\/www.tahitiplaisirs.com\/en\/wp-json\/wp\/v2\/media\/9140"}],"wp:attachment":[{"href":"https:\/\/www.tahitiplaisirs.com\/en\/wp-json\/wp\/v2\/media?parent=5843"}],"wp:term":[{"taxonomy":"product_brand","embeddable":true,"href":"https:\/\/www.tahitiplaisirs.com\/en\/wp-json\/wp\/v2\/product_brand?post=5843"},{"taxonomy":"product_cat","embeddable":true,"href":"https:\/\/www.tahitiplaisirs.com\/en\/wp-json\/wp\/v2\/product_cat?post=5843"},{"taxonomy":"product_tag","embeddable":true,"href":"https:\/\/www.tahitiplaisirs.com\/en\/wp-json\/wp\/v2\/product_tag?post=5843"}],"curies":[{"name":"wp","href":"https:\/\/api.w.org\/{rel}","templated":true}]}}