{"id":5844,"date":"2025-08-15T16:14:02","date_gmt":"2025-08-16T02:14:02","guid":{"rendered":"https:\/\/www.tahitiplaisirs.com\/?post_type=product&#038;p=5844"},"modified":"2026-03-21T14:00:10","modified_gmt":"2026-03-22T00:00:10","slug":"nuisette-luvae-rouge-s-m","status":"publish","type":"product","link":"https:\/\/www.tahitiplaisirs.com\/en\/product\/nuisette-luvae-rouge-s-m\/","title":{"rendered":"Nuisette Luvae rouge S\/M"},"content":{"rendered":"","protected":false},"excerpt":{"rendered":"<p>Nuisette Luvae rouge S\/M de Obsessive<\/p>\n<p>L&rsquo;ensemble Luvae est compos\u00e9 d&rsquo;une nuisette rouge courte et \u00e9vas\u00e9e avec des \u00e9l\u00e9ments d\u00e9coratifs dans le d\u00e9collet\u00e9 et de son string assorti.<\/p>\n<p><span lang=\"fr\" xml:lang=\"fr\">Le soutien-gorge est doux avec des armatures pour plus de confort.<\/span><\/p>\n<p>Le tissu est a\u00e9r\u00e9, doux <span lang=\"fr\" xml:lang=\"fr\">avec solution Multistretch.<\/span><\/p>\n<p>Les bretelles <span lang=\"fr\" xml:lang=\"fr\">d\u00e9coratives sont r\u00e9glables pour un ajustement parfait <\/span>.<\/p>\n<p><span lang=\"fr\" xml:lang=\"fr\">Une coupe sexy dans le dos <\/span>avec sa fermeture <span lang=\"fr\" xml:lang=\"fr\">r\u00e9glable.<\/span><\/p>","protected":false},"featured_media":9137,"template":"","meta":[],"product_brand":[92],"product_cat":[73,74],"product_tag":[],"class_list":{"0":"post-5844","1":"product","2":"type-product","3":"status-publish","4":"has-post-thumbnail","6":"product_brand-obsessive","7":"product_cat-lingerie-sexy","8":"product_cat-nuisettes-bodys-et-set","11":"instock","12":"taxable","13":"shipping-taxable","14":"purchasable","15":"product-type-simple","16":"product-grid-view"},"_links":{"self":[{"href":"https:\/\/www.tahitiplaisirs.com\/en\/wp-json\/wp\/v2\/product\/5844","targetHints":{"allow":["GET"]}}],"collection":[{"href":"https:\/\/www.tahitiplaisirs.com\/en\/wp-json\/wp\/v2\/product"}],"about":[{"href":"https:\/\/www.tahitiplaisirs.com\/en\/wp-json\/wp\/v2\/types\/product"}],"version-history":[{"count":2,"href":"https:\/\/www.tahitiplaisirs.com\/en\/wp-json\/wp\/v2\/product\/5844\/revisions"}],"predecessor-version":[{"id":9139,"href":"https:\/\/www.tahitiplaisirs.com\/en\/wp-json\/wp\/v2\/product\/5844\/revisions\/9139"}],"wp:featuredmedia":[{"embeddable":true,"href":"https:\/\/www.tahitiplaisirs.com\/en\/wp-json\/wp\/v2\/media\/9137"}],"wp:attachment":[{"href":"https:\/\/www.tahitiplaisirs.com\/en\/wp-json\/wp\/v2\/media?parent=5844"}],"wp:term":[{"taxonomy":"product_brand","embeddable":true,"href":"https:\/\/www.tahitiplaisirs.com\/en\/wp-json\/wp\/v2\/product_brand?post=5844"},{"taxonomy":"product_cat","embeddable":true,"href":"https:\/\/www.tahitiplaisirs.com\/en\/wp-json\/wp\/v2\/product_cat?post=5844"},{"taxonomy":"product_tag","embeddable":true,"href":"https:\/\/www.tahitiplaisirs.com\/en\/wp-json\/wp\/v2\/product_tag?post=5844"}],"curies":[{"name":"wp","href":"https:\/\/api.w.org\/{rel}","templated":true}]}}