{"id":5845,"date":"2025-08-15T16:14:02","date_gmt":"2025-08-16T02:14:02","guid":{"rendered":"https:\/\/www.tahitiplaisirs.com\/?post_type=product&#038;p=5845"},"modified":"2026-04-10T10:35:04","modified_gmt":"2026-04-10T20:35:04","slug":"body-noir-bellastia-xs-s","status":"publish","type":"product","link":"https:\/\/www.tahitiplaisirs.com\/en\/product\/body-noir-bellastia-xs-s\/","title":{"rendered":"Body noir Bellastia XS\/S"},"content":{"rendered":"","protected":false},"excerpt":{"rendered":"<p><span class=\"HwtZe\" lang=\"fr\" xml:lang=\"fr\"><span class=\"jCAhz ChMk0b\"><span class=\"ryNqvb\">Body noir Bellastia XS\/S de Obsessive<\/span><\/span><\/span><\/p>\n<p>Bellastia est un body noir sensuel avec <span class=\"HwtZe\" lang=\"fr\" xml:lang=\"fr\"><span class=\"jCAhz ChMk0b\"><span class=\"ryNqvb\">une coupe classique qui accentue les courbes f\u00e9minines.<\/span><\/span><\/span><\/p>\n<p><span class=\"HwtZe\" lang=\"fr\" xml:lang=\"fr\"><span class=\"jCAhz ChMk0b\"><span class=\"ryNqvb\">Il est dot\u00e9 d&rsquo;armatures soulignant parfaitement la poitrines, et s&rsquo;<\/span><\/span><\/span><span class=\"HwtZe\" lang=\"fr\" xml:lang=\"fr\"><span class=\"jCAhz ChMk0b\"><span class=\"ryNqvb\">ajuste gr\u00e2ce aux bretelles r\u00e9glables et \u00e0 la fermeture \u00e0 plusieurs niveaux.<\/span><\/span><\/span><\/p>\n<p><span class=\"HwtZe\" lang=\"fr\" xml:lang=\"fr\"><span class=\"jCAhz ChMk0b\"><span class=\"ryNqvb\">Fermeture r\u00e9glable \u00e0 l&rsquo;entrejambe<\/span><\/span><\/span><\/p>\n<p><span class=\"HwtZe\" lang=\"fr\" xml:lang=\"fr\"><span class=\"jCAhz ChMk0b\"><span class=\"ryNqvb\">Fabriqu\u00e9 en dentelle et tissu \u00e9lastique, une combinaison parfaite (85% polyamide, 15% \u00e9lasthanne).<\/span><\/span><\/span><\/p>","protected":false},"featured_media":9587,"template":"","meta":[],"product_brand":[92],"product_cat":[73,74],"product_tag":[],"class_list":{"0":"post-5845","1":"product","2":"type-product","3":"status-publish","4":"has-post-thumbnail","6":"product_brand-obsessive","7":"product_cat-lingerie-sexy","8":"product_cat-nuisettes-bodys-et-set","11":"instock","12":"taxable","13":"shipping-taxable","14":"purchasable","15":"product-type-simple","16":"product-grid-view"},"_links":{"self":[{"href":"https:\/\/www.tahitiplaisirs.com\/en\/wp-json\/wp\/v2\/product\/5845","targetHints":{"allow":["GET"]}}],"collection":[{"href":"https:\/\/www.tahitiplaisirs.com\/en\/wp-json\/wp\/v2\/product"}],"about":[{"href":"https:\/\/www.tahitiplaisirs.com\/en\/wp-json\/wp\/v2\/types\/product"}],"version-history":[{"count":3,"href":"https:\/\/www.tahitiplaisirs.com\/en\/wp-json\/wp\/v2\/product\/5845\/revisions"}],"predecessor-version":[{"id":9589,"href":"https:\/\/www.tahitiplaisirs.com\/en\/wp-json\/wp\/v2\/product\/5845\/revisions\/9589"}],"wp:featuredmedia":[{"embeddable":true,"href":"https:\/\/www.tahitiplaisirs.com\/en\/wp-json\/wp\/v2\/media\/9587"}],"wp:attachment":[{"href":"https:\/\/www.tahitiplaisirs.com\/en\/wp-json\/wp\/v2\/media?parent=5845"}],"wp:term":[{"taxonomy":"product_brand","embeddable":true,"href":"https:\/\/www.tahitiplaisirs.com\/en\/wp-json\/wp\/v2\/product_brand?post=5845"},{"taxonomy":"product_cat","embeddable":true,"href":"https:\/\/www.tahitiplaisirs.com\/en\/wp-json\/wp\/v2\/product_cat?post=5845"},{"taxonomy":"product_tag","embeddable":true,"href":"https:\/\/www.tahitiplaisirs.com\/en\/wp-json\/wp\/v2\/product_tag?post=5845"}],"curies":[{"name":"wp","href":"https:\/\/api.w.org\/{rel}","templated":true}]}}