{"id":5848,"date":"2025-08-15T16:14:02","date_gmt":"2025-08-16T02:14:02","guid":{"rendered":"https:\/\/www.tahitiplaisirs.com\/?post_type=product&#038;p=5848"},"modified":"2026-03-04T10:43:10","modified_gmt":"2026-03-04T20:43:10","slug":"body-blanc-dentelle-kl-s-l","status":"publish","type":"product","link":"https:\/\/www.tahitiplaisirs.com\/en\/product\/body-blanc-dentelle-kl-s-l\/","title":{"rendered":"Body blanc dentelle KL S-L"},"content":{"rendered":"","protected":false},"excerpt":{"rendered":"<p>Body blanc dentelle S-L de Killer Legs<\/p>\n<p><span dir=\"auto\">Mettez en valeur vos courbes de r\u00eave avec ce body blanc \u00e0 fines bretelles !<\/span><\/p>\n<p><span dir=\"auto\">Ce body a un d\u00e9collet\u00e9 droit, un empi\u00e8cement ouvert sur le devant orn\u00e9 de r\u00e9sille crois\u00e9e.<\/span><\/p>\n<p><span dir=\"auto\">Le bustier est transparent, les jarreti\u00e8res sont int\u00e9gr\u00e9es et les bas cuissardes sont transparents.<\/span><\/p>\n<p><span dir=\"auto\">Culotte non incluse.<\/span><\/p>\n<p>Composition\u00a0: 92\u00a0% nylon, 8\u00a0% \u00e9lasthanne<\/p>","protected":false},"featured_media":10230,"template":"","meta":[],"product_brand":[136],"product_cat":[73,74],"product_tag":[],"class_list":{"0":"post-5848","1":"product","2":"type-product","3":"status-publish","4":"has-post-thumbnail","6":"product_brand-killer-legs","7":"product_cat-lingerie-sexy","8":"product_cat-nuisettes-bodys-et-set","11":"instock","12":"taxable","13":"shipping-taxable","14":"purchasable","15":"product-type-simple","16":"product-grid-view"},"_links":{"self":[{"href":"https:\/\/www.tahitiplaisirs.com\/en\/wp-json\/wp\/v2\/product\/5848","targetHints":{"allow":["GET"]}}],"collection":[{"href":"https:\/\/www.tahitiplaisirs.com\/en\/wp-json\/wp\/v2\/product"}],"about":[{"href":"https:\/\/www.tahitiplaisirs.com\/en\/wp-json\/wp\/v2\/types\/product"}],"version-history":[{"count":3,"href":"https:\/\/www.tahitiplaisirs.com\/en\/wp-json\/wp\/v2\/product\/5848\/revisions"}],"predecessor-version":[{"id":10242,"href":"https:\/\/www.tahitiplaisirs.com\/en\/wp-json\/wp\/v2\/product\/5848\/revisions\/10242"}],"wp:featuredmedia":[{"embeddable":true,"href":"https:\/\/www.tahitiplaisirs.com\/en\/wp-json\/wp\/v2\/media\/10230"}],"wp:attachment":[{"href":"https:\/\/www.tahitiplaisirs.com\/en\/wp-json\/wp\/v2\/media?parent=5848"}],"wp:term":[{"taxonomy":"product_brand","embeddable":true,"href":"https:\/\/www.tahitiplaisirs.com\/en\/wp-json\/wp\/v2\/product_brand?post=5848"},{"taxonomy":"product_cat","embeddable":true,"href":"https:\/\/www.tahitiplaisirs.com\/en\/wp-json\/wp\/v2\/product_cat?post=5848"},{"taxonomy":"product_tag","embeddable":true,"href":"https:\/\/www.tahitiplaisirs.com\/en\/wp-json\/wp\/v2\/product_tag?post=5848"}],"curies":[{"name":"wp","href":"https:\/\/api.w.org\/{rel}","templated":true}]}}