{"id":5849,"date":"2026-02-09T12:10:02","date_gmt":"2026-02-09T22:10:02","guid":{"rendered":"https:\/\/www.tahitiplaisirs.com\/?post_type=product&#038;p=5849"},"modified":"2026-02-12T15:01:04","modified_gmt":"2026-02-13T01:01:04","slug":"plug-bijou-hereiti","status":"publish","type":"product","link":"https:\/\/www.tahitiplaisirs.com\/en\/product\/plug-bijou-hereiti\/","title":{"rendered":"Plug bijou Hereiti"},"content":{"rendered":"","protected":false},"excerpt":{"rendered":"<p>Plug bijou Hereiti<\/p>\n<p>Hereiti est une pi\u00e8ce unique fa\u00e7onn\u00e9e \u00e0 partir de la pierre de la Papeno&rsquo;o.<\/p>\n<p>Con\u00e7u pour offrir une exp\u00e9rience in\u00e9gal\u00e9e, ce plug bijou ne manquera pas de s\u00e9duire les amateurs de sensations intenses.<\/p>\n<p>Avec sa taille S, mesurant 7,5 cm de long et 3 cm de diam\u00e8tre pour un poids total de 210 g, ce plug en acier inoxydable de grade m\u00e9dical, garantit \u00e0 la fois s\u00e9curit\u00e9 et durabilit\u00e9.<\/p>\n<p>Tahiti Plaisirs vous invite \u00e0 d\u00e9couvrir cette pi\u00e8ce unique qui marie artisanship et plaisir intime.<\/p>","protected":false},"featured_media":10876,"template":"","meta":[],"product_brand":[],"product_cat":[62,47],"product_tag":[],"class_list":{"0":"post-5849","1":"product","2":"type-product","3":"status-publish","4":"has-post-thumbnail","6":"product_cat-plaisir-anal","7":"product_cat-sextoys","10":"instock","11":"taxable","12":"shipping-taxable","13":"purchasable","14":"product-type-simple","15":"product-grid-view"},"_links":{"self":[{"href":"https:\/\/www.tahitiplaisirs.com\/en\/wp-json\/wp\/v2\/product\/5849","targetHints":{"allow":["GET"]}}],"collection":[{"href":"https:\/\/www.tahitiplaisirs.com\/en\/wp-json\/wp\/v2\/product"}],"about":[{"href":"https:\/\/www.tahitiplaisirs.com\/en\/wp-json\/wp\/v2\/types\/product"}],"version-history":[{"count":5,"href":"https:\/\/www.tahitiplaisirs.com\/en\/wp-json\/wp\/v2\/product\/5849\/revisions"}],"predecessor-version":[{"id":10900,"href":"https:\/\/www.tahitiplaisirs.com\/en\/wp-json\/wp\/v2\/product\/5849\/revisions\/10900"}],"wp:featuredmedia":[{"embeddable":true,"href":"https:\/\/www.tahitiplaisirs.com\/en\/wp-json\/wp\/v2\/media\/10876"}],"wp:attachment":[{"href":"https:\/\/www.tahitiplaisirs.com\/en\/wp-json\/wp\/v2\/media?parent=5849"}],"wp:term":[{"taxonomy":"product_brand","embeddable":true,"href":"https:\/\/www.tahitiplaisirs.com\/en\/wp-json\/wp\/v2\/product_brand?post=5849"},{"taxonomy":"product_cat","embeddable":true,"href":"https:\/\/www.tahitiplaisirs.com\/en\/wp-json\/wp\/v2\/product_cat?post=5849"},{"taxonomy":"product_tag","embeddable":true,"href":"https:\/\/www.tahitiplaisirs.com\/en\/wp-json\/wp\/v2\/product_tag?post=5849"}],"curies":[{"name":"wp","href":"https:\/\/api.w.org\/{rel}","templated":true}]}}