{"id":5851,"date":"2025-08-15T16:14:02","date_gmt":"2025-08-16T02:14:02","guid":{"rendered":"https:\/\/www.tahitiplaisirs.com\/?post_type=product&#038;p=5851"},"modified":"2026-04-02T14:00:09","modified_gmt":"2026-04-03T00:00:09","slug":"robe-noire-dentelle-kl-s-l","status":"publish","type":"product","link":"https:\/\/www.tahitiplaisirs.com\/en\/product\/robe-noire-dentelle-kl-s-l\/","title":{"rendered":"Robe noire dentelle KL S-L"},"content":{"rendered":"","protected":false},"excerpt":{"rendered":"<p>Robe noire dentelle S-L de Killer Legs<\/p>\n<p>Votre partenaire sera envo\u00fbt\u00e9(e) par vos courbes gr\u00e2ce \u00e0 ce body !<\/p>\n<p>Ce mod\u00e8le pr\u00e9sente de fines bretelles, un bustier d\u00e9coup\u00e9 et une mini robe en dentelle transparente, ainsi que des collants r\u00e9sille avec porte-jarretelles int\u00e9gr\u00e9.<\/p>\n<p>String non inclus.<\/p>\n<p>Composition : 92 % nylon, 8 % \u00e9lasthanne.<\/p>","protected":false},"featured_media":10234,"template":"","meta":[],"product_brand":[136],"product_cat":[73,74],"product_tag":[],"class_list":{"0":"post-5851","1":"product","2":"type-product","3":"status-publish","4":"has-post-thumbnail","6":"product_brand-killer-legs","7":"product_cat-lingerie-sexy","8":"product_cat-nuisettes-bodys-et-set","11":"instock","12":"taxable","13":"shipping-taxable","14":"purchasable","15":"product-type-simple","16":"product-grid-view"},"_links":{"self":[{"href":"https:\/\/www.tahitiplaisirs.com\/en\/wp-json\/wp\/v2\/product\/5851","targetHints":{"allow":["GET"]}}],"collection":[{"href":"https:\/\/www.tahitiplaisirs.com\/en\/wp-json\/wp\/v2\/product"}],"about":[{"href":"https:\/\/www.tahitiplaisirs.com\/en\/wp-json\/wp\/v2\/types\/product"}],"version-history":[{"count":4,"href":"https:\/\/www.tahitiplaisirs.com\/en\/wp-json\/wp\/v2\/product\/5851\/revisions"}],"predecessor-version":[{"id":10245,"href":"https:\/\/www.tahitiplaisirs.com\/en\/wp-json\/wp\/v2\/product\/5851\/revisions\/10245"}],"wp:featuredmedia":[{"embeddable":true,"href":"https:\/\/www.tahitiplaisirs.com\/en\/wp-json\/wp\/v2\/media\/10234"}],"wp:attachment":[{"href":"https:\/\/www.tahitiplaisirs.com\/en\/wp-json\/wp\/v2\/media?parent=5851"}],"wp:term":[{"taxonomy":"product_brand","embeddable":true,"href":"https:\/\/www.tahitiplaisirs.com\/en\/wp-json\/wp\/v2\/product_brand?post=5851"},{"taxonomy":"product_cat","embeddable":true,"href":"https:\/\/www.tahitiplaisirs.com\/en\/wp-json\/wp\/v2\/product_cat?post=5851"},{"taxonomy":"product_tag","embeddable":true,"href":"https:\/\/www.tahitiplaisirs.com\/en\/wp-json\/wp\/v2\/product_tag?post=5851"}],"curies":[{"name":"wp","href":"https:\/\/api.w.org\/{rel}","templated":true}]}}