{"id":5852,"date":"2026-01-26T13:24:02","date_gmt":"2026-01-26T23:24:02","guid":{"rendered":"https:\/\/www.tahitiplaisirs.com\/?post_type=product&#038;p=5852"},"modified":"2026-03-04T09:31:03","modified_gmt":"2026-03-04T19:31:03","slug":"set-leopard-style-11837-dg-s-l","status":"publish","type":"product","link":"https:\/\/www.tahitiplaisirs.com\/en\/product\/set-leopard-style-11837-dg-s-l\/","title":{"rendered":"Set leopard style 11837 DG S-L"},"content":{"rendered":"","protected":false},"excerpt":{"rendered":"<p>Set l\u00e9opard S-L de Dreamgirl<\/p>\n<p><span dir=\"auto\">Ensemble 3 pi\u00e8ces compos\u00e9 :<\/span><\/p>\n<ul>\n<li><span dir=\"auto\">d&rsquo;une brassi\u00e8re \u00e0 bretelles r\u00e9glables, fines en maille et tissu stretch imprim\u00e9 animal<\/span><\/li>\n<li><span dir=\"auto\">de sa jupe imprim\u00e9e<\/span><\/li>\n<li><span dir=\"auto\">de son string assorti<\/span><\/li>\n<\/ul>\n<p><span dir=\"auto\">Soutien-gorge\/jupe : Maille\/Dentelle : 90 % nylon, 10 % \u00e9lasthanne<\/span><\/p>\n<p><span dir=\"auto\">String : Maille : 90 % nylon, 10 % \u00e9lasthanne<\/span><\/p>\n<p>&nbsp;<\/p>","protected":false},"featured_media":10644,"template":"","meta":[],"product_brand":[113],"product_cat":[73,74],"product_tag":[],"class_list":{"0":"post-5852","1":"product","2":"type-product","3":"status-publish","4":"has-post-thumbnail","6":"product_brand-dreamgirl","7":"product_cat-lingerie-sexy","8":"product_cat-nuisettes-bodys-et-set","11":"instock","12":"taxable","13":"shipping-taxable","14":"purchasable","15":"product-type-simple","16":"product-grid-view"},"_links":{"self":[{"href":"https:\/\/www.tahitiplaisirs.com\/en\/wp-json\/wp\/v2\/product\/5852","targetHints":{"allow":["GET"]}}],"collection":[{"href":"https:\/\/www.tahitiplaisirs.com\/en\/wp-json\/wp\/v2\/product"}],"about":[{"href":"https:\/\/www.tahitiplaisirs.com\/en\/wp-json\/wp\/v2\/types\/product"}],"version-history":[{"count":3,"href":"https:\/\/www.tahitiplaisirs.com\/en\/wp-json\/wp\/v2\/product\/5852\/revisions"}],"predecessor-version":[{"id":10646,"href":"https:\/\/www.tahitiplaisirs.com\/en\/wp-json\/wp\/v2\/product\/5852\/revisions\/10646"}],"wp:featuredmedia":[{"embeddable":true,"href":"https:\/\/www.tahitiplaisirs.com\/en\/wp-json\/wp\/v2\/media\/10644"}],"wp:attachment":[{"href":"https:\/\/www.tahitiplaisirs.com\/en\/wp-json\/wp\/v2\/media?parent=5852"}],"wp:term":[{"taxonomy":"product_brand","embeddable":true,"href":"https:\/\/www.tahitiplaisirs.com\/en\/wp-json\/wp\/v2\/product_brand?post=5852"},{"taxonomy":"product_cat","embeddable":true,"href":"https:\/\/www.tahitiplaisirs.com\/en\/wp-json\/wp\/v2\/product_cat?post=5852"},{"taxonomy":"product_tag","embeddable":true,"href":"https:\/\/www.tahitiplaisirs.com\/en\/wp-json\/wp\/v2\/product_tag?post=5852"}],"curies":[{"name":"wp","href":"https:\/\/api.w.org\/{rel}","templated":true}]}}