{"id":5853,"date":"2025-12-16T16:14:02","date_gmt":"2025-12-17T02:14:02","guid":{"rendered":"https:\/\/www.tahitiplaisirs.com\/?post_type=product&#038;p=5853"},"modified":"2026-03-04T09:32:03","modified_gmt":"2026-03-04T19:32:03","slug":"nuisette-raspberry-style-11516-dg-s-l","status":"publish","type":"product","link":"https:\/\/www.tahitiplaisirs.com\/en\/product\/nuisette-raspberry-style-11516-dg-s-l\/","title":{"rendered":"Nuisette Raspberry style 11516 DG S-L"},"content":{"rendered":"","protected":false},"excerpt":{"rendered":"<p>Nuisette Raspberry S-L de Dreamgirl<\/p>\n<p>Cette nuisette en maille stretch et dentelle est incroyablement sexy !<\/p>\n<p>Elle pr\u00e9sente un d\u00e9collet\u00e9 plongeant et un la\u00e7age \u00e9lastique effet cuir.<\/p>\n<p>Ses bretelles sont r\u00e9glables et le dos en U avec fermeture \u00e0 nouer.<\/p>\n<p>String assorti inclus.<\/p>","protected":false},"featured_media":10642,"template":"","meta":[],"product_brand":[113],"product_cat":[73,74],"product_tag":[],"class_list":{"0":"post-5853","1":"product","2":"type-product","3":"status-publish","4":"has-post-thumbnail","6":"product_brand-dreamgirl","7":"product_cat-lingerie-sexy","8":"product_cat-nuisettes-bodys-et-set","11":"instock","12":"taxable","13":"shipping-taxable","14":"purchasable","15":"product-type-simple","16":"product-grid-view"},"_links":{"self":[{"href":"https:\/\/www.tahitiplaisirs.com\/en\/wp-json\/wp\/v2\/product\/5853","targetHints":{"allow":["GET"]}}],"collection":[{"href":"https:\/\/www.tahitiplaisirs.com\/en\/wp-json\/wp\/v2\/product"}],"about":[{"href":"https:\/\/www.tahitiplaisirs.com\/en\/wp-json\/wp\/v2\/types\/product"}],"version-history":[{"count":3,"href":"https:\/\/www.tahitiplaisirs.com\/en\/wp-json\/wp\/v2\/product\/5853\/revisions"}],"predecessor-version":[{"id":10648,"href":"https:\/\/www.tahitiplaisirs.com\/en\/wp-json\/wp\/v2\/product\/5853\/revisions\/10648"}],"wp:featuredmedia":[{"embeddable":true,"href":"https:\/\/www.tahitiplaisirs.com\/en\/wp-json\/wp\/v2\/media\/10642"}],"wp:attachment":[{"href":"https:\/\/www.tahitiplaisirs.com\/en\/wp-json\/wp\/v2\/media?parent=5853"}],"wp:term":[{"taxonomy":"product_brand","embeddable":true,"href":"https:\/\/www.tahitiplaisirs.com\/en\/wp-json\/wp\/v2\/product_brand?post=5853"},{"taxonomy":"product_cat","embeddable":true,"href":"https:\/\/www.tahitiplaisirs.com\/en\/wp-json\/wp\/v2\/product_cat?post=5853"},{"taxonomy":"product_tag","embeddable":true,"href":"https:\/\/www.tahitiplaisirs.com\/en\/wp-json\/wp\/v2\/product_tag?post=5853"}],"curies":[{"name":"wp","href":"https:\/\/api.w.org\/{rel}","templated":true}]}}