{"id":5886,"date":"2025-08-15T16:14:06","date_gmt":"2025-08-16T02:14:06","guid":{"rendered":"https:\/\/www.tahitiplaisirs.com\/?post_type=product&#038;p=5886"},"modified":"2026-03-21T14:00:07","modified_gmt":"2026-03-22T00:00:07","slug":"22-days-for-men","status":"publish","type":"product","link":"https:\/\/www.tahitiplaisirs.com\/en\/product\/22-days-for-men\/","title":{"rendered":"22 Days for men"},"content":{"rendered":"","protected":false},"excerpt":{"rendered":"<p>22 Days for men<\/p>\n<p>22 Days est un compl\u00e9ment alimentaire qui contribue \u00e0 augmenter l&rsquo;apport sanguin vers le p\u00e9nis ce qui permet une \u00e9rection plus forte et plus stable et donc d&rsquo;augmenter le d\u00e9sir sexuel.<\/p>\n<div id=\"product-description\">\n<div id=\"description\">\n<div id=\"description-collapsible\">\n<p>Utilisation :\u00a0boire 1 \u00e0 2 g\u00e9lules par jour. La dose maximale est de 2 g\u00e9lules.<\/p>\n<div>\n<div><\/div>\n<\/div>\n<p>*Ce compl\u00e9ment nutritionnel ne doit pas \u00eatre utilis\u00e9 comme substitut alimentaire. Ne d\u00e9passez pas la dose recommand\u00e9e. Conserver hors de port\u00e9e des enfants.<\/p>\n<\/div>\n<\/div>\n<\/div>","protected":false},"featured_media":6857,"template":"","meta":[],"product_brand":[],"product_cat":[49,51,55],"product_tag":[],"class_list":{"0":"post-5886","1":"product","2":"type-product","3":"status-publish","4":"has-post-thumbnail","6":"product_cat-bien-etre","7":"product_cat-pour-lui","8":"product_cat-stimulants-hommes","11":"instock","12":"taxable","13":"shipping-taxable","14":"purchasable","15":"product-type-simple","16":"product-grid-view"},"_links":{"self":[{"href":"https:\/\/www.tahitiplaisirs.com\/en\/wp-json\/wp\/v2\/product\/5886","targetHints":{"allow":["GET"]}}],"collection":[{"href":"https:\/\/www.tahitiplaisirs.com\/en\/wp-json\/wp\/v2\/product"}],"about":[{"href":"https:\/\/www.tahitiplaisirs.com\/en\/wp-json\/wp\/v2\/types\/product"}],"version-history":[{"count":1,"href":"https:\/\/www.tahitiplaisirs.com\/en\/wp-json\/wp\/v2\/product\/5886\/revisions"}],"predecessor-version":[{"id":5916,"href":"https:\/\/www.tahitiplaisirs.com\/en\/wp-json\/wp\/v2\/product\/5886\/revisions\/5916"}],"wp:featuredmedia":[{"embeddable":true,"href":"https:\/\/www.tahitiplaisirs.com\/en\/wp-json\/wp\/v2\/media\/6857"}],"wp:attachment":[{"href":"https:\/\/www.tahitiplaisirs.com\/en\/wp-json\/wp\/v2\/media?parent=5886"}],"wp:term":[{"taxonomy":"product_brand","embeddable":true,"href":"https:\/\/www.tahitiplaisirs.com\/en\/wp-json\/wp\/v2\/product_brand?post=5886"},{"taxonomy":"product_cat","embeddable":true,"href":"https:\/\/www.tahitiplaisirs.com\/en\/wp-json\/wp\/v2\/product_cat?post=5886"},{"taxonomy":"product_tag","embeddable":true,"href":"https:\/\/www.tahitiplaisirs.com\/en\/wp-json\/wp\/v2\/product_tag?post=5886"}],"curies":[{"name":"wp","href":"https:\/\/api.w.org\/{rel}","templated":true}]}}