{"id":5889,"date":"2025-08-15T16:14:06","date_gmt":"2025-08-16T02:14:06","guid":{"rendered":"https:\/\/www.tahitiplaisirs.com\/?post_type=product&#038;p=5889"},"modified":"2026-04-10T10:02:02","modified_gmt":"2026-04-10T20:02:02","slug":"china-nympho-cream-0-5oz","status":"publish","type":"product","link":"https:\/\/www.tahitiplaisirs.com\/en\/product\/china-nympho-cream-0-5oz\/","title":{"rendered":"China Nympho Cream 0.5oz"},"content":{"rendered":"","protected":false},"excerpt":{"rendered":"<p dir=\"ltr\" data-placeholder=\"Traduction\" data-ved=\"2ahUKEwjzv-uMufuKAxVeMtAFHbtTON8Q3ewLegQIChAU\" aria-label=\"Texte traduit\u00a0: Augmentez la sensibilit\u00e9 clitoridienne avec une fine couche de cr\u00e8me China Nympho. Ce ancienne formule chinoise fera gonfler votre clitoris de d\u00e9sir pour le orgasme ultime. Appliquez simplement sur le vagin avant le rapport sexuel et l'exp\u00e9rience sensation comme jamais auparavant. Caract\u00e9ristiques * Stimulant f\u00e9minin\">Chine Nympho Cream de Nasstoys<\/p>\n<p id=\"tw-target-text\" class=\"tw-data-text tw-text-large tw-ta\" dir=\"ltr\" data-placeholder=\"Traduction\" data-ved=\"2ahUKEwi7le_n4_2KAxUHMNAFHUYUFyAQ3ewLegQIChAU\" aria-label=\"Texte traduit\u00a0: La cr\u00e8me China Nympho est con\u00e7ue pour am\u00e9liorer la sensibilit\u00e9 et l'excitation du clitoris et de la vulve, faisant de chaque contact et caresse une exp\u00e9rience \u00e9lectrisante.\"><span class=\"Y2IQFc\" lang=\"fr\">China Nympho est une cr\u00e8me stimulante sp\u00e9cialement formul\u00e9 pour femme.<\/span><\/p>\n<p class=\"tw-data-text tw-text-large tw-ta\" dir=\"ltr\" data-placeholder=\"Traduction\" data-ved=\"2ahUKEwi7le_n4_2KAxUHMNAFHUYUFyAQ3ewLegQIChAU\" aria-label=\"Texte traduit\u00a0: La cr\u00e8me China Nympho est con\u00e7ue pour am\u00e9liorer la sensibilit\u00e9 et l'excitation du clitoris et de la vulve, faisant de chaque contact et caresse une exp\u00e9rience \u00e9lectrisante.\"><span class=\"Y2IQFc\" lang=\"fr\">Elle augmente la sensibilit\u00e9 du clitoris et de la vulve, faisant de chaque contact et caresse une exp\u00e9rience \u00e9lectrisante.<\/span><\/p>","protected":false},"featured_media":6853,"template":"","meta":[],"product_brand":[],"product_cat":[49,63,67],"product_tag":[],"class_list":{"0":"post-5889","1":"product","2":"type-product","3":"status-publish","4":"has-post-thumbnail","6":"product_cat-bien-etre","7":"product_cat-pour-elle","8":"product_cat-stimulants-femmes","11":"instock","12":"taxable","13":"shipping-taxable","14":"purchasable","15":"product-type-simple","16":"product-grid-view"},"_links":{"self":[{"href":"https:\/\/www.tahitiplaisirs.com\/en\/wp-json\/wp\/v2\/product\/5889","targetHints":{"allow":["GET"]}}],"collection":[{"href":"https:\/\/www.tahitiplaisirs.com\/en\/wp-json\/wp\/v2\/product"}],"about":[{"href":"https:\/\/www.tahitiplaisirs.com\/en\/wp-json\/wp\/v2\/types\/product"}],"version-history":[{"count":2,"href":"https:\/\/www.tahitiplaisirs.com\/en\/wp-json\/wp\/v2\/product\/5889\/revisions"}],"predecessor-version":[{"id":6859,"href":"https:\/\/www.tahitiplaisirs.com\/en\/wp-json\/wp\/v2\/product\/5889\/revisions\/6859"}],"wp:featuredmedia":[{"embeddable":true,"href":"https:\/\/www.tahitiplaisirs.com\/en\/wp-json\/wp\/v2\/media\/6853"}],"wp:attachment":[{"href":"https:\/\/www.tahitiplaisirs.com\/en\/wp-json\/wp\/v2\/media?parent=5889"}],"wp:term":[{"taxonomy":"product_brand","embeddable":true,"href":"https:\/\/www.tahitiplaisirs.com\/en\/wp-json\/wp\/v2\/product_brand?post=5889"},{"taxonomy":"product_cat","embeddable":true,"href":"https:\/\/www.tahitiplaisirs.com\/en\/wp-json\/wp\/v2\/product_cat?post=5889"},{"taxonomy":"product_tag","embeddable":true,"href":"https:\/\/www.tahitiplaisirs.com\/en\/wp-json\/wp\/v2\/product_tag?post=5889"}],"curies":[{"name":"wp","href":"https:\/\/api.w.org\/{rel}","templated":true}]}}