{"id":5891,"date":"2025-08-15T16:14:06","date_gmt":"2025-08-16T02:14:06","guid":{"rendered":"https:\/\/www.tahitiplaisirs.com\/?post_type=product&#038;p=5891"},"modified":"2026-02-27T13:47:02","modified_gmt":"2026-02-27T23:47:02","slug":"vibromasseur-get-real-noir-20cm","status":"publish","type":"product","link":"https:\/\/www.tahitiplaisirs.com\/en\/product\/vibromasseur-get-real-noir-20cm\/","title":{"rendered":"Vibromasseur Get Real noir 20cm"},"content":{"rendered":"","protected":false},"excerpt":{"rendered":"<p>Vibromasseur Get Real noir 20cm de Get Real by Toyjoy<\/p>\n<p>Ce vibromasseur r\u00e9alis\u00e9 en mati\u00e8re Double densit\u00e9 \u00e0 une forme droite, un gland sans pr\u00e9puce et une surface vein\u00e9e.<\/p>\n<p>Il mesure 20cm de long pour un diam\u00e8tre de 4,4cm.<\/p>\n<p>La vitesse des vibrations est ajustable.<\/p>\n<p>: \u00e0 la fois souple et ferme (mati\u00e8re TPE).<\/p>\n<p>Le fonctionnement n\u00e9cessite 2 piles AA (non fournies)<\/p>","protected":false},"featured_media":9629,"template":"","meta":[],"product_brand":[118],"product_cat":[47,64],"product_tag":[],"class_list":{"0":"post-5891","1":"product","2":"type-product","3":"status-publish","4":"has-post-thumbnail","6":"product_brand-get-real","7":"product_cat-sextoys","8":"product_cat-vibromasseurs","11":"instock","12":"taxable","13":"shipping-taxable","14":"purchasable","15":"product-type-simple","16":"product-grid-view"},"_links":{"self":[{"href":"https:\/\/www.tahitiplaisirs.com\/en\/wp-json\/wp\/v2\/product\/5891","targetHints":{"allow":["GET"]}}],"collection":[{"href":"https:\/\/www.tahitiplaisirs.com\/en\/wp-json\/wp\/v2\/product"}],"about":[{"href":"https:\/\/www.tahitiplaisirs.com\/en\/wp-json\/wp\/v2\/types\/product"}],"version-history":[{"count":3,"href":"https:\/\/www.tahitiplaisirs.com\/en\/wp-json\/wp\/v2\/product\/5891\/revisions"}],"predecessor-version":[{"id":9633,"href":"https:\/\/www.tahitiplaisirs.com\/en\/wp-json\/wp\/v2\/product\/5891\/revisions\/9633"}],"wp:featuredmedia":[{"embeddable":true,"href":"https:\/\/www.tahitiplaisirs.com\/en\/wp-json\/wp\/v2\/media\/9629"}],"wp:attachment":[{"href":"https:\/\/www.tahitiplaisirs.com\/en\/wp-json\/wp\/v2\/media?parent=5891"}],"wp:term":[{"taxonomy":"product_brand","embeddable":true,"href":"https:\/\/www.tahitiplaisirs.com\/en\/wp-json\/wp\/v2\/product_brand?post=5891"},{"taxonomy":"product_cat","embeddable":true,"href":"https:\/\/www.tahitiplaisirs.com\/en\/wp-json\/wp\/v2\/product_cat?post=5891"},{"taxonomy":"product_tag","embeddable":true,"href":"https:\/\/www.tahitiplaisirs.com\/en\/wp-json\/wp\/v2\/product_tag?post=5891"}],"curies":[{"name":"wp","href":"https:\/\/api.w.org\/{rel}","templated":true}]}}