{"id":5899,"date":"2025-08-15T16:14:06","date_gmt":"2025-08-16T02:14:06","guid":{"rendered":"https:\/\/www.tahitiplaisirs.com\/?post_type=product&#038;p=5899"},"modified":"2026-03-21T13:59:12","modified_gmt":"2026-03-21T23:59:12","slug":"fisting-gel-ultrax-eros-100ml","status":"publish","type":"product","link":"https:\/\/www.tahitiplaisirs.com\/en\/product\/fisting-gel-ultrax-eros-100ml\/","title":{"rendered":"Fisting gel ultraX 100ml"},"content":{"rendered":"","protected":false},"excerpt":{"rendered":"<p>Fisting gel ultraX 100ml de Eros<\/p>\n<p>Le lubrifiant Fisting gel ultraX est formul\u00e9 \u00e0 base de silicone et d\u2019eau.<\/p>\n<p>Ce lubrifiant longue dur\u00e9e aide \u00e0 rendre les zones \u00e9rog\u00e8nes moins sensibles, il facilite la p\u00e9n\u00e9tration anale.<\/p>\n<p>Il ne tache pas, ne colle pas et est respectueux du latex, du caoutchouc et des autres mat\u00e9riaux.<\/p>","protected":false},"featured_media":6899,"template":"","meta":[],"product_brand":[105],"product_cat":[49,50],"product_tag":[],"class_list":{"0":"post-5899","1":"product","2":"type-product","3":"status-publish","4":"has-post-thumbnail","6":"product_brand-eros","7":"product_cat-bien-etre","8":"product_cat-lubrifiants","11":"instock","12":"taxable","13":"shipping-taxable","14":"purchasable","15":"product-type-simple","16":"product-grid-view"},"_links":{"self":[{"href":"https:\/\/www.tahitiplaisirs.com\/en\/wp-json\/wp\/v2\/product\/5899","targetHints":{"allow":["GET"]}}],"collection":[{"href":"https:\/\/www.tahitiplaisirs.com\/en\/wp-json\/wp\/v2\/product"}],"about":[{"href":"https:\/\/www.tahitiplaisirs.com\/en\/wp-json\/wp\/v2\/types\/product"}],"version-history":[{"count":2,"href":"https:\/\/www.tahitiplaisirs.com\/en\/wp-json\/wp\/v2\/product\/5899\/revisions"}],"predecessor-version":[{"id":6901,"href":"https:\/\/www.tahitiplaisirs.com\/en\/wp-json\/wp\/v2\/product\/5899\/revisions\/6901"}],"wp:featuredmedia":[{"embeddable":true,"href":"https:\/\/www.tahitiplaisirs.com\/en\/wp-json\/wp\/v2\/media\/6899"}],"wp:attachment":[{"href":"https:\/\/www.tahitiplaisirs.com\/en\/wp-json\/wp\/v2\/media?parent=5899"}],"wp:term":[{"taxonomy":"product_brand","embeddable":true,"href":"https:\/\/www.tahitiplaisirs.com\/en\/wp-json\/wp\/v2\/product_brand?post=5899"},{"taxonomy":"product_cat","embeddable":true,"href":"https:\/\/www.tahitiplaisirs.com\/en\/wp-json\/wp\/v2\/product_cat?post=5899"},{"taxonomy":"product_tag","embeddable":true,"href":"https:\/\/www.tahitiplaisirs.com\/en\/wp-json\/wp\/v2\/product_tag?post=5899"}],"curies":[{"name":"wp","href":"https:\/\/api.w.org\/{rel}","templated":true}]}}