{"id":5900,"date":"2025-08-15T16:14:06","date_gmt":"2025-08-16T02:14:06","guid":{"rendered":"https:\/\/www.tahitiplaisirs.com\/?post_type=product&#038;p=5900"},"modified":"2026-03-13T16:49:03","modified_gmt":"2026-03-14T02:49:03","slug":"andropenis-golden","status":"publish","type":"product","link":"https:\/\/www.tahitiplaisirs.com\/en\/product\/andropenis-golden\/","title":{"rendered":"Andropenis golden"},"content":{"rendered":"","protected":false},"excerpt":{"rendered":"<p>Andropenis golden de Andromedical<\/p>\n<p>L&rsquo;Andropenis est fait pour tous ceux qui veulent agrandir la taille de leur verge, il se pr\u00e9sente comme le plus r\u00e9volutionnaire des extenseurs de p\u00e9nis !<\/p>\n<p>Beaucoup d\u2019hommes sont pr\u00e9occup\u00e9s par la forme et la dimension de leur p\u00e9nis, au point de se rendre chez le m\u00e9decin pour trouver des solutions adapt\u00e9es.<\/p>\n<p>Les derni\u00e8res recherches en mati\u00e8re d\u2019urologie ont permis de r\u00e9pondre \u00e0 cette demande avec Andropenis.<\/p>\n<p>Agr\u00e9\u00e9 m\u00e9dicalement, cet extenseur est con\u00e7u pour un grossissement du p\u00e9nis permanent et visible.<\/p>\n<p>Il est certifi\u00e9 comme un appareil m\u00e9dical de type 1 disposant de la certification sanitaire CE d\u00e9livr\u00e9e par l&rsquo;Union Europ\u00e9enne.<\/p>\n<p>Il est aussi recommand\u00e9 par le corps scientifique et m\u00e9dical, et est aussi conseill\u00e9 pour corriger une courbure du p\u00e9nis, sans avoir recours \u00e0 la chirurgie (maladie de la Peyronie).<\/p>\n<p>Les r\u00e9sultats sont l\u00e0\u00a0: un agrandissement r\u00e9el d\u2019environ 0.5\u00a0 cm par mois, et ce jusqu\u2019\u00e0 4 cm\u00a0!<\/p>\n<p><strong>Le fonctionnement de votre Androp\u00e9nis Gold :<\/strong><\/p>\n<p>Cet extenseur est fait d&rsquo;un anneau attach\u00e9 \u00e0 deux barrettes m\u00e9talliques dynamiques, dans lequel s&#8217;emboite un support \u00e9quip\u00e9 d&rsquo;une bande de silicone qui permet de soutenir le gland.<\/p>\n<p>Le m\u00e9canisme \u00e9labor\u00e9 par les scientifiques permet d&rsquo;appliquer une traction r\u00e9guli\u00e8re et de longue dur\u00e9e sur la verge pour obtenir un allongement de sa taille.<\/p>\n<p>Il ne vous reste plus qu\u2019\u00e0 enfiler la base r\u00e9glable sur la verge, et faites progresser la tension au moyen des entretoises calibr\u00e9es. En fonction du r\u00e9glage, une traction entre 600 grammes et 1.5kg stimulera la croissance du ligament suspenseur, du corps caverneux et des autres tissus de votre organe. Le principe de la traction provoque une r\u00e9action d&rsquo;adaptation au niveau de la structure des composants tissulaires du p\u00e9nis, g\u00e9n\u00e9rant une multiplication cellulaire qui se traduit par une augmentation permanente de la longueur et du diam\u00e8tre du p\u00e9nis en \u00e9rection et en flaccidit\u00e9.<\/p>\n<p>L&rsquo;extenseur est d\u2019une discr\u00e9tion \u00e0 toute \u00e9preuve, vous pourrez ainsi le porter au travail, en marchant, assis ou debout du fait qu\u2019il soit tr\u00e8s confortable. De plus il est tr\u00e8s facile \u00e0 mettre et \u00e0 enlever.<\/p>\n<p><strong>La dur\u00e9e d\u2019utilisation\u00a0:<\/strong><\/p>\n<p>L&rsquo;Andropenis doit \u00eatre utilis\u00e9 en \u00e9tat de flaccidit\u00e9 durant 4 ou 9 heures par jour, avec des pauses entre temps si cela est n\u00e9cessaire.<\/p>\n<p>Vous pourrez ainsi obtenir un allongement moyen accumulatif d\u2019un demi centim\u00e8tre par mois. Vous devez le porter pendant 4 \u00e0 6 mois voire m\u00eame prolong\u00e9 le traitement, selon la croissance que vous d\u00e9sirez.<\/p>\n<p><strong>Les r\u00e9sultats apr\u00e8s utilisation de l\u2019Androp\u00e9nis Gold\u00a0:<\/strong><\/p>\n<p>Au d\u00e9but, vous remarquerez un l\u00e9ger \u00e9paississement de votre p\u00e9nis, puis une augmentation de sa longueur.<\/p>\n<p>Pour commencer, celle-ci sera essentiellement visible en \u00e9tat de flaccidit\u00e9 puis, par la suite, en \u00e9rection.<\/p>\n<p>Une fois le traitement fini, les centim\u00e8tres gagn\u00e9s seront permanents, et sans aucun effet secondaire.<\/p>\n<p>Les r\u00e9sultats sont tr\u00e8s concrets et prouv\u00e9s : 4 cm centim\u00e8tres de longueur et 1,5 cm de diam\u00e8tre de plus au repos et en \u00e9rection, avec une \u00e9rection de meilleure qualit\u00e9.<\/p>\n<p>L&rsquo;efficacit\u00e9 de ce produit est garantie scientifiquement, puisque de prestigieux urologues dans le monde ont men\u00e9 \u00e0 bien des \u00e9tudes qui d\u00e9montrent une efficacit\u00e9 de l&rsquo;Andropenis\u00ae de 97,5%.<\/p>\n<p><strong>Les points importants sur les avantages de l&rsquo;Andropenis Gold\u00a0:<\/strong><\/p>\n<p>&#8211; agrandissement permanent du p\u00e9nis jusqu&rsquo;\u00e0 4cm en flaccidit\u00e9<\/p>\n<p>&#8211; agrandissement permanent du p\u00e9nis jusqu&rsquo;\u00e0 4cm en \u00e9rection<\/p>\n<p>&#8211; accroissement de l&rsquo;\u00e9paisseur du p\u00e9nis jusqu&rsquo;\u00e0 1,5cm de diam\u00e8tre<\/p>\n<p>&#8211; efficacit\u00e9 d\u00e9montr\u00e9 par de nombreuses \u00e9tudes scientifiques<\/p>\n<p>&#8211; conseill\u00e9 par de nombreux urologues<\/p>\n<p>&#8211; pas produit superflue<\/p>\n<p>&#8211; utilisable de 18 \u00e0 65 ans<\/p>\n<p>&#8211; aucun effet secondaire<\/p>\n<p>&#8211; sans douleur<\/p>\n<p><strong>Conditions d\u2019utilisations\u00a0:<\/strong><\/p>\n<p>Votre p\u00e9nis doit mesurer au moins 8 cm en \u00e9rection.<\/p>\n<p>Vous devez \u00eatre \u00e2g\u00e9 de 18 \u00e0 65 ans<\/p>\n<p><strong>La composition de votre Androp\u00e9nis :<\/strong><\/p>\n<p>Les branches de l\u2019Androp\u00e9nis Gold sont fabriqu\u00e9es \u00e0 base de nickel et recouvertes d\u2019une couche d\u2019or de 24 carats. La silicone pr\u00e9sente sur l\u2019appareil, notamment sur la boucle, est \u00e0 usage m\u00e9dical tr\u00e8s hygi\u00e9nique.<br \/>\nLes tubes d\u2019extension sont en aluminium chirurgical, les ressorts sont en acier l\u00e9ger.<\/p>\n<p>Appareil inoxydable et hygi\u00e9nique, lavable \u00e0 l&rsquo;eau et au savon.<\/p>\n<p>Le fabricant,\u00a0Andromedical, poss\u00e8de un certificat de gestion de la qualit\u00e9 ISO 9001:2008 ainsi que le certificat de fabrication de dispositifs m\u00e9dicaux ISO 13485:2003.<\/p>\n<p><strong>Dr Faix<\/strong>,\u00a0Andrologue, Sexologue et directeur du Centre M\u00e9diterran\u00e9en pour la Sexologie et l&rsquo;Andrologie, France ; \u00e9galement, urologue \u00e0 la clinique Beausoleil de Montpellier (France) :<\/p>\n<p><em>\u00ab\u00a0Je recommande cet appareil \u00e0 mes patients pour la maladie de la Peyronie et l&rsquo;allongement du p\u00e9nis. Dans mon exp\u00e9rience, les r\u00e9sultats obtenus sont tr\u00e8s encourageants.\u00a0\u00bb<\/em><\/p>\n<p>Votre Androp\u00e9nis est livr\u00e9 dans un superbe coffret de rangement tr\u00e8s soign\u00e9 comprenant\u00a0: mode d&#8217;emploi en fran\u00e7ais, extenseur Androp\u00e9nis Gold, 2 bandes Androcomfort, 2 Androsilicone, 2 Androtops, 2 Androrings, Androshafts plaqu\u00e9s or, CD-Rom d&rsquo;instructions en fran\u00e7ais, certificat de garantie.<\/p>","protected":false},"featured_media":10493,"template":"","meta":[],"product_brand":[],"product_cat":[52,51],"product_tag":[],"class_list":{"0":"post-5900","1":"product","2":"type-product","3":"status-publish","4":"has-post-thumbnail","6":"product_cat-developpement-du-penis","7":"product_cat-pour-lui","10":"instock","11":"taxable","12":"shipping-taxable","13":"purchasable","14":"product-type-simple","15":"product-grid-view"},"_links":{"self":[{"href":"https:\/\/www.tahitiplaisirs.com\/en\/wp-json\/wp\/v2\/product\/5900","targetHints":{"allow":["GET"]}}],"collection":[{"href":"https:\/\/www.tahitiplaisirs.com\/en\/wp-json\/wp\/v2\/product"}],"about":[{"href":"https:\/\/www.tahitiplaisirs.com\/en\/wp-json\/wp\/v2\/types\/product"}],"version-history":[{"count":4,"href":"https:\/\/www.tahitiplaisirs.com\/en\/wp-json\/wp\/v2\/product\/5900\/revisions"}],"predecessor-version":[{"id":10528,"href":"https:\/\/www.tahitiplaisirs.com\/en\/wp-json\/wp\/v2\/product\/5900\/revisions\/10528"}],"wp:featuredmedia":[{"embeddable":true,"href":"https:\/\/www.tahitiplaisirs.com\/en\/wp-json\/wp\/v2\/media\/10493"}],"wp:attachment":[{"href":"https:\/\/www.tahitiplaisirs.com\/en\/wp-json\/wp\/v2\/media?parent=5900"}],"wp:term":[{"taxonomy":"product_brand","embeddable":true,"href":"https:\/\/www.tahitiplaisirs.com\/en\/wp-json\/wp\/v2\/product_brand?post=5900"},{"taxonomy":"product_cat","embeddable":true,"href":"https:\/\/www.tahitiplaisirs.com\/en\/wp-json\/wp\/v2\/product_cat?post=5900"},{"taxonomy":"product_tag","embeddable":true,"href":"https:\/\/www.tahitiplaisirs.com\/en\/wp-json\/wp\/v2\/product_tag?post=5900"}],"curies":[{"name":"wp","href":"https:\/\/api.w.org\/{rel}","templated":true}]}}