{"id":5902,"date":"2025-08-15T16:14:06","date_gmt":"2025-08-16T02:14:06","guid":{"rendered":"https:\/\/www.tahitiplaisirs.com\/?post_type=product&#038;p=5902"},"modified":"2026-04-18T11:06:03","modified_gmt":"2026-04-18T21:06:03","slug":"pompe-automatique-rx11","status":"publish","type":"product","link":"https:\/\/www.tahitiplaisirs.com\/en\/product\/pompe-automatique-rx11\/","title":{"rendered":"Pompe automatique RX11"},"content":{"rendered":"","protected":false},"excerpt":{"rendered":"<p>Pompe automatique RX-11 de Pump Addicted<\/p>\n<p>Pompe \u00e0 vide d&rsquo;air automatique pour d\u00e9velopper le p\u00e9nis.<\/p>\n<p>Cette pompe \u00e0 p\u00e9nis automatique est facile \u00e0 utiliser et aide \u00e0 am\u00e9liorer l&rsquo;\u00e9rection et les performances.<\/p>\n<p>Le vide permet \u00e9galement d&rsquo;obtenir et de maintenir une \u00e9rection en cas de dysfonction \u00e9rectile.<\/p>\n<p>La pompe fonctionne avec 2 boutons.<\/p>\n<p>Se recharge via son c\u00e2ble USB<\/p>\n<p>Longueur totale 29cm<\/p>\n<p>Longueur du cylindre 20,5cm<\/p>\n<p>Diam\u00e8tre 7cm<\/p>","protected":false},"featured_media":7167,"template":"","meta":[],"product_brand":[120],"product_cat":[52,51,47],"product_tag":[],"class_list":{"0":"post-5902","1":"product","2":"type-product","3":"status-publish","4":"has-post-thumbnail","6":"product_brand-addicted-toys","7":"product_cat-developpement-du-penis","8":"product_cat-pour-lui","9":"product_cat-sextoys","12":"instock","13":"taxable","14":"shipping-taxable","15":"purchasable","16":"product-type-simple","17":"product-grid-view"},"_links":{"self":[{"href":"https:\/\/www.tahitiplaisirs.com\/en\/wp-json\/wp\/v2\/product\/5902","targetHints":{"allow":["GET"]}}],"collection":[{"href":"https:\/\/www.tahitiplaisirs.com\/en\/wp-json\/wp\/v2\/product"}],"about":[{"href":"https:\/\/www.tahitiplaisirs.com\/en\/wp-json\/wp\/v2\/types\/product"}],"version-history":[{"count":2,"href":"https:\/\/www.tahitiplaisirs.com\/en\/wp-json\/wp\/v2\/product\/5902\/revisions"}],"predecessor-version":[{"id":9404,"href":"https:\/\/www.tahitiplaisirs.com\/en\/wp-json\/wp\/v2\/product\/5902\/revisions\/9404"}],"wp:featuredmedia":[{"embeddable":true,"href":"https:\/\/www.tahitiplaisirs.com\/en\/wp-json\/wp\/v2\/media\/7167"}],"wp:attachment":[{"href":"https:\/\/www.tahitiplaisirs.com\/en\/wp-json\/wp\/v2\/media?parent=5902"}],"wp:term":[{"taxonomy":"product_brand","embeddable":true,"href":"https:\/\/www.tahitiplaisirs.com\/en\/wp-json\/wp\/v2\/product_brand?post=5902"},{"taxonomy":"product_cat","embeddable":true,"href":"https:\/\/www.tahitiplaisirs.com\/en\/wp-json\/wp\/v2\/product_cat?post=5902"},{"taxonomy":"product_tag","embeddable":true,"href":"https:\/\/www.tahitiplaisirs.com\/en\/wp-json\/wp\/v2\/product_tag?post=5902"}],"curies":[{"name":"wp","href":"https:\/\/api.w.org\/{rel}","templated":true}]}}