{"id":5904,"date":"2025-08-15T16:14:06","date_gmt":"2025-08-16T02:14:06","guid":{"rendered":"https:\/\/www.tahitiplaisirs.com\/?post_type=product&#038;p=5904"},"modified":"2026-03-21T13:59:07","modified_gmt":"2026-03-21T23:59:07","slug":"gode-en-verre-nebula-by-ibiza-modele-10","status":"publish","type":"product","link":"https:\/\/www.tahitiplaisirs.com\/en\/product\/gode-en-verre-nebula-by-ibiza-modele-10\/","title":{"rendered":"Gode en verre Nebula by Ibiza mod\u00e8le 10"},"content":{"rendered":"","protected":false},"excerpt":{"rendered":"<p>Gode en verre mod\u00e8le 10 de Nebula by Ibiza<\/p>\n<p>Gode en verre lisse et non poreux mesurant 16cm dont 15cm ins\u00e9rable pour un diam\u00e8tre de 3cm.<\/p>\n<p>Mettez le gode au r\u00e9frig\u00e9rateur ou bien sous l&rsquo;eau chaude, vous obtiendrez des sensations compl\u00e8tement diff\u00e9rentes.<\/p>\n<p>&nbsp;<\/p>","protected":false},"featured_media":7163,"template":"","meta":[],"product_brand":[],"product_cat":[53,47],"product_tag":[],"class_list":{"0":"post-5904","1":"product","2":"type-product","3":"status-publish","4":"has-post-thumbnail","6":"product_cat-godemichets","7":"product_cat-sextoys","10":"instock","11":"taxable","12":"shipping-taxable","13":"purchasable","14":"product-type-simple","15":"product-grid-view"},"_links":{"self":[{"href":"https:\/\/www.tahitiplaisirs.com\/en\/wp-json\/wp\/v2\/product\/5904","targetHints":{"allow":["GET"]}}],"collection":[{"href":"https:\/\/www.tahitiplaisirs.com\/en\/wp-json\/wp\/v2\/product"}],"about":[{"href":"https:\/\/www.tahitiplaisirs.com\/en\/wp-json\/wp\/v2\/types\/product"}],"version-history":[{"count":2,"href":"https:\/\/www.tahitiplaisirs.com\/en\/wp-json\/wp\/v2\/product\/5904\/revisions"}],"predecessor-version":[{"id":9927,"href":"https:\/\/www.tahitiplaisirs.com\/en\/wp-json\/wp\/v2\/product\/5904\/revisions\/9927"}],"wp:featuredmedia":[{"embeddable":true,"href":"https:\/\/www.tahitiplaisirs.com\/en\/wp-json\/wp\/v2\/media\/7163"}],"wp:attachment":[{"href":"https:\/\/www.tahitiplaisirs.com\/en\/wp-json\/wp\/v2\/media?parent=5904"}],"wp:term":[{"taxonomy":"product_brand","embeddable":true,"href":"https:\/\/www.tahitiplaisirs.com\/en\/wp-json\/wp\/v2\/product_brand?post=5904"},{"taxonomy":"product_cat","embeddable":true,"href":"https:\/\/www.tahitiplaisirs.com\/en\/wp-json\/wp\/v2\/product_cat?post=5904"},{"taxonomy":"product_tag","embeddable":true,"href":"https:\/\/www.tahitiplaisirs.com\/en\/wp-json\/wp\/v2\/product_tag?post=5904"}],"curies":[{"name":"wp","href":"https:\/\/api.w.org\/{rel}","templated":true}]}}