{"id":5906,"date":"2025-08-15T16:14:06","date_gmt":"2025-08-16T02:14:06","guid":{"rendered":"https:\/\/www.tahitiplaisirs.com\/?post_type=product&#038;p=5906"},"modified":"2026-03-21T14:31:05","modified_gmt":"2026-03-22T00:31:05","slug":"body-noir-dentelle-kl-s-l","status":"publish","type":"product","link":"https:\/\/www.tahitiplaisirs.com\/en\/product\/body-noir-dentelle-kl-s-l\/","title":{"rendered":"Body noir dentelle KL S-L"},"content":{"rendered":"","protected":false},"excerpt":{"rendered":"<p>Body noir dentelle S-L de Killer Legs<\/p>\n<p>Ce magnifique body en dentelle pr\u00e9sente un col halter, un design raffin\u00e9 et un bas uni orn\u00e9 de dentelle.<\/p>\n<p>Laissez entrevoir vos fantasmes de dentelle \u00e0 votre partenaire !<\/p>\n<p>Composition\u00a0: 92\u00a0% nylon, 8\u00a0% \u00e9lasthanne<\/p>","protected":false},"featured_media":10232,"template":"","meta":[],"product_brand":[136],"product_cat":[73,74],"product_tag":[],"class_list":{"0":"post-5906","1":"product","2":"type-product","3":"status-publish","4":"has-post-thumbnail","6":"product_brand-killer-legs","7":"product_cat-lingerie-sexy","8":"product_cat-nuisettes-bodys-et-set","11":"instock","12":"taxable","13":"shipping-taxable","14":"purchasable","15":"product-type-simple","16":"product-grid-view"},"_links":{"self":[{"href":"https:\/\/www.tahitiplaisirs.com\/en\/wp-json\/wp\/v2\/product\/5906","targetHints":{"allow":["GET"]}}],"collection":[{"href":"https:\/\/www.tahitiplaisirs.com\/en\/wp-json\/wp\/v2\/product"}],"about":[{"href":"https:\/\/www.tahitiplaisirs.com\/en\/wp-json\/wp\/v2\/types\/product"}],"version-history":[{"count":3,"href":"https:\/\/www.tahitiplaisirs.com\/en\/wp-json\/wp\/v2\/product\/5906\/revisions"}],"predecessor-version":[{"id":10240,"href":"https:\/\/www.tahitiplaisirs.com\/en\/wp-json\/wp\/v2\/product\/5906\/revisions\/10240"}],"wp:featuredmedia":[{"embeddable":true,"href":"https:\/\/www.tahitiplaisirs.com\/en\/wp-json\/wp\/v2\/media\/10232"}],"wp:attachment":[{"href":"https:\/\/www.tahitiplaisirs.com\/en\/wp-json\/wp\/v2\/media?parent=5906"}],"wp:term":[{"taxonomy":"product_brand","embeddable":true,"href":"https:\/\/www.tahitiplaisirs.com\/en\/wp-json\/wp\/v2\/product_brand?post=5906"},{"taxonomy":"product_cat","embeddable":true,"href":"https:\/\/www.tahitiplaisirs.com\/en\/wp-json\/wp\/v2\/product_cat?post=5906"},{"taxonomy":"product_tag","embeddable":true,"href":"https:\/\/www.tahitiplaisirs.com\/en\/wp-json\/wp\/v2\/product_tag?post=5906"}],"curies":[{"name":"wp","href":"https:\/\/api.w.org\/{rel}","templated":true}]}}