{"id":5908,"date":"2025-08-15T16:14:07","date_gmt":"2025-08-16T02:14:07","guid":{"rendered":"https:\/\/www.tahitiplaisirs.com\/?post_type=product&#038;p=5908"},"modified":"2026-03-21T13:59:16","modified_gmt":"2026-03-21T23:59:16","slug":"perifit-care-vert","status":"publish","type":"product","link":"https:\/\/www.tahitiplaisirs.com\/en\/product\/perifit-care-vert\/","title":{"rendered":"Perifit Care vert"},"content":{"rendered":"","protected":false},"excerpt":{"rendered":"<p>Perifit Care vert<\/p>\n<div dir=\"auto\">Perifit Care est une sonde de renforcement vaginale connect\u00e9e.<\/div>\n<div dir=\"auto\"><\/div>\n<div dir=\"auto\">Cette sonde permet de renforcer votre p\u00e9rin\u00e9e, d&rsquo;am\u00e9liorer donc votre bien-\u00eatre sexuel, de r\u00e9duire les fuites urinaires et d&rsquo;am\u00e9liorer la sant\u00e9 pelvienne.<\/div>\n<div dir=\"auto\"><\/div>\n<div dir=\"auto\">Pour l&rsquo;utiliser c&rsquo;est tr\u00e8s simple&#8230; t\u00e9l\u00e9chargez gratuitement l&rsquo;application disponible sur le l&rsquo;App Store ou Google Play et jouez \u00e0 des jeux avec votre p\u00e9rin\u00e9e<\/div>","protected":false},"featured_media":6846,"template":"","meta":[],"product_brand":[],"product_cat":[75,63,47],"product_tag":[],"class_list":{"0":"post-5908","1":"product","2":"type-product","3":"status-publish","4":"has-post-thumbnail","6":"product_cat-oeufs-boules-de-geisha","7":"product_cat-pour-elle","8":"product_cat-sextoys","11":"instock","12":"taxable","13":"shipping-taxable","14":"purchasable","15":"product-type-simple","16":"product-grid-view"},"_links":{"self":[{"href":"https:\/\/www.tahitiplaisirs.com\/en\/wp-json\/wp\/v2\/product\/5908","targetHints":{"allow":["GET"]}}],"collection":[{"href":"https:\/\/www.tahitiplaisirs.com\/en\/wp-json\/wp\/v2\/product"}],"about":[{"href":"https:\/\/www.tahitiplaisirs.com\/en\/wp-json\/wp\/v2\/types\/product"}],"version-history":[{"count":2,"href":"https:\/\/www.tahitiplaisirs.com\/en\/wp-json\/wp\/v2\/product\/5908\/revisions"}],"predecessor-version":[{"id":9446,"href":"https:\/\/www.tahitiplaisirs.com\/en\/wp-json\/wp\/v2\/product\/5908\/revisions\/9446"}],"wp:featuredmedia":[{"embeddable":true,"href":"https:\/\/www.tahitiplaisirs.com\/en\/wp-json\/wp\/v2\/media\/6846"}],"wp:attachment":[{"href":"https:\/\/www.tahitiplaisirs.com\/en\/wp-json\/wp\/v2\/media?parent=5908"}],"wp:term":[{"taxonomy":"product_brand","embeddable":true,"href":"https:\/\/www.tahitiplaisirs.com\/en\/wp-json\/wp\/v2\/product_brand?post=5908"},{"taxonomy":"product_cat","embeddable":true,"href":"https:\/\/www.tahitiplaisirs.com\/en\/wp-json\/wp\/v2\/product_cat?post=5908"},{"taxonomy":"product_tag","embeddable":true,"href":"https:\/\/www.tahitiplaisirs.com\/en\/wp-json\/wp\/v2\/product_tag?post=5908"}],"curies":[{"name":"wp","href":"https:\/\/api.w.org\/{rel}","templated":true}]}}