{"id":5951,"date":"2025-08-15T16:14:11","date_gmt":"2025-08-16T02:14:11","guid":{"rendered":"https:\/\/www.tahitiplaisirs.com\/?post_type=product&#038;p=5951"},"modified":"2026-03-21T13:58:22","modified_gmt":"2026-03-21T23:58:22","slug":"anneaux-x3-white-rubber","status":"publish","type":"product","link":"https:\/\/www.tahitiplaisirs.com\/en\/product\/anneaux-x3-white-rubber\/","title":{"rendered":"Anneaux X3 White rubber"},"content":{"rendered":"","protected":false},"excerpt":{"rendered":"<p>Pack de 3 anneaux blancs White Rubber Ring Set de Calexotics<\/p>\n<p class=\"pdp-description-title\">Pack de 3 anneaux robustes pour toute utilisation.<\/p>\n<p class=\"pdp-description-title\">Les anneaux aident \u00e0 maintenir l&rsquo;\u00e9rection et retardent l&rsquo;\u00e9jaculation.<\/p>\n<p id=\"tw-target-text\" class=\"tw-data-text tw-text-large XcVN5d tw-ta\" dir=\"ltr\" data-placeholder=\"Traduction\"><span lang=\"fr\">Les anneaux peuvent \u00eatre utiliser individuellement ou les 3 \u00e0 la fois.<\/span><\/p>\n<p class=\"tw-data-text tw-text-large XcVN5d tw-ta\" dir=\"ltr\" data-placeholder=\"Traduction\"><span lang=\"fr\">Le petit anneau est pour les \u00e9rections maximales : 3,25cm,<\/span><\/p>\n<p class=\"tw-data-text tw-text-large XcVN5d tw-ta\" dir=\"ltr\" data-placeholder=\"Traduction\"><span lang=\"fr\">l&rsquo;anneau moyen, pour les \u00e9rections dures : 3,75cm et<\/span><\/p>\n<p class=\"tw-data-text tw-text-large XcVN5d tw-ta\" dir=\"ltr\" data-placeholder=\"Traduction\"><span lang=\"fr\">le grand anneau peut \u00eatre utilis\u00e9 pour encercler la partie sup\u00e9rieure de votre scrotum pour aider \u00e0 pr\u00e9venir l&rsquo;\u00e9jaculation pr\u00e9matur\u00e9e : 5cm<\/span><\/p>\n<p class=\"pdp-description-title\">Articles non toxique, ne contient pas de phtalates.<\/p>","protected":false},"featured_media":6861,"template":"","meta":[],"product_brand":[117],"product_cat":[68,51,47],"product_tag":[],"class_list":{"0":"post-5951","1":"product","2":"type-product","3":"status-publish","4":"has-post-thumbnail","6":"product_brand-calexotics","7":"product_cat-anneaux","8":"product_cat-pour-lui","9":"product_cat-sextoys","12":"instock","13":"purchasable","14":"product-type-simple","15":"product-grid-view"},"_links":{"self":[{"href":"https:\/\/www.tahitiplaisirs.com\/en\/wp-json\/wp\/v2\/product\/5951","targetHints":{"allow":["GET"]}}],"collection":[{"href":"https:\/\/www.tahitiplaisirs.com\/en\/wp-json\/wp\/v2\/product"}],"about":[{"href":"https:\/\/www.tahitiplaisirs.com\/en\/wp-json\/wp\/v2\/types\/product"}],"version-history":[{"count":3,"href":"https:\/\/www.tahitiplaisirs.com\/en\/wp-json\/wp\/v2\/product\/5951\/revisions"}],"predecessor-version":[{"id":9055,"href":"https:\/\/www.tahitiplaisirs.com\/en\/wp-json\/wp\/v2\/product\/5951\/revisions\/9055"}],"wp:featuredmedia":[{"embeddable":true,"href":"https:\/\/www.tahitiplaisirs.com\/en\/wp-json\/wp\/v2\/media\/6861"}],"wp:attachment":[{"href":"https:\/\/www.tahitiplaisirs.com\/en\/wp-json\/wp\/v2\/media?parent=5951"}],"wp:term":[{"taxonomy":"product_brand","embeddable":true,"href":"https:\/\/www.tahitiplaisirs.com\/en\/wp-json\/wp\/v2\/product_brand?post=5951"},{"taxonomy":"product_cat","embeddable":true,"href":"https:\/\/www.tahitiplaisirs.com\/en\/wp-json\/wp\/v2\/product_cat?post=5951"},{"taxonomy":"product_tag","embeddable":true,"href":"https:\/\/www.tahitiplaisirs.com\/en\/wp-json\/wp\/v2\/product_tag?post=5951"}],"curies":[{"name":"wp","href":"https:\/\/api.w.org\/{rel}","templated":true}]}}