{"id":5952,"date":"2025-08-15T16:14:11","date_gmt":"2025-08-16T02:14:11","guid":{"rendered":"https:\/\/www.tahitiplaisirs.com\/?post_type=product&#038;p=5952"},"modified":"2026-03-21T13:58:20","modified_gmt":"2026-03-21T23:58:20","slug":"chargeur-blanc-satisfyer","status":"publish","type":"product","link":"https:\/\/www.tahitiplaisirs.com\/en\/product\/chargeur-blanc-satisfyer\/","title":{"rendered":"Chargeur blanc Satisfyer"},"content":{"rendered":"","protected":false},"excerpt":{"rendered":"<p>C\u00e2ble de charge de Satisfyer<\/p>\n<p>C\u00e2ble perdu ou ab\u00eem\u00e9 ?!<\/p>\n<p>Pas de souci ! Tahiti Plaisirs propose des c\u00e2bles de rechange&#8230;<\/p>","protected":false},"featured_media":9071,"template":"","meta":[],"product_brand":[103],"product_cat":[57],"product_tag":[],"class_list":{"0":"post-5952","1":"product","2":"type-product","3":"status-publish","4":"has-post-thumbnail","6":"product_brand-satisfyer","7":"product_cat-accessoires","10":"instock","11":"purchasable","12":"product-type-simple","13":"product-grid-view"},"_links":{"self":[{"href":"https:\/\/www.tahitiplaisirs.com\/en\/wp-json\/wp\/v2\/product\/5952","targetHints":{"allow":["GET"]}}],"collection":[{"href":"https:\/\/www.tahitiplaisirs.com\/en\/wp-json\/wp\/v2\/product"}],"about":[{"href":"https:\/\/www.tahitiplaisirs.com\/en\/wp-json\/wp\/v2\/types\/product"}],"version-history":[{"count":3,"href":"https:\/\/www.tahitiplaisirs.com\/en\/wp-json\/wp\/v2\/product\/5952\/revisions"}],"predecessor-version":[{"id":9078,"href":"https:\/\/www.tahitiplaisirs.com\/en\/wp-json\/wp\/v2\/product\/5952\/revisions\/9078"}],"wp:featuredmedia":[{"embeddable":true,"href":"https:\/\/www.tahitiplaisirs.com\/en\/wp-json\/wp\/v2\/media\/9071"}],"wp:attachment":[{"href":"https:\/\/www.tahitiplaisirs.com\/en\/wp-json\/wp\/v2\/media?parent=5952"}],"wp:term":[{"taxonomy":"product_brand","embeddable":true,"href":"https:\/\/www.tahitiplaisirs.com\/en\/wp-json\/wp\/v2\/product_brand?post=5952"},{"taxonomy":"product_cat","embeddable":true,"href":"https:\/\/www.tahitiplaisirs.com\/en\/wp-json\/wp\/v2\/product_cat?post=5952"},{"taxonomy":"product_tag","embeddable":true,"href":"https:\/\/www.tahitiplaisirs.com\/en\/wp-json\/wp\/v2\/product_tag?post=5952"}],"curies":[{"name":"wp","href":"https:\/\/api.w.org\/{rel}","templated":true}]}}