{"id":5954,"date":"2025-08-15T16:14:11","date_gmt":"2025-08-16T02:14:11","guid":{"rendered":"https:\/\/www.tahitiplaisirs.com\/?post_type=product&#038;p=5954"},"modified":"2026-04-10T10:29:07","modified_gmt":"2026-04-10T20:29:07","slug":"chandelle-a-massage-zenitude-170ml","status":"publish","type":"product","link":"https:\/\/www.tahitiplaisirs.com\/en\/product\/chandelle-a-massage-zenitude-170ml\/","title":{"rendered":"Chandelle \u00e0 massage Z\u00e9nitude 170ml"},"content":{"rendered":"","protected":false},"excerpt":{"rendered":"<p>Chandelle \u00e0 massage Z\u00e9nitude 170ml de Shunga Erotic Art<\/p>\n<div class=\"woocommerce-product-details__short-description\">\n<p>Ar\u00f4me : Th\u00e9 vert exotique<\/p>\n<p>Laissez-vous enivrer par ses senteurs aphrodisiaques et d\u00e9licieusement sensuelles : th\u00e9 vert exotique pour voyager un instant au c\u0153ur d\u2019une \u00eele paradisiaque.<\/p>\n<p>Cette huile naturelle riche en huile d\u2019amande douce et en huile de noix de coco nourrira votre peau, lui procurera confort et la laissera douce et l\u00e9g\u00e8rement parfum\u00e9e.<\/p>\n<p>Il suffit d\u2019une petite quantit\u00e9 par massage, pour rendre l\u2019instant incomparable.<\/p>\n<p>Allumez la bougie de massage, quelques minutes plus tard, vous ressentez d\u00e9j\u00e0 les ar\u00f4mes parfum\u00e9s envahir votre int\u00e9rieur.<\/p>\n<p>Une fois l&rsquo;huile fondue, vous pouvez verser le liquide ti\u00e8de (ne vous inqui\u00e9tez pas, il n\u2019y pas de risques de br\u00fblures, la mati\u00e8re reste ti\u00e8de) sur votre corps ou celui de votre partenaire.<\/p>\n<p>Cette chaleur douce saura vous d\u00e9tendre et vous offrir un instant de relaxation et plus si affinit\u00e9s.<\/p>\n<\/div>\n<form class=\"variations_form cart wvs-loaded\" action=\"https:\/\/shunga.com\/produit\/chandelle-de-massage\/\" enctype=\"multipart\/form-data\" method=\"post\" data-product_id=\"998\" data-product_variations=\"[{&quot;attributes&quot;:{&quot;attribute_pa_fragrances&quot;:&quot;chocolat-enivrant&quot;},&quot;availability_html&quot;:&quot;&quot;,&quot;backorders_allowed&quot;:false,&quot;dimensions&quot;:{&quot;length&quot;:&quot;&quot;,&quot;width&quot;:&quot;&quot;,&quot;height&quot;:&quot;&quot;},&quot;dimensions_html&quot;:&quot;ND&quot;,&quot;display_price&quot;:27.989999999999998436805981327779591083526611328125,&quot;display_regular_price&quot;:27.989999999999998436805981327779591083526611328125,&quot;image&quot;:{&quot;title&quot;:&quot;Shunga_4509-EXCITATION - Chocolate&quot;,&quot;caption&quot;:&quot;&quot;,&quot;url&quot;:&quot;https:\\\/\\\/shunga.com\\\/wp-content\\\/uploads\\\/2021\\\/06\\\/Shunga_4509-EXCITATION-Chocolate.jpg&quot;,&quot;alt&quot;:&quot;Shunga_4509-EXCITATION - Chocolate&quot;,&quot;src&quot;:&quot;https:\\\/\\\/shunga.com\\\/wp-content\\\/uploads\\\/2021\\\/06\\\/Shunga_4509-EXCITATION-Chocolate.jpg&quot;,&quot;srcset&quot;:false,&quot;sizes&quot;:&quot;(max-width: 600px) 100vw, 600px&quot;,&quot;full_src&quot;:&quot;https:\\\/\\\/shunga.com\\\/wp-content\\\/uploads\\\/2021\\\/06\\\/Shunga_4509-EXCITATION-Chocolate.jpg&quot;,&quot;full_src_w&quot;:800,&quot;full_src_h&quot;:800,&quot;gallery_thumbnail_src&quot;:&quot;https:\\\/\\\/shunga.com\\\/wp-content\\\/uploads\\\/2021\\\/06\\\/Shunga_4509-EXCITATION-Chocolate.jpg&quot;,&quot;gallery_thumbnail_src_w&quot;:300,&quot;gallery_thumbnail_src_h&quot;:300,&quot;thumb_src&quot;:&quot;https:\\\/\\\/shunga.com\\\/wp-content\\\/uploads\\\/2021\\\/06\\\/Shunga_4509-EXCITATION-Chocolate.jpg&quot;,&quot;thumb_src_w&quot;:800,&quot;thumb_src_h&quot;:800,&quot;src_w&quot;:600,&quot;src_h&quot;:600},&quot;image_id&quot;:2043,&quot;is_downloadable&quot;:false,&quot;is_in_stock&quot;:true,&quot;is_purchasable&quot;:false,&quot;is_sold_individually&quot;:&quot;no&quot;,&quot;is_virtual&quot;:false,&quot;max_qty&quot;:&quot;&quot;,&quot;min_qty&quot;:1,&quot;price_html&quot;:&quot;&quot;,&quot;sku&quot;:&quot;4509&quot;,&quot;variation_description&quot;:&quot;&quot;,&quot;variation_id&quot;:999,&quot;variation_is_active&quot;:true,&quot;variation_is_visible&quot;:true,&quot;weight&quot;:&quot;.65&quot;,&quot;weight_html&quot;:&quot;.65 livres&quot;},{&quot;attributes&quot;:{&quot;attribute_pa_fragrances&quot;:&quot;petale-de-rose&quot;},&quot;availability_html&quot;:&quot;&quot;,&quot;backorders_allowed&quot;:false,&quot;dimensions&quot;:{&quot;length&quot;:&quot;&quot;,&quot;width&quot;:&quot;&quot;,&quot;height&quot;:&quot;&quot;},&quot;dimensions_html&quot;:&quot;ND&quot;,&quot;display_price&quot;:27.989999999999998436805981327779591083526611328125,&quot;display_regular_price&quot;:27.989999999999998436805981327779591083526611328125,&quot;image&quot;:{&quot;title&quot;:&quot;Shunga_4500-APHRODISIA - Rose&quot;,&quot;caption&quot;:&quot;&quot;,&quot;url&quot;:&quot;https:\\\/\\\/shunga.com\\\/wp-content\\\/uploads\\\/2021\\\/06\\\/Shunga_4500-APHRODISIA-Rose.jpg&quot;,&quot;alt&quot;:&quot;Shunga_4500-APHRODISIA - Rose&quot;,&quot;src&quot;:&quot;https:\\\/\\\/shunga.com\\\/wp-content\\\/uploads\\\/2021\\\/06\\\/Shunga_4500-APHRODISIA-Rose.jpg&quot;,&quot;srcset&quot;:false,&quot;sizes&quot;:&quot;(max-width: 600px) 100vw, 600px&quot;,&quot;full_src&quot;:&quot;https:\\\/\\\/shunga.com\\\/wp-content\\\/uploads\\\/2021\\\/06\\\/Shunga_4500-APHRODISIA-Rose.jpg&quot;,&quot;full_src_w&quot;:800,&quot;full_src_h&quot;:800,&quot;gallery_thumbnail_src&quot;:&quot;https:\\\/\\\/shunga.com\\\/wp-content\\\/uploads\\\/2021\\\/06\\\/Shunga_4500-APHRODISIA-Rose.jpg&quot;,&quot;gallery_thumbnail_src_w&quot;:300,&quot;gallery_thumbnail_src_h&quot;:300,&quot;thumb_src&quot;:&quot;https:\\\/\\\/shunga.com\\\/wp-content\\\/uploads\\\/2021\\\/06\\\/Shunga_4500-APHRODISIA-Rose.jpg&quot;,&quot;thumb_src_w&quot;:800,&quot;thumb_src_h&quot;:800,&quot;src_w&quot;:600,&quot;src_h&quot;:600},&quot;image_id&quot;:2047,&quot;is_downloadable&quot;:false,&quot;is_in_stock&quot;:true,&quot;is_purchasable&quot;:false,&quot;is_sold_individually&quot;:&quot;no&quot;,&quot;is_virtual&quot;:false,&quot;max_qty&quot;:&quot;&quot;,&quot;min_qty&quot;:1,&quot;price_html&quot;:&quot;&quot;,&quot;sku&quot;:&quot;4500&quot;,&quot;variation_description&quot;:&quot;&quot;,&quot;variation_id&quot;:2039,&quot;variation_is_active&quot;:true,&quot;variation_is_visible&quot;:true,&quot;weight&quot;:&quot;.65&quot;,&quot;weight_html&quot;:&quot;.65 livres&quot;},{&quot;attributes&quot;:{&quot;attribute_pa_fragrances&quot;:&quot;the-vert-exotique&quot;},&quot;availability_html&quot;:&quot;&quot;,&quot;backorders_allowed&quot;:false,&quot;dimensions&quot;:{&quot;length&quot;:&quot;&quot;,&quot;width&quot;:&quot;&quot;,&quot;height&quot;:&quot;&quot;},&quot;dimensions_html&quot;:&quot;ND&quot;,&quot;display_price&quot;:27.989999999999998436805981327779591083526611328125,&quot;display_regular_price&quot;:27.989999999999998436805981327779591083526611328125,&quot;image&quot;:{&quot;title&quot;:&quot;Shunga_4511-ZENITUDE - Green Tea&quot;,&quot;caption&quot;:&quot;&quot;,&quot;url&quot;:&quot;https:\\\/\\\/shunga.com\\\/wp-content\\\/uploads\\\/2021\\\/06\\\/Shunga_4511-ZENITUDE-Green-Tea.jpg&quot;,&quot;alt&quot;:&quot;Shunga_4511-ZENITUDE - Green Tea&quot;,&quot;src&quot;:&quot;https:\\\/\\\/shunga.com\\\/wp-content\\\/uploads\\\/2021\\\/06\\\/Shunga_4511-ZENITUDE-Green-Tea.jpg&quot;,&quot;srcset&quot;:false,&quot;sizes&quot;:&quot;(max-width: 600px) 100vw, 600px&quot;,&quot;full_src&quot;:&quot;https:\\\/\\\/shunga.com\\\/wp-content\\\/uploads\\\/2021\\\/06\\\/Shunga_4511-ZENITUDE-Green-Tea.jpg&quot;,&quot;full_src_w&quot;:800,&quot;full_src_h&quot;:800,&quot;gallery_thumbnail_src&quot;:&quot;https:\\\/\\\/shunga.com\\\/wp-content\\\/uploads\\\/2021\\\/06\\\/Shunga_4511-ZENITUDE-Green-Tea.jpg&quot;,&quot;gallery_thumbnail_src_w&quot;:300,&quot;gallery_thumbnail_src_h&quot;:300,&quot;thumb_src&quot;:&quot;https:\\\/\\\/shunga.com\\\/wp-content\\\/uploads\\\/2021\\\/06\\\/Shunga_4511-ZENITUDE-Green-Tea.jpg&quot;,&quot;thumb_src_w&quot;:800,&quot;thumb_src_h&quot;:800,&quot;src_w&quot;:600,&quot;src_h&quot;:600},&quot;image_id&quot;:2063,&quot;is_downloadable&quot;:false,&quot;is_in_stock&quot;:true,&quot;is_purchasable&quot;:false,&quot;is_sold_individually&quot;:&quot;no&quot;,&quot;is_virtual&quot;:false,&quot;max_qty&quot;:&quot;&quot;,&quot;min_qty&quot;:1,&quot;price_html&quot;:&quot;&quot;,&quot;sku&quot;:&quot;4511&quot;,&quot;variation_description&quot;:&quot;&quot;,&quot;variation_id&quot;:2040,&quot;variation_is_active&quot;:true,&quot;variation_is_visible&quot;:true,&quot;weight&quot;:&quot;.65&quot;,&quot;weight_html&quot;:&quot;.65 livres&quot;},{&quot;attributes&quot;:{&quot;attribute_pa_fragrances&quot;:&quot;vanille&quot;},&quot;availability_html&quot;:&quot;&quot;,&quot;backorders_allowed&quot;:false,&quot;dimensions&quot;:{&quot;length&quot;:&quot;&quot;,&quot;width&quot;:&quot;&quot;,&quot;height&quot;:&quot;&quot;},&quot;dimensions_html&quot;:&quot;ND&quot;,&quot;display_price&quot;:27.989999999999998436805981327779591083526611328125,&quot;display_regular_price&quot;:27.989999999999998436805981327779591083526611328125,&quot;image&quot;:{&quot;title&quot;:&quot;Shunga_4501-DESIRE - Vanilla&quot;,&quot;caption&quot;:&quot;&quot;,&quot;url&quot;:&quot;https:\\\/\\\/shunga.com\\\/wp-content\\\/uploads\\\/2021\\\/06\\\/Shunga_4501-DESIRE-Vanilla.jpg&quot;,&quot;alt&quot;:&quot;Shunga_4501-DESIRE - Vanilla&quot;,&quot;src&quot;:&quot;https:\\\/\\\/shunga.com\\\/wp-content\\\/uploads\\\/2021\\\/06\\\/Shunga_4501-DESIRE-Vanilla.jpg&quot;,&quot;srcset&quot;:false,&quot;sizes&quot;:&quot;(max-width: 600px) 100vw, 600px&quot;,&quot;full_src&quot;:&quot;https:\\\/\\\/shunga.com\\\/wp-content\\\/uploads\\\/2021\\\/06\\\/Shunga_4501-DESIRE-Vanilla.jpg&quot;,&quot;full_src_w&quot;:800,&quot;full_src_h&quot;:800,&quot;gallery_thumbnail_src&quot;:&quot;https:\\\/\\\/shunga.com\\\/wp-content\\\/uploads\\\/2021\\\/06\\\/Shunga_4501-DESIRE-Vanilla.jpg&quot;,&quot;gallery_thumbnail_src_w&quot;:300,&quot;gallery_thumbnail_src_h&quot;:300,&quot;thumb_src&quot;:&quot;https:\\\/\\\/shunga.com\\\/wp-content\\\/uploads\\\/2021\\\/06\\\/Shunga_4501-DESIRE-Vanilla.jpg&quot;,&quot;thumb_src_w&quot;:800,&quot;thumb_src_h&quot;:800,&quot;src_w&quot;:600,&quot;src_h&quot;:600},&quot;image_id&quot;:2051,&quot;is_downloadable&quot;:false,&quot;is_in_stock&quot;:true,&quot;is_purchasable&quot;:false,&quot;is_sold_individually&quot;:&quot;no&quot;,&quot;is_virtual&quot;:false,&quot;max_qty&quot;:&quot;&quot;,&quot;min_qty&quot;:1,&quot;price_html&quot;:&quot;&quot;,&quot;sku&quot;:&quot;4501&quot;,&quot;variation_description&quot;:&quot;&quot;,&quot;variation_id&quot;:2041,&quot;variation_is_active&quot;:true,&quot;variation_is_visible&quot;:true,&quot;weight&quot;:&quot;.65&quot;,&quot;weight_html&quot;:&quot;.65 livres&quot;},{&quot;attributes&quot;:{&quot;attribute_pa_fragrances&quot;:&quot;vin-petillant-a-la-fraise&quot;},&quot;availability_html&quot;:&quot;&quot;,&quot;backorders_allowed&quot;:false,&quot;dimensions&quot;:{&quot;length&quot;:&quot;&quot;,&quot;width&quot;:&quot;&quot;,&quot;height&quot;:&quot;&quot;},&quot;dimensions_html&quot;:&quot;ND&quot;,&quot;display_price&quot;:27.989999999999998436805981327779591083526611328125,&quot;display_regular_price&quot;:27.989999999999998436805981327779591083526611328125,&quot;image&quot;:{&quot;title&quot;:&quot;Shunga_4508-ROMANCE - Sparkling Strawberry Wine&quot;,&quot;caption&quot;:&quot;&quot;,&quot;url&quot;:&quot;https:\\\/\\\/shunga.com\\\/wp-content\\\/uploads\\\/2021\\\/06\\\/Shunga_4508-ROMANCE-Sparkling-Strawberry-Wine.jpg&quot;,&quot;alt&quot;:&quot;Shunga_4508-ROMANCE - Sparkling Strawberry Wine&quot;,&quot;src&quot;:&quot;https:\\\/\\\/shunga.com\\\/wp-content\\\/uploads\\\/2021\\\/06\\\/Shunga_4508-ROMANCE-Sparkling-Strawberry-Wine.jpg&quot;,&quot;srcset&quot;:false,&quot;sizes&quot;:&quot;(max-width: 600px) 100vw, 600px&quot;,&quot;full_src&quot;:&quot;https:\\\/\\\/shunga.com\\\/wp-content\\\/uploads\\\/2021\\\/06\\\/Shunga_4508-ROMANCE-Sparkling-Strawberry-Wine.jpg&quot;,&quot;full_src_w&quot;:800,&quot;full_src_h&quot;:800,&quot;gallery_thumbnail_src&quot;:&quot;https:\\\/\\\/shunga.com\\\/wp-content\\\/uploads\\\/2021\\\/06\\\/Shunga_4508-ROMANCE-Sparkling-Strawberry-Wine.jpg&quot;,&quot;gallery_thumbnail_src_w&quot;:300,&quot;gallery_thumbnail_src_h&quot;:300,&quot;thumb_src&quot;:&quot;https:\\\/\\\/shunga.com\\\/wp-content\\\/uploads\\\/2021\\\/06\\\/Shunga_4508-ROMANCE-Sparkling-Strawberry-Wine.jpg&quot;,&quot;thumb_src_w&quot;:800,&quot;thumb_src_h&quot;:800,&quot;src_w&quot;:600,&quot;src_h&quot;:600},&quot;image_id&quot;:2059,&quot;is_downloadable&quot;:false,&quot;is_in_stock&quot;:true,&quot;is_purchasable&quot;:false,&quot;is_sold_individually&quot;:&quot;no&quot;,&quot;is_virtual&quot;:false,&quot;max_qty&quot;:&quot;&quot;,&quot;min_qty&quot;:1,&quot;price_html&quot;:&quot;&quot;,&quot;sku&quot;:&quot;4508&quot;,&quot;variation_description&quot;:&quot;&quot;,&quot;variation_id&quot;:2042,&quot;variation_is_active&quot;:true,&quot;variation_is_visible&quot;:true,&quot;weight&quot;:&quot;.65&quot;,&quot;weight_html&quot;:&quot;.65 livres&quot;},{&quot;attributes&quot;:{&quot;attribute_pa_fragrances&quot;:&quot;fleurs-des-iles&quot;},&quot;availability_html&quot;:&quot;&quot;,&quot;backorders_allowed&quot;:false,&quot;dimensions&quot;:{&quot;length&quot;:&quot;&quot;,&quot;width&quot;:&quot;&quot;,&quot;height&quot;:&quot;&quot;},&quot;dimensions_html&quot;:&quot;ND&quot;,&quot;display_price&quot;:27.989999999999998436805981327779591083526611328125,&quot;display_regular_price&quot;:27.989999999999998436805981327779591083526611328125,&quot;image&quot;:{&quot;title&quot;:&quot;Shunga_4524_ISLAND Blossom&quot;,&quot;caption&quot;:&quot;&quot;,&quot;url&quot;:&quot;https:\\\/\\\/shunga.com\\\/wp-content\\\/uploads\\\/2021\\\/06\\\/Shunga_4524_ISLAND-Blossom.jpg&quot;,&quot;alt&quot;:&quot;Shunga_4524_ISLAND Blossom&quot;,&quot;src&quot;:&quot;https:\\\/\\\/shunga.com\\\/wp-content\\\/uploads\\\/2021\\\/06\\\/Shunga_4524_ISLAND-Blossom.jpg&quot;,&quot;srcset&quot;:false,&quot;sizes&quot;:&quot;(max-width: 600px) 100vw, 600px&quot;,&quot;full_src&quot;:&quot;https:\\\/\\\/shunga.com\\\/wp-content\\\/uploads\\\/2021\\\/06\\\/Shunga_4524_ISLAND-Blossom.jpg&quot;,&quot;full_src_w&quot;:800,&quot;full_src_h&quot;:800,&quot;gallery_thumbnail_src&quot;:&quot;https:\\\/\\\/shunga.com\\\/wp-content\\\/uploads\\\/2021\\\/06\\\/Shunga_4524_ISLAND-Blossom.jpg&quot;,&quot;gallery_thumbnail_src_w&quot;:300,&quot;gallery_thumbnail_src_h&quot;:300,&quot;thumb_src&quot;:&quot;https:\\\/\\\/shunga.com\\\/wp-content\\\/uploads\\\/2021\\\/06\\\/Shunga_4524_ISLAND-Blossom.jpg&quot;,&quot;thumb_src_w&quot;:800,&quot;thumb_src_h&quot;:800,&quot;src_w&quot;:600,&quot;src_h&quot;:600},&quot;image_id&quot;:2067,&quot;is_downloadable&quot;:false,&quot;is_in_stock&quot;:true,&quot;is_purchasable&quot;:false,&quot;is_sold_individually&quot;:&quot;no&quot;,&quot;is_virtual&quot;:false,&quot;max_qty&quot;:&quot;&quot;,&quot;min_qty&quot;:1,&quot;price_html&quot;:&quot;&quot;,&quot;sku&quot;:&quot;4524&quot;,&quot;variation_description&quot;:&quot;&quot;,&quot;variation_id&quot;:1000,&quot;variation_is_active&quot;:true,&quot;variation_is_visible&quot;:true,&quot;weight&quot;:&quot;.65&quot;,&quot;weight_html&quot;:&quot;.65 livres&quot;},{&quot;attributes&quot;:{&quot;attribute_pa_fragrances&quot;:&quot;fruits-exotiques&quot;},&quot;availability_html&quot;:&quot;&quot;,&quot;backorders_allowed&quot;:false,&quot;dimensions&quot;:{&quot;length&quot;:&quot;&quot;,&quot;width&quot;:&quot;&quot;,&quot;height&quot;:&quot;&quot;},&quot;dimensions_html&quot;:&quot;ND&quot;,&quot;display_price&quot;:27.989999999999998436805981327779591083526611328125,&quot;display_regular_price&quot;:27.989999999999998436805981327779591083526611328125,&quot;image&quot;:{&quot;title&quot;:&quot;Shunga_4502-LIBIDO - Exotic Fruits&quot;,&quot;caption&quot;:&quot;&quot;,&quot;url&quot;:&quot;https:\\\/\\\/shunga.com\\\/wp-content\\\/uploads\\\/2021\\\/06\\\/Shunga_4502-LIBIDO-Exotic-Fruits.jpg&quot;,&quot;alt&quot;:&quot;Shunga_4502-LIBIDO - Exotic Fruits&quot;,&quot;src&quot;:&quot;https:\\\/\\\/shunga.com\\\/wp-content\\\/uploads\\\/2021\\\/06\\\/Shunga_4502-LIBIDO-Exotic-Fruits.jpg&quot;,&quot;srcset&quot;:false,&quot;sizes&quot;:&quot;(max-width: 600px) 100vw, 600px&quot;,&quot;full_src&quot;:&quot;https:\\\/\\\/shunga.com\\\/wp-content\\\/uploads\\\/2021\\\/06\\\/Shunga_4502-LIBIDO-Exotic-Fruits.jpg&quot;,&quot;full_src_w&quot;:800,&quot;full_src_h&quot;:800,&quot;gallery_thumbnail_src&quot;:&quot;https:\\\/\\\/shunga.com\\\/wp-content\\\/uploads\\\/2021\\\/06\\\/Shunga_4502-LIBIDO-Exotic-Fruits.jpg&quot;,&quot;gallery_thumbnail_src_w&quot;:300,&quot;gallery_thumbnail_src_h&quot;:300,&quot;thumb_src&quot;:&quot;https:\\\/\\\/shunga.com\\\/wp-content\\\/uploads\\\/2021\\\/06\\\/Shunga_4502-LIBIDO-Exotic-Fruits.jpg&quot;,&quot;thumb_src_w&quot;:800,&quot;thumb_src_h&quot;:800,&quot;src_w&quot;:600,&quot;src_h&quot;:600},&quot;image_id&quot;:2055,&quot;is_downloadable&quot;:false,&quot;is_in_stock&quot;:true,&quot;is_purchasable&quot;:false,&quot;is_sold_individually&quot;:&quot;no&quot;,&quot;is_virtual&quot;:false,&quot;max_qty&quot;:&quot;&quot;,&quot;min_qty&quot;:1,&quot;price_html&quot;:&quot;&quot;,&quot;sku&quot;:&quot;4502&quot;,&quot;variation_description&quot;:&quot;&quot;,&quot;variation_id&quot;:1001,&quot;variation_is_active&quot;:true,&quot;variation_is_visible&quot;:true,&quot;weight&quot;:&quot;.65&quot;,&quot;weight_html&quot;:&quot;.65 livres&quot;}]\">\n<div data-product_id=\"998\" data-threshold_min=\"30\" data-threshold_max=\"100\" data-total=\"7\"><\/div>\n<\/form>\n","protected":false},"featured_media":10855,"template":"","meta":[],"product_brand":[90],"product_cat":[49,56,71],"product_tag":[],"class_list":{"0":"post-5954","1":"product","2":"type-product","3":"status-publish","4":"has-post-thumbnail","6":"product_brand-shunga-erotic-art","7":"product_cat-bien-etre","8":"product_cat-huiles","9":"product_cat-pour-couple","12":"instock","13":"taxable","14":"shipping-taxable","15":"purchasable","16":"product-type-simple","17":"product-grid-view"},"_links":{"self":[{"href":"https:\/\/www.tahitiplaisirs.com\/en\/wp-json\/wp\/v2\/product\/5954","targetHints":{"allow":["GET"]}}],"collection":[{"href":"https:\/\/www.tahitiplaisirs.com\/en\/wp-json\/wp\/v2\/product"}],"about":[{"href":"https:\/\/www.tahitiplaisirs.com\/en\/wp-json\/wp\/v2\/types\/product"}],"version-history":[{"count":3,"href":"https:\/\/www.tahitiplaisirs.com\/en\/wp-json\/wp\/v2\/product\/5954\/revisions"}],"predecessor-version":[{"id":10859,"href":"https:\/\/www.tahitiplaisirs.com\/en\/wp-json\/wp\/v2\/product\/5954\/revisions\/10859"}],"wp:featuredmedia":[{"embeddable":true,"href":"https:\/\/www.tahitiplaisirs.com\/en\/wp-json\/wp\/v2\/media\/10855"}],"wp:attachment":[{"href":"https:\/\/www.tahitiplaisirs.com\/en\/wp-json\/wp\/v2\/media?parent=5954"}],"wp:term":[{"taxonomy":"product_brand","embeddable":true,"href":"https:\/\/www.tahitiplaisirs.com\/en\/wp-json\/wp\/v2\/product_brand?post=5954"},{"taxonomy":"product_cat","embeddable":true,"href":"https:\/\/www.tahitiplaisirs.com\/en\/wp-json\/wp\/v2\/product_cat?post=5954"},{"taxonomy":"product_tag","embeddable":true,"href":"https:\/\/www.tahitiplaisirs.com\/en\/wp-json\/wp\/v2\/product_tag?post=5954"}],"curies":[{"name":"wp","href":"https:\/\/api.w.org\/{rel}","templated":true}]}}