{"id":5960,"date":"2025-08-15T16:14:11","date_gmt":"2025-08-16T02:14:11","guid":{"rendered":"https:\/\/www.tahitiplaisirs.com\/?post_type=product&#038;p=5960"},"modified":"2026-04-10T10:33:15","modified_gmt":"2026-04-10T20:33:15","slug":"gaine-noire-v11-viril-xl","status":"publish","type":"product","link":"https:\/\/www.tahitiplaisirs.com\/en\/product\/gaine-noire-v11-viril-xl\/","title":{"rendered":"Gaine V11 Viril XL"},"content":{"rendered":"","protected":false},"excerpt":{"rendered":"<p>Gaine noire V11 de Viril XL<\/p>\n<p>Cette gaine de p\u00e9nis est fabriqu\u00e9e en TPE noir d&rsquo;excellente qualit\u00e9 garanti sans phtalate.<\/p>\n<p>Elle permet de gagner 2cm en longueur et 1cm en \u00e9paisseur.<\/p>\n<p>Cet extenseur est textur\u00e9 pour offrir un maximum de plaisir lors de la p\u00e9n\u00e9tration.<\/p>\n<p>Nettoyez \u00e0 l&rsquo;eau savonneuse avant et apr\u00e8s chaque utilisation.<\/p>\n<p>Utilisez de pr\u00e9f\u00e9rence un lubrifiant \u00e0 base d&rsquo;eau.<\/p>","protected":false},"featured_media":6873,"template":"","meta":[],"product_brand":[],"product_cat":[76,51,47],"product_tag":[],"class_list":{"0":"post-5960","1":"product","2":"type-product","3":"status-publish","4":"has-post-thumbnail","6":"product_cat-gaines","7":"product_cat-pour-lui","8":"product_cat-sextoys","11":"instock","12":"taxable","13":"shipping-taxable","14":"purchasable","15":"product-type-simple","16":"product-grid-view"},"_links":{"self":[{"href":"https:\/\/www.tahitiplaisirs.com\/en\/wp-json\/wp\/v2\/product\/5960","targetHints":{"allow":["GET"]}}],"collection":[{"href":"https:\/\/www.tahitiplaisirs.com\/en\/wp-json\/wp\/v2\/product"}],"about":[{"href":"https:\/\/www.tahitiplaisirs.com\/en\/wp-json\/wp\/v2\/types\/product"}],"version-history":[{"count":3,"href":"https:\/\/www.tahitiplaisirs.com\/en\/wp-json\/wp\/v2\/product\/5960\/revisions"}],"predecessor-version":[{"id":9513,"href":"https:\/\/www.tahitiplaisirs.com\/en\/wp-json\/wp\/v2\/product\/5960\/revisions\/9513"}],"wp:featuredmedia":[{"embeddable":true,"href":"https:\/\/www.tahitiplaisirs.com\/en\/wp-json\/wp\/v2\/media\/6873"}],"wp:attachment":[{"href":"https:\/\/www.tahitiplaisirs.com\/en\/wp-json\/wp\/v2\/media?parent=5960"}],"wp:term":[{"taxonomy":"product_brand","embeddable":true,"href":"https:\/\/www.tahitiplaisirs.com\/en\/wp-json\/wp\/v2\/product_brand?post=5960"},{"taxonomy":"product_cat","embeddable":true,"href":"https:\/\/www.tahitiplaisirs.com\/en\/wp-json\/wp\/v2\/product_cat?post=5960"},{"taxonomy":"product_tag","embeddable":true,"href":"https:\/\/www.tahitiplaisirs.com\/en\/wp-json\/wp\/v2\/product_tag?post=5960"}],"curies":[{"name":"wp","href":"https:\/\/api.w.org\/{rel}","templated":true}]}}