{"id":5967,"date":"2025-08-15T16:14:11","date_gmt":"2025-08-16T02:14:11","guid":{"rendered":"https:\/\/www.tahitiplaisirs.com\/?post_type=product&#038;p=5967"},"modified":"2026-04-07T12:36:03","modified_gmt":"2026-04-07T22:36:03","slug":"butanol-10ml","status":"publish","type":"product","link":"https:\/\/www.tahitiplaisirs.com\/en\/product\/butanol-10ml\/","title":{"rendered":"Butanol 10ml"},"content":{"rendered":"","protected":false},"excerpt":{"rendered":"<p>Butanol 10ml<\/p>\n<p>Famille : Pentyle<\/p>\n<p>BUTANOL est con\u00e7u \u00e0 base de nitrite de pentyle augment\u00e9 de butanol.<\/p>\n<p>Cette composition rappelle celle des poppers des ann\u00e9es 70.<\/p>\n<p>Il est parfait pour ressentir des effets intenses et plaisants, sans mal de t\u00eate.<\/p>\n<p>Id\u00e9al pour s&rsquo;amuser et pour s&rsquo;exciter lors des moments funs.<\/p>","protected":false},"featured_media":9648,"template":"","meta":[],"product_brand":[],"product_cat":[84],"product_tag":[],"class_list":{"0":"post-5967","1":"product","2":"type-product","3":"status-publish","4":"has-post-thumbnail","6":"product_cat-poppers","7":"product_shipping_class-inflammable","10":"instock","11":"taxable","12":"shipping-taxable","13":"purchasable","14":"product-type-simple","15":"product-grid-view"},"_links":{"self":[{"href":"https:\/\/www.tahitiplaisirs.com\/en\/wp-json\/wp\/v2\/product\/5967","targetHints":{"allow":["GET"]}}],"collection":[{"href":"https:\/\/www.tahitiplaisirs.com\/en\/wp-json\/wp\/v2\/product"}],"about":[{"href":"https:\/\/www.tahitiplaisirs.com\/en\/wp-json\/wp\/v2\/types\/product"}],"version-history":[{"count":3,"href":"https:\/\/www.tahitiplaisirs.com\/en\/wp-json\/wp\/v2\/product\/5967\/revisions"}],"predecessor-version":[{"id":9647,"href":"https:\/\/www.tahitiplaisirs.com\/en\/wp-json\/wp\/v2\/product\/5967\/revisions\/9647"}],"wp:featuredmedia":[{"embeddable":true,"href":"https:\/\/www.tahitiplaisirs.com\/en\/wp-json\/wp\/v2\/media\/9648"}],"wp:attachment":[{"href":"https:\/\/www.tahitiplaisirs.com\/en\/wp-json\/wp\/v2\/media?parent=5967"}],"wp:term":[{"taxonomy":"product_brand","embeddable":true,"href":"https:\/\/www.tahitiplaisirs.com\/en\/wp-json\/wp\/v2\/product_brand?post=5967"},{"taxonomy":"product_cat","embeddable":true,"href":"https:\/\/www.tahitiplaisirs.com\/en\/wp-json\/wp\/v2\/product_cat?post=5967"},{"taxonomy":"product_tag","embeddable":true,"href":"https:\/\/www.tahitiplaisirs.com\/en\/wp-json\/wp\/v2\/product_tag?post=5967"}],"curies":[{"name":"wp","href":"https:\/\/api.w.org\/{rel}","templated":true}]}}