{"id":5972,"date":"2025-08-15T16:14:12","date_gmt":"2025-08-16T02:14:12","guid":{"rendered":"https:\/\/www.tahitiplaisirs.com\/?post_type=product&#038;p=5972"},"modified":"2026-03-21T13:58:16","modified_gmt":"2026-03-21T23:58:16","slug":"set-sticky-sweet-kitten-s-l","status":"publish","type":"product","link":"https:\/\/www.tahitiplaisirs.com\/en\/product\/set-sticky-sweet-kitten-s-l\/","title":{"rendered":"Set Sticky &#038; Sweet Kitten S-L"},"content":{"rendered":"","protected":false},"excerpt":{"rendered":"<p>Set Sticky &amp; Sweet S-L de Kitten by Allure<\/p>\n<p>Ensemble compos\u00e9 d&rsquo;une brassi\u00e8re et d&rsquo;une culotte ouverte.<\/p>\n<p><span dir=\"auto\">La brassi\u00e8re en dentelle florale, simple mais qui mettra en valeur votre silhouette gr\u00e2ce \u00e0 ses bretelles \u00e0 nouer dans le dos.<\/span><\/p>\n<p><span dir=\"auto\">La culotte ouverte ultra douce est dot\u00e9e de lacets \u00e0 nouer sur les c\u00f4t\u00e9s et d&rsquo;une bretelle en V qui ceinture la taille.<\/span><\/p>\n<p><span dir=\"auto\">Mati\u00e8re : 88 % nylon, 12 % \u00e9lasthanne.<\/span><\/p>","protected":false},"featured_media":8767,"template":"","meta":[],"product_brand":[],"product_cat":[73,74,63],"product_tag":[],"class_list":{"0":"post-5972","1":"product","2":"type-product","3":"status-publish","4":"has-post-thumbnail","6":"product_cat-lingerie-sexy","7":"product_cat-nuisettes-bodys-et-set","8":"product_cat-pour-elle","11":"instock","12":"taxable","13":"shipping-taxable","14":"purchasable","15":"product-type-simple","16":"product-grid-view"},"_links":{"self":[{"href":"https:\/\/www.tahitiplaisirs.com\/en\/wp-json\/wp\/v2\/product\/5972","targetHints":{"allow":["GET"]}}],"collection":[{"href":"https:\/\/www.tahitiplaisirs.com\/en\/wp-json\/wp\/v2\/product"}],"about":[{"href":"https:\/\/www.tahitiplaisirs.com\/en\/wp-json\/wp\/v2\/types\/product"}],"version-history":[{"count":4,"href":"https:\/\/www.tahitiplaisirs.com\/en\/wp-json\/wp\/v2\/product\/5972\/revisions"}],"predecessor-version":[{"id":9430,"href":"https:\/\/www.tahitiplaisirs.com\/en\/wp-json\/wp\/v2\/product\/5972\/revisions\/9430"}],"wp:featuredmedia":[{"embeddable":true,"href":"https:\/\/www.tahitiplaisirs.com\/en\/wp-json\/wp\/v2\/media\/8767"}],"wp:attachment":[{"href":"https:\/\/www.tahitiplaisirs.com\/en\/wp-json\/wp\/v2\/media?parent=5972"}],"wp:term":[{"taxonomy":"product_brand","embeddable":true,"href":"https:\/\/www.tahitiplaisirs.com\/en\/wp-json\/wp\/v2\/product_brand?post=5972"},{"taxonomy":"product_cat","embeddable":true,"href":"https:\/\/www.tahitiplaisirs.com\/en\/wp-json\/wp\/v2\/product_cat?post=5972"},{"taxonomy":"product_tag","embeddable":true,"href":"https:\/\/www.tahitiplaisirs.com\/en\/wp-json\/wp\/v2\/product_tag?post=5972"}],"curies":[{"name":"wp","href":"https:\/\/api.w.org\/{rel}","templated":true}]}}