{"id":6006,"date":"2025-08-15T16:14:16","date_gmt":"2025-08-16T02:14:16","guid":{"rendered":"https:\/\/www.tahitiplaisirs.com\/?post_type=product&#038;p=6006"},"modified":"2026-04-04T10:18:05","modified_gmt":"2026-04-04T20:18:05","slug":"sucette-rainbow-boobie-pops","status":"publish","type":"product","link":"https:\/\/www.tahitiplaisirs.com\/en\/product\/sucette-rainbow-boobie-pops\/","title":{"rendered":"Sucette Rainbow Boobie Pops"},"content":{"rendered":"","protected":false},"excerpt":{"rendered":"<p>Sucette Rainbow Boobie Pops de Hott Products<\/p>\n<p>Voici une sucette aux couleurs arc en ciel et \u00e0 la forme d&rsquo;une poitrine de femme &#8230;. \u00e0 offrir ou \u00e0 s&rsquo;offrir !<\/p>","protected":false},"featured_media":10589,"template":"","meta":[],"product_brand":[109],"product_cat":[69],"product_tag":[],"class_list":{"0":"post-6006","1":"product","2":"type-product","3":"status-publish","4":"has-post-thumbnail","6":"product_brand-hott-products","7":"product_cat-friandises","10":"instock","11":"taxable","12":"shipping-taxable","13":"purchasable","14":"product-type-simple","15":"product-grid-view"},"_links":{"self":[{"href":"https:\/\/www.tahitiplaisirs.com\/en\/wp-json\/wp\/v2\/product\/6006","targetHints":{"allow":["GET"]}}],"collection":[{"href":"https:\/\/www.tahitiplaisirs.com\/en\/wp-json\/wp\/v2\/product"}],"about":[{"href":"https:\/\/www.tahitiplaisirs.com\/en\/wp-json\/wp\/v2\/types\/product"}],"version-history":[{"count":2,"href":"https:\/\/www.tahitiplaisirs.com\/en\/wp-json\/wp\/v2\/product\/6006\/revisions"}],"predecessor-version":[{"id":10591,"href":"https:\/\/www.tahitiplaisirs.com\/en\/wp-json\/wp\/v2\/product\/6006\/revisions\/10591"}],"wp:featuredmedia":[{"embeddable":true,"href":"https:\/\/www.tahitiplaisirs.com\/en\/wp-json\/wp\/v2\/media\/10589"}],"wp:attachment":[{"href":"https:\/\/www.tahitiplaisirs.com\/en\/wp-json\/wp\/v2\/media?parent=6006"}],"wp:term":[{"taxonomy":"product_brand","embeddable":true,"href":"https:\/\/www.tahitiplaisirs.com\/en\/wp-json\/wp\/v2\/product_brand?post=6006"},{"taxonomy":"product_cat","embeddable":true,"href":"https:\/\/www.tahitiplaisirs.com\/en\/wp-json\/wp\/v2\/product_cat?post=6006"},{"taxonomy":"product_tag","embeddable":true,"href":"https:\/\/www.tahitiplaisirs.com\/en\/wp-json\/wp\/v2\/product_tag?post=6006"}],"curies":[{"name":"wp","href":"https:\/\/api.w.org\/{rel}","templated":true}]}}