{"id":6008,"date":"2025-08-15T16:14:16","date_gmt":"2025-08-16T02:14:16","guid":{"rendered":"https:\/\/www.tahitiplaisirs.com\/?post_type=product&#038;p=6008"},"modified":"2026-03-27T11:02:18","modified_gmt":"2026-03-27T21:02:18","slug":"gaia-parfum-pheromones-pour-femme-50ml","status":"publish","type":"product","link":"https:\/\/www.tahitiplaisirs.com\/en\/product\/gaia-parfum-pheromones-pour-femme-50ml\/","title":{"rendered":"Gaia parfum ph\u00e9romones pour femme 50ml"},"content":{"rendered":"","protected":false},"excerpt":{"rendered":"<p>Gaia parfum ph\u00e9romones pour femme 50ml de Secret Play<\/p>\n<p>Ce parfum \u00e0 la fois sensuel et f\u00e9minin, est enrichi d\u2019un aphrodisiaque naturel extrait de la truffe.<\/p>\n<p>Il sublime votre charme, booste votre confiance et vous rend encore plus s\u00e9duisante et irr\u00e9sistible.<\/p>\n<p>Gr\u00e2ce \u00e0 son ar\u00f4me unique, les particules biologiques de truffe \u00e9veillent naturellement le d\u00e9sir, faisant de vous une v\u00e9ritable source d\u2019attraction pour tous ceux qui vous entourent.<\/p>","protected":false},"featured_media":10489,"template":"","meta":[],"product_brand":[91],"product_cat":[49,63],"product_tag":[],"class_list":{"0":"post-6008","1":"product","2":"type-product","3":"status-publish","4":"has-post-thumbnail","6":"product_brand-secret-play","7":"product_cat-bien-etre","8":"product_cat-pour-elle","11":"instock","12":"purchasable","13":"product-type-simple","14":"product-grid-view"},"_links":{"self":[{"href":"https:\/\/www.tahitiplaisirs.com\/en\/wp-json\/wp\/v2\/product\/6008","targetHints":{"allow":["GET"]}}],"collection":[{"href":"https:\/\/www.tahitiplaisirs.com\/en\/wp-json\/wp\/v2\/product"}],"about":[{"href":"https:\/\/www.tahitiplaisirs.com\/en\/wp-json\/wp\/v2\/types\/product"}],"version-history":[{"count":4,"href":"https:\/\/www.tahitiplaisirs.com\/en\/wp-json\/wp\/v2\/product\/6008\/revisions"}],"predecessor-version":[{"id":10555,"href":"https:\/\/www.tahitiplaisirs.com\/en\/wp-json\/wp\/v2\/product\/6008\/revisions\/10555"}],"wp:featuredmedia":[{"embeddable":true,"href":"https:\/\/www.tahitiplaisirs.com\/en\/wp-json\/wp\/v2\/media\/10489"}],"wp:attachment":[{"href":"https:\/\/www.tahitiplaisirs.com\/en\/wp-json\/wp\/v2\/media?parent=6008"}],"wp:term":[{"taxonomy":"product_brand","embeddable":true,"href":"https:\/\/www.tahitiplaisirs.com\/en\/wp-json\/wp\/v2\/product_brand?post=6008"},{"taxonomy":"product_cat","embeddable":true,"href":"https:\/\/www.tahitiplaisirs.com\/en\/wp-json\/wp\/v2\/product_cat?post=6008"},{"taxonomy":"product_tag","embeddable":true,"href":"https:\/\/www.tahitiplaisirs.com\/en\/wp-json\/wp\/v2\/product_tag?post=6008"}],"curies":[{"name":"wp","href":"https:\/\/api.w.org\/{rel}","templated":true}]}}