{"id":6010,"date":"2025-08-15T16:14:16","date_gmt":"2025-08-16T02:14:16","guid":{"rendered":"https:\/\/www.tahitiplaisirs.com\/?post_type=product&#038;p=6010"},"modified":"2026-03-21T13:58:08","modified_gmt":"2026-03-21T23:58:08","slug":"oeuf-pleasure-egg-2-jaune","status":"publish","type":"product","link":"https:\/\/www.tahitiplaisirs.com\/en\/product\/oeuf-pleasure-egg-2-jaune\/","title":{"rendered":"\u0152uf Pleasure Egg 2 jaune"},"content":{"rendered":"","protected":false},"excerpt":{"rendered":"<p>Masturbateur \u0153uf \u00e0 usage unique Pleasure Egg 2 jaune de Baile &#8211; Pretty Love<\/p>\n<p>Les \u0153ufs masturbateurs sont des accessoires d\u00e9di\u00e9s au plaisir masculin et \u00e0 usage unique.<\/p>\n<p>Le principe est simple : apr\u00e8s avoir mis le lubrifiant \u00e0 l\u2019entr\u00e9e de l\u2019\u0153uf, il suffit de le placer sur le gland puis de l\u2019\u00e9tirer pour qu\u2019il enveloppe tout le p\u00e9nis.<\/p>\n<p>Leur maniabilit\u00e9, leur facilit\u00e9 d\u2019utilisation et leur faible encombrement font de ces \u0153ufs des sex-toys toujours logeables dans un coin de votre mallette ou valise, pour c\u00e9der \u00e0 toutes vos envies et vous laisser aller aux plaisirs coquins.<\/p>","protected":false},"featured_media":6809,"template":"","meta":[],"product_brand":[93],"product_cat":[78,51,47],"product_tag":[],"class_list":{"0":"post-6010","1":"product","2":"type-product","3":"status-publish","4":"has-post-thumbnail","6":"product_brand-baile-pretty-love","7":"product_cat-masturbateurs","8":"product_cat-pour-lui","9":"product_cat-sextoys","12":"instock","13":"taxable","14":"shipping-taxable","15":"purchasable","16":"product-type-simple","17":"product-grid-view"},"_links":{"self":[{"href":"https:\/\/www.tahitiplaisirs.com\/en\/wp-json\/wp\/v2\/product\/6010","targetHints":{"allow":["GET"]}}],"collection":[{"href":"https:\/\/www.tahitiplaisirs.com\/en\/wp-json\/wp\/v2\/product"}],"about":[{"href":"https:\/\/www.tahitiplaisirs.com\/en\/wp-json\/wp\/v2\/types\/product"}],"version-history":[{"count":1,"href":"https:\/\/www.tahitiplaisirs.com\/en\/wp-json\/wp\/v2\/product\/6010\/revisions"}],"predecessor-version":[{"id":6040,"href":"https:\/\/www.tahitiplaisirs.com\/en\/wp-json\/wp\/v2\/product\/6010\/revisions\/6040"}],"wp:featuredmedia":[{"embeddable":true,"href":"https:\/\/www.tahitiplaisirs.com\/en\/wp-json\/wp\/v2\/media\/6809"}],"wp:attachment":[{"href":"https:\/\/www.tahitiplaisirs.com\/en\/wp-json\/wp\/v2\/media?parent=6010"}],"wp:term":[{"taxonomy":"product_brand","embeddable":true,"href":"https:\/\/www.tahitiplaisirs.com\/en\/wp-json\/wp\/v2\/product_brand?post=6010"},{"taxonomy":"product_cat","embeddable":true,"href":"https:\/\/www.tahitiplaisirs.com\/en\/wp-json\/wp\/v2\/product_cat?post=6010"},{"taxonomy":"product_tag","embeddable":true,"href":"https:\/\/www.tahitiplaisirs.com\/en\/wp-json\/wp\/v2\/product_tag?post=6010"}],"curies":[{"name":"wp","href":"https:\/\/api.w.org\/{rel}","templated":true}]}}