{"id":6025,"date":"2025-08-15T16:14:17","date_gmt":"2025-08-16T02:14:17","guid":{"rendered":"https:\/\/www.tahitiplaisirs.com\/?post_type=product&#038;p=6025"},"modified":"2026-04-17T11:00:03","modified_gmt":"2026-04-17T21:00:03","slug":"69-ave","status":"publish","type":"product","link":"https:\/\/www.tahitiplaisirs.com\/en\/product\/69-ave\/","title":{"rendered":"69 Ave."},"content":{"rendered":"","protected":false},"excerpt":{"rendered":"<p>69 Ave. 6900<\/p>\n<p><span class=\"Y2IQFc\" lang=\"fr\"><span lang=\"fr\">69 Ave. a \u00e9t\u00e9 scientifiquement con\u00e7u pour les hommes afin d&rsquo;augmenter <\/span> les performances, l&rsquo;endurance.<\/span><\/p>\n<div id=\"tw-target-text-container\" class=\"tw-ta-container hide-focus-ring tw-nfl\" tabindex=\"0\">\n<p class=\"tw-data-text tw-text-large XcVN5d tw-ta\" dir=\"ltr\" data-placeholder=\"Traduction\"><span lang=\"fr\"> Il a \u00e9t\u00e9 formul\u00e9 pour favoriser des \u00e9rections plus longues, plus dures et am\u00e9liorer l&rsquo;activit\u00e9 sexuelle<\/span><\/p>\n<p dir=\"ltr\" data-placeholder=\"Traduction\">Mode d&#8217;emploi :<\/p>\n<div id=\"tw-target-text-container\" class=\"tw-ta-container hide-focus-ring tw-nfl\" tabindex=\"0\">\n<p id=\"tw-target-text\" class=\"tw-data-text tw-text-large XcVN5d tw-ta\" dir=\"ltr\" data-placeholder=\"Traduction\"><span lang=\"fr\">Prendre 1 g\u00e9lule 30 minutes avant l&rsquo;activit\u00e9 sexuelle.<\/span><\/p>\n<p class=\"tw-data-text tw-text-large XcVN5d tw-ta\" dir=\"ltr\" data-placeholder=\"Traduction\"><span lang=\"fr\">Les effets sont activ\u00e9s lorsque la stimulation physique se produit.<\/span><\/p>\n<p class=\"tw-data-text tw-text-large XcVN5d tw-ta\" dir=\"ltr\" data-placeholder=\"Traduction\"><span lang=\"fr\">Ne prenez pas plus d&rsquo;une g\u00e9lule dans les 60 heures<\/span><\/p>\n<\/div>\n<p id=\"tw-target-text\" class=\"tw-data-text tw-text-large tw-ta\" dir=\"ltr\" data-placeholder=\"Traduction\"><span class=\"Y2IQFc\" lang=\"fr\">\u00a0<\/span><\/p>\n<\/div>","protected":false},"featured_media":6705,"template":"","meta":[],"product_brand":[],"product_cat":[51,55],"product_tag":[],"class_list":{"0":"post-6025","1":"product","2":"type-product","3":"status-publish","4":"has-post-thumbnail","6":"product_cat-pour-lui","7":"product_cat-stimulants-hommes","10":"instock","11":"purchasable","12":"product-type-simple","13":"product-grid-view"},"_links":{"self":[{"href":"https:\/\/www.tahitiplaisirs.com\/en\/wp-json\/wp\/v2\/product\/6025","targetHints":{"allow":["GET"]}}],"collection":[{"href":"https:\/\/www.tahitiplaisirs.com\/en\/wp-json\/wp\/v2\/product"}],"about":[{"href":"https:\/\/www.tahitiplaisirs.com\/en\/wp-json\/wp\/v2\/types\/product"}],"version-history":[{"count":1,"href":"https:\/\/www.tahitiplaisirs.com\/en\/wp-json\/wp\/v2\/product\/6025\/revisions"}],"predecessor-version":[{"id":6055,"href":"https:\/\/www.tahitiplaisirs.com\/en\/wp-json\/wp\/v2\/product\/6025\/revisions\/6055"}],"wp:featuredmedia":[{"embeddable":true,"href":"https:\/\/www.tahitiplaisirs.com\/en\/wp-json\/wp\/v2\/media\/6705"}],"wp:attachment":[{"href":"https:\/\/www.tahitiplaisirs.com\/en\/wp-json\/wp\/v2\/media?parent=6025"}],"wp:term":[{"taxonomy":"product_brand","embeddable":true,"href":"https:\/\/www.tahitiplaisirs.com\/en\/wp-json\/wp\/v2\/product_brand?post=6025"},{"taxonomy":"product_cat","embeddable":true,"href":"https:\/\/www.tahitiplaisirs.com\/en\/wp-json\/wp\/v2\/product_cat?post=6025"},{"taxonomy":"product_tag","embeddable":true,"href":"https:\/\/www.tahitiplaisirs.com\/en\/wp-json\/wp\/v2\/product_tag?post=6025"}],"curies":[{"name":"wp","href":"https:\/\/api.w.org\/{rel}","templated":true}]}}