{"id":6073,"date":"2025-08-15T16:14:21","date_gmt":"2025-08-16T02:14:21","guid":{"rendered":"https:\/\/www.tahitiplaisirs.com\/?post_type=product&#038;p=6073"},"modified":"2026-02-24T15:17:03","modified_gmt":"2026-02-25T01:17:03","slug":"gode-silexd-rose-modele-1-15-38cm","status":"publish","type":"product","link":"https:\/\/www.tahitiplaisirs.com\/en\/product\/gode-silexd-rose-modele-1-15-38cm\/","title":{"rendered":"Gode Silexd rose mod\u00e8le 1 &#8211; 15\u00a0\u00bb &#8211; 38cm"},"content":{"rendered":"","protected":false},"excerpt":{"rendered":"<p>Gode r\u00e9aliste rose double densit\u00e9 mod\u00e8le 1 &#8211; 38cm de Silexd<\/p>\n<p>D\u00e9couvrez le gode r\u00e9aliste avec testicules dans une version volumineuse !<\/p>\n<p>Il est recouvert d&rsquo;une peau douce en silicone de qualit\u00e9 sup\u00e9rieure et l&rsquo;int\u00e9rieur est garni de Silexpan double densit\u00e9 avec un noyau interne dur, pour des sensations tr\u00e8s r\u00e9alistes et une exp\u00e9rience de plaisir incomparable.<\/p>\n<p>Thermo r\u00e9actif, il se ramolli au contact de la chaleur (30 secondes au micro-ondes ou 2 minutes dans de l&rsquo;eau bouillante) ou deviendra tr\u00e8s dur si vous le placez au frigidaire.<\/p>\n<p>Sa m\u00e9moire de forme permet de le plier et il reprendra sa forme.<\/p>\n<p>Sa solide ventouse permet de l&rsquo;utiliser avec un harnais ou de le ventouser sur une surface plane.<\/p>\n<p>Longueur totale : 38cm<\/p>\n<p>Longueur ins\u00e9rable : 28cm<\/p>\n<p>Diam\u00e8tre : 6,4cm<\/p>\n<p>Composition : silexpan, silicone<\/p>","protected":false},"featured_media":9825,"template":"","meta":[],"product_brand":[87],"product_cat":[53,47],"product_tag":[],"class_list":{"0":"post-6073","1":"product","2":"type-product","3":"status-publish","4":"has-post-thumbnail","6":"product_brand-silexd","7":"product_cat-godemichets","8":"product_cat-sextoys","11":"instock","12":"purchasable","13":"product-type-simple","14":"product-grid-view"},"_links":{"self":[{"href":"https:\/\/www.tahitiplaisirs.com\/en\/wp-json\/wp\/v2\/product\/6073","targetHints":{"allow":["GET"]}}],"collection":[{"href":"https:\/\/www.tahitiplaisirs.com\/en\/wp-json\/wp\/v2\/product"}],"about":[{"href":"https:\/\/www.tahitiplaisirs.com\/en\/wp-json\/wp\/v2\/types\/product"}],"version-history":[{"count":3,"href":"https:\/\/www.tahitiplaisirs.com\/en\/wp-json\/wp\/v2\/product\/6073\/revisions"}],"predecessor-version":[{"id":9822,"href":"https:\/\/www.tahitiplaisirs.com\/en\/wp-json\/wp\/v2\/product\/6073\/revisions\/9822"}],"wp:featuredmedia":[{"embeddable":true,"href":"https:\/\/www.tahitiplaisirs.com\/en\/wp-json\/wp\/v2\/media\/9825"}],"wp:attachment":[{"href":"https:\/\/www.tahitiplaisirs.com\/en\/wp-json\/wp\/v2\/media?parent=6073"}],"wp:term":[{"taxonomy":"product_brand","embeddable":true,"href":"https:\/\/www.tahitiplaisirs.com\/en\/wp-json\/wp\/v2\/product_brand?post=6073"},{"taxonomy":"product_cat","embeddable":true,"href":"https:\/\/www.tahitiplaisirs.com\/en\/wp-json\/wp\/v2\/product_cat?post=6073"},{"taxonomy":"product_tag","embeddable":true,"href":"https:\/\/www.tahitiplaisirs.com\/en\/wp-json\/wp\/v2\/product_tag?post=6073"}],"curies":[{"name":"wp","href":"https:\/\/api.w.org\/{rel}","templated":true}]}}