{"id":6078,"date":"2025-08-15T16:14:21","date_gmt":"2025-08-16T02:14:21","guid":{"rendered":"https:\/\/www.tahitiplaisirs.com\/?post_type=product&#038;p=6078"},"modified":"2026-03-21T13:56:07","modified_gmt":"2026-03-21T23:56:07","slug":"culotte-noire-adore-me-l-xl","status":"publish","type":"product","link":"https:\/\/www.tahitiplaisirs.com\/en\/product\/culotte-noire-adore-me-l-xl\/","title":{"rendered":"Culotte noire Adore me L\/XL"},"content":{"rendered":"","protected":false},"excerpt":{"rendered":"<p>Culotte noire Adore me L\/XL de Penthouse<\/p>\n<p>Culotte sexy en dentelle noire avec une lani\u00e8re tour de taille, et sur l&rsquo;arri\u00e8re, un petit noeud satin qui apporte un c\u00f4t\u00e9 glamour.<\/p>\n<p>Composition : 88% Polyamide &#8211; 12% Elasthanne<\/p>","protected":false},"featured_media":7251,"template":"","meta":[],"product_brand":[98],"product_cat":[73,80],"product_tag":[],"class_list":{"0":"post-6078","1":"product","2":"type-product","3":"status-publish","4":"has-post-thumbnail","6":"product_brand-penthouse","7":"product_cat-lingerie-sexy","8":"product_cat-strings-culottes-et-tangas","11":"instock","12":"taxable","13":"shipping-taxable","14":"purchasable","15":"product-type-simple","16":"product-grid-view"},"_links":{"self":[{"href":"https:\/\/www.tahitiplaisirs.com\/en\/wp-json\/wp\/v2\/product\/6078","targetHints":{"allow":["GET"]}}],"collection":[{"href":"https:\/\/www.tahitiplaisirs.com\/en\/wp-json\/wp\/v2\/product"}],"about":[{"href":"https:\/\/www.tahitiplaisirs.com\/en\/wp-json\/wp\/v2\/types\/product"}],"version-history":[{"count":1,"href":"https:\/\/www.tahitiplaisirs.com\/en\/wp-json\/wp\/v2\/product\/6078\/revisions"}],"predecessor-version":[{"id":6108,"href":"https:\/\/www.tahitiplaisirs.com\/en\/wp-json\/wp\/v2\/product\/6078\/revisions\/6108"}],"wp:featuredmedia":[{"embeddable":true,"href":"https:\/\/www.tahitiplaisirs.com\/en\/wp-json\/wp\/v2\/media\/7251"}],"wp:attachment":[{"href":"https:\/\/www.tahitiplaisirs.com\/en\/wp-json\/wp\/v2\/media?parent=6078"}],"wp:term":[{"taxonomy":"product_brand","embeddable":true,"href":"https:\/\/www.tahitiplaisirs.com\/en\/wp-json\/wp\/v2\/product_brand?post=6078"},{"taxonomy":"product_cat","embeddable":true,"href":"https:\/\/www.tahitiplaisirs.com\/en\/wp-json\/wp\/v2\/product_cat?post=6078"},{"taxonomy":"product_tag","embeddable":true,"href":"https:\/\/www.tahitiplaisirs.com\/en\/wp-json\/wp\/v2\/product_tag?post=6078"}],"curies":[{"name":"wp","href":"https:\/\/api.w.org\/{rel}","templated":true}]}}