{"id":6085,"date":"2025-08-15T16:14:21","date_gmt":"2025-08-16T02:14:21","guid":{"rendered":"https:\/\/www.tahitiplaisirs.com\/?post_type=product&#038;p=6085"},"modified":"2026-03-21T13:56:08","modified_gmt":"2026-03-21T23:56:08","slug":"set-glow-in-the-dark-s-m","status":"publish","type":"product","link":"https:\/\/www.tahitiplaisirs.com\/en\/product\/set-glow-in-the-dark-s-m\/","title":{"rendered":"Set Glow in the dark S\/M"},"content":{"rendered":"","protected":false},"excerpt":{"rendered":"<p><span dir=\"auto\">Set compos\u00e9 d&rsquo;un soutien-gorge cage \u00e0 armatures dont les bonnets sont ouverts et les bretelles sont r\u00e9glables.<\/span><\/p>\n<p><span dir=\"auto\">Culotte ouverte \u00e0 l&rsquo;entrejambe assortie<\/span><\/p>\n<p><span dir=\"auto\">Les cache-t\u00e9tons sont vendus s\u00e9par\u00e9ment<\/span><\/p>\n<p><span dir=\"auto\">Mati\u00e8re : 95 % polyester, 5 % \u00e9lasthanne<\/span><\/p>","protected":false},"featured_media":7256,"template":"","meta":[],"product_brand":[],"product_cat":[73,74],"product_tag":[],"class_list":{"0":"post-6085","1":"product","2":"type-product","3":"status-publish","4":"has-post-thumbnail","6":"product_cat-lingerie-sexy","7":"product_cat-nuisettes-bodys-et-set","10":"instock","11":"taxable","12":"shipping-taxable","13":"purchasable","14":"product-type-simple","15":"product-grid-view"},"_links":{"self":[{"href":"https:\/\/www.tahitiplaisirs.com\/en\/wp-json\/wp\/v2\/product\/6085","targetHints":{"allow":["GET"]}}],"collection":[{"href":"https:\/\/www.tahitiplaisirs.com\/en\/wp-json\/wp\/v2\/product"}],"about":[{"href":"https:\/\/www.tahitiplaisirs.com\/en\/wp-json\/wp\/v2\/types\/product"}],"version-history":[{"count":1,"href":"https:\/\/www.tahitiplaisirs.com\/en\/wp-json\/wp\/v2\/product\/6085\/revisions"}],"predecessor-version":[{"id":6115,"href":"https:\/\/www.tahitiplaisirs.com\/en\/wp-json\/wp\/v2\/product\/6085\/revisions\/6115"}],"wp:featuredmedia":[{"embeddable":true,"href":"https:\/\/www.tahitiplaisirs.com\/en\/wp-json\/wp\/v2\/media\/7256"}],"wp:attachment":[{"href":"https:\/\/www.tahitiplaisirs.com\/en\/wp-json\/wp\/v2\/media?parent=6085"}],"wp:term":[{"taxonomy":"product_brand","embeddable":true,"href":"https:\/\/www.tahitiplaisirs.com\/en\/wp-json\/wp\/v2\/product_brand?post=6085"},{"taxonomy":"product_cat","embeddable":true,"href":"https:\/\/www.tahitiplaisirs.com\/en\/wp-json\/wp\/v2\/product_cat?post=6085"},{"taxonomy":"product_tag","embeddable":true,"href":"https:\/\/www.tahitiplaisirs.com\/en\/wp-json\/wp\/v2\/product_tag?post=6085"}],"curies":[{"name":"wp","href":"https:\/\/api.w.org\/{rel}","templated":true}]}}