{"id":6090,"date":"2025-08-15T16:14:22","date_gmt":"2025-08-16T02:14:22","guid":{"rendered":"https:\/\/www.tahitiplaisirs.com\/?post_type=product&#038;p=6090"},"modified":"2026-03-21T13:55:20","modified_gmt":"2026-03-21T23:55:20","slug":"jock-strap-comics-m","status":"publish","type":"product","link":"https:\/\/www.tahitiplaisirs.com\/en\/product\/jock-strap-comics-m\/","title":{"rendered":"Jock Strap Comics M"},"content":{"rendered":"","protected":false},"excerpt":{"rendered":"<p>Jock Strap Comics M de Anais for men<\/p>\n<p>Ce jock strap sexy avec large ouverture \u00e0 l\u2019arri\u00e8re est fabriqu\u00e9 en tissu imprim\u00e9 de visages inspir\u00e9s des comics et du pop art.<\/p>\n<p>Sa large ceinture \u00e9lastique noire est d\u00e9cor\u00e9e de t\u00eates de lion et du logo de la marque.<\/p>\n<p>Composition : 80% polyamide et 20% \u00e9lasthanne<\/p>","protected":false},"featured_media":6684,"template":"","meta":[],"product_brand":[],"product_cat":[73,51],"product_tag":[],"class_list":{"0":"post-6090","1":"product","2":"type-product","3":"status-publish","4":"has-post-thumbnail","6":"product_cat-lingerie-sexy","7":"product_cat-pour-lui","10":"instock","11":"taxable","12":"shipping-taxable","13":"purchasable","14":"product-type-simple","15":"product-grid-view"},"_links":{"self":[{"href":"https:\/\/www.tahitiplaisirs.com\/en\/wp-json\/wp\/v2\/product\/6090","targetHints":{"allow":["GET"]}}],"collection":[{"href":"https:\/\/www.tahitiplaisirs.com\/en\/wp-json\/wp\/v2\/product"}],"about":[{"href":"https:\/\/www.tahitiplaisirs.com\/en\/wp-json\/wp\/v2\/types\/product"}],"version-history":[{"count":2,"href":"https:\/\/www.tahitiplaisirs.com\/en\/wp-json\/wp\/v2\/product\/6090\/revisions"}],"predecessor-version":[{"id":9388,"href":"https:\/\/www.tahitiplaisirs.com\/en\/wp-json\/wp\/v2\/product\/6090\/revisions\/9388"}],"wp:featuredmedia":[{"embeddable":true,"href":"https:\/\/www.tahitiplaisirs.com\/en\/wp-json\/wp\/v2\/media\/6684"}],"wp:attachment":[{"href":"https:\/\/www.tahitiplaisirs.com\/en\/wp-json\/wp\/v2\/media?parent=6090"}],"wp:term":[{"taxonomy":"product_brand","embeddable":true,"href":"https:\/\/www.tahitiplaisirs.com\/en\/wp-json\/wp\/v2\/product_brand?post=6090"},{"taxonomy":"product_cat","embeddable":true,"href":"https:\/\/www.tahitiplaisirs.com\/en\/wp-json\/wp\/v2\/product_cat?post=6090"},{"taxonomy":"product_tag","embeddable":true,"href":"https:\/\/www.tahitiplaisirs.com\/en\/wp-json\/wp\/v2\/product_tag?post=6090"}],"curies":[{"name":"wp","href":"https:\/\/api.w.org\/{rel}","templated":true}]}}