{"id":6093,"date":"2025-08-15T16:14:22","date_gmt":"2025-08-16T02:14:22","guid":{"rendered":"https:\/\/www.tahitiplaisirs.com\/?post_type=product&#038;p=6093"},"modified":"2026-03-21T13:55:15","modified_gmt":"2026-03-21T23:55:15","slug":"culotte-noire-adore-me-s-m","status":"publish","type":"product","link":"https:\/\/www.tahitiplaisirs.com\/en\/product\/culotte-noire-adore-me-s-m\/","title":{"rendered":"Culotte noire Adore me S\/M"},"content":{"rendered":"","protected":false},"excerpt":{"rendered":"<p>Culotte noire Adore me S\/M de Penthouse<\/p>\n<p>Culotte sexy en dentelle noire avec une lani\u00e8re tour de taille, et sur l&rsquo;arri\u00e8re, un petit noeud satin qui apporte un c\u00f4t\u00e9 glamour.<\/p>\n<p>Composition : 88% Polyamide &#8211; 12% Elasthanne<\/p>","protected":false},"featured_media":6659,"template":"","meta":[],"product_brand":[98],"product_cat":[73,63,80],"product_tag":[],"class_list":{"0":"post-6093","1":"product","2":"type-product","3":"status-publish","4":"has-post-thumbnail","6":"product_brand-penthouse","7":"product_cat-lingerie-sexy","8":"product_cat-pour-elle","9":"product_cat-strings-culottes-et-tangas","12":"instock","13":"taxable","14":"shipping-taxable","15":"purchasable","16":"product-type-simple","17":"product-grid-view"},"_links":{"self":[{"href":"https:\/\/www.tahitiplaisirs.com\/en\/wp-json\/wp\/v2\/product\/6093","targetHints":{"allow":["GET"]}}],"collection":[{"href":"https:\/\/www.tahitiplaisirs.com\/en\/wp-json\/wp\/v2\/product"}],"about":[{"href":"https:\/\/www.tahitiplaisirs.com\/en\/wp-json\/wp\/v2\/types\/product"}],"version-history":[{"count":1,"href":"https:\/\/www.tahitiplaisirs.com\/en\/wp-json\/wp\/v2\/product\/6093\/revisions"}],"predecessor-version":[{"id":6123,"href":"https:\/\/www.tahitiplaisirs.com\/en\/wp-json\/wp\/v2\/product\/6093\/revisions\/6123"}],"wp:featuredmedia":[{"embeddable":true,"href":"https:\/\/www.tahitiplaisirs.com\/en\/wp-json\/wp\/v2\/media\/6659"}],"wp:attachment":[{"href":"https:\/\/www.tahitiplaisirs.com\/en\/wp-json\/wp\/v2\/media?parent=6093"}],"wp:term":[{"taxonomy":"product_brand","embeddable":true,"href":"https:\/\/www.tahitiplaisirs.com\/en\/wp-json\/wp\/v2\/product_brand?post=6093"},{"taxonomy":"product_cat","embeddable":true,"href":"https:\/\/www.tahitiplaisirs.com\/en\/wp-json\/wp\/v2\/product_cat?post=6093"},{"taxonomy":"product_tag","embeddable":true,"href":"https:\/\/www.tahitiplaisirs.com\/en\/wp-json\/wp\/v2\/product_tag?post=6093"}],"curies":[{"name":"wp","href":"https:\/\/api.w.org\/{rel}","templated":true}]}}