{"id":6094,"date":"2025-08-15T16:14:22","date_gmt":"2025-08-16T02:14:22","guid":{"rendered":"https:\/\/www.tahitiplaisirs.com\/?post_type=product&#038;p=6094"},"modified":"2026-03-21T13:55:14","modified_gmt":"2026-03-21T23:55:14","slug":"jeu-le-chemin-du-plaisir","status":"publish","type":"product","link":"https:\/\/www.tahitiplaisirs.com\/en\/product\/jeu-le-chemin-du-plaisir\/","title":{"rendered":"Jeu Le chemin du plaisir"},"content":{"rendered":"","protected":false},"excerpt":{"rendered":"<p>Jeu coquin Le chemin du plaisir<\/p>\n<p>Le Chemin du Plaisir est un jeu de soci\u00e9t\u00e9 \u00e9rotique con\u00e7u pour \u00e9veiller les sens et pimenter les moments en couple.<\/p>\n<p>Ce jeu de l&rsquo;oie sexy vous propose un parcours sensuel o\u00f9 chaque case vous invite \u00e0 relever des d\u00e9fis de plus en plus audacieux.<\/p>\n<p>En avan\u00e7ant, vous explorerez le corps et les d\u00e9sirs de votre partenaire \u00e0 travers 69 gages excitants, mettant en jeu le toucher, l&rsquo;odorat et le go\u00fbt.<\/p>\n<p>Le jeu se d\u00e9roule en\u00a0trois \u00e9tapes gourmandes : les \u00ab\u00a0Entr\u00e9es\u00a0\u00bb pour d\u00e9buter en douceur, les \u00ab\u00a0Plats\u00a0\u00bb \u00e9pic\u00e9s pour intensifier l&rsquo;excitation, et les \u00ab\u00a0Desserts\u00a0\u00bb gourmands pour conclure en apoth\u00e9ose.<\/p>\n<p>Le premier joueur \u00e0 atteindre la case 69 pourra soumettre \u00e0 son partenaire un d\u00e9sir de son choix.<\/p>\n<p>Pr\u00e9parez-vous \u00e0 des moments de rires, de complicit\u00e9 et d&rsquo;intense excitation.<\/p>\n<p>Contenu: 1 plateau de jeu, 1 d\u00e9, 6 pi\u00e8ces de jeu<\/p>","protected":false},"featured_media":6778,"template":"","meta":[],"product_brand":[],"product_cat":[61],"product_tag":[],"class_list":{"0":"post-6094","1":"product","2":"type-product","3":"status-publish","4":"has-post-thumbnail","6":"product_cat-jeux-coquins","9":"instock","10":"taxable","11":"shipping-taxable","12":"purchasable","13":"product-type-simple","14":"product-grid-view"},"_links":{"self":[{"href":"https:\/\/www.tahitiplaisirs.com\/en\/wp-json\/wp\/v2\/product\/6094","targetHints":{"allow":["GET"]}}],"collection":[{"href":"https:\/\/www.tahitiplaisirs.com\/en\/wp-json\/wp\/v2\/product"}],"about":[{"href":"https:\/\/www.tahitiplaisirs.com\/en\/wp-json\/wp\/v2\/types\/product"}],"version-history":[{"count":2,"href":"https:\/\/www.tahitiplaisirs.com\/en\/wp-json\/wp\/v2\/product\/6094\/revisions"}],"predecessor-version":[{"id":9508,"href":"https:\/\/www.tahitiplaisirs.com\/en\/wp-json\/wp\/v2\/product\/6094\/revisions\/9508"}],"wp:featuredmedia":[{"embeddable":true,"href":"https:\/\/www.tahitiplaisirs.com\/en\/wp-json\/wp\/v2\/media\/6778"}],"wp:attachment":[{"href":"https:\/\/www.tahitiplaisirs.com\/en\/wp-json\/wp\/v2\/media?parent=6094"}],"wp:term":[{"taxonomy":"product_brand","embeddable":true,"href":"https:\/\/www.tahitiplaisirs.com\/en\/wp-json\/wp\/v2\/product_brand?post=6094"},{"taxonomy":"product_cat","embeddable":true,"href":"https:\/\/www.tahitiplaisirs.com\/en\/wp-json\/wp\/v2\/product_cat?post=6094"},{"taxonomy":"product_tag","embeddable":true,"href":"https:\/\/www.tahitiplaisirs.com\/en\/wp-json\/wp\/v2\/product_tag?post=6094"}],"curies":[{"name":"wp","href":"https:\/\/api.w.org\/{rel}","templated":true}]}}