{"id":6127,"date":"2025-08-15T16:14:25","date_gmt":"2025-08-16T02:14:25","guid":{"rendered":"https:\/\/www.tahitiplaisirs.com\/?post_type=product&#038;p=6127"},"modified":"2026-03-21T13:55:10","modified_gmt":"2026-03-21T23:55:10","slug":"string-noir-dreaming-s-l","status":"publish","type":"product","link":"https:\/\/www.tahitiplaisirs.com\/en\/product\/string-noir-dreaming-s-l\/","title":{"rendered":"String noir Dreaming S-L"},"content":{"rendered":"","protected":false},"excerpt":{"rendered":"<p>String noir Dreaming \u2013 Adore by Allure Lingerie<\/p>\n<p><span dir=\"auto\">Joli string noir en dentelle \u00e0 double lani\u00e8res avec petit n\u0153ud devant et derri\u00e8re.<\/span><\/p>\n<p><span dir=\"auto\">Mati\u00e8re : 90 % polyester, 10 % \u00e9lasthanne.<\/span><\/p>","protected":false},"featured_media":6651,"template":"","meta":[],"product_brand":[],"product_cat":[73,63,80],"product_tag":[],"class_list":{"0":"post-6127","1":"product","2":"type-product","3":"status-publish","4":"has-post-thumbnail","6":"product_cat-lingerie-sexy","7":"product_cat-pour-elle","8":"product_cat-strings-culottes-et-tangas","11":"instock","12":"purchasable","13":"product-type-simple","14":"product-grid-view"},"_links":{"self":[{"href":"https:\/\/www.tahitiplaisirs.com\/en\/wp-json\/wp\/v2\/product\/6127","targetHints":{"allow":["GET"]}}],"collection":[{"href":"https:\/\/www.tahitiplaisirs.com\/en\/wp-json\/wp\/v2\/product"}],"about":[{"href":"https:\/\/www.tahitiplaisirs.com\/en\/wp-json\/wp\/v2\/types\/product"}],"version-history":[{"count":1,"href":"https:\/\/www.tahitiplaisirs.com\/en\/wp-json\/wp\/v2\/product\/6127\/revisions"}],"predecessor-version":[{"id":6154,"href":"https:\/\/www.tahitiplaisirs.com\/en\/wp-json\/wp\/v2\/product\/6127\/revisions\/6154"}],"wp:featuredmedia":[{"embeddable":true,"href":"https:\/\/www.tahitiplaisirs.com\/en\/wp-json\/wp\/v2\/media\/6651"}],"wp:attachment":[{"href":"https:\/\/www.tahitiplaisirs.com\/en\/wp-json\/wp\/v2\/media?parent=6127"}],"wp:term":[{"taxonomy":"product_brand","embeddable":true,"href":"https:\/\/www.tahitiplaisirs.com\/en\/wp-json\/wp\/v2\/product_brand?post=6127"},{"taxonomy":"product_cat","embeddable":true,"href":"https:\/\/www.tahitiplaisirs.com\/en\/wp-json\/wp\/v2\/product_cat?post=6127"},{"taxonomy":"product_tag","embeddable":true,"href":"https:\/\/www.tahitiplaisirs.com\/en\/wp-json\/wp\/v2\/product_tag?post=6127"}],"curies":[{"name":"wp","href":"https:\/\/api.w.org\/{rel}","templated":true}]}}