{"id":6133,"date":"2025-08-15T16:14:25","date_gmt":"2025-08-16T02:14:25","guid":{"rendered":"https:\/\/www.tahitiplaisirs.com\/?post_type=product&#038;p=6133"},"modified":"2026-03-21T13:55:13","modified_gmt":"2026-03-21T23:55:13","slug":"string-noir-open-secret-m-l","status":"publish","type":"product","link":"https:\/\/www.tahitiplaisirs.com\/en\/product\/string-noir-open-secret-m-l\/","title":{"rendered":"String noir Open secret M\/L"},"content":{"rendered":"","protected":false},"excerpt":{"rendered":"<p>String noir Open secret de Penthouse M\/L<\/p>\n<p><span style=\"font-family: Arial;\"><span dir=\"auto\">String noir ouvert <\/span><span dir=\"auto\">confectionn\u00e9 en <\/span><span dir=\"auto\">dentelle <\/span><span dir=\"auto\">de qualit\u00e9 sup\u00e9rieure<\/span><span dir=\"auto\"> avec un <\/span><span dir=\"auto\">magnifique<\/span> <span dir=\"auto\">motif floral <\/span><span dir=\"auto\">et <\/span><span dir=\"auto\">une coupe \u00e9lastique confortable.<\/span>\u00a0<\/span><\/p>\n<p><span style=\"font-family: Arial;\"><span dir=\"auto\">Il pr\u00e9sente <\/span><span dir=\"auto\">\u00e9galement des d\u00e9tails \u00e0 bretelles<\/span><span dir=\"auto\"> qui mettront en valeur votre taille et vos fesses, tandis que le <\/span><span dir=\"auto\">strass en forme de bijou<\/span><span dir=\"auto\"> sur le devant ajoute une touche de luxe, attirant l&rsquo;attention sur votre endroit le plus intime.<\/span><\/span><\/p>","protected":false},"featured_media":6657,"template":"","meta":[],"product_brand":[98],"product_cat":[73,63,80],"product_tag":[],"class_list":{"0":"post-6133","1":"product","2":"type-product","3":"status-publish","4":"has-post-thumbnail","6":"product_brand-penthouse","7":"product_cat-lingerie-sexy","8":"product_cat-pour-elle","9":"product_cat-strings-culottes-et-tangas","12":"instock","13":"purchasable","14":"product-type-simple","15":"product-grid-view"},"_links":{"self":[{"href":"https:\/\/www.tahitiplaisirs.com\/en\/wp-json\/wp\/v2\/product\/6133","targetHints":{"allow":["GET"]}}],"collection":[{"href":"https:\/\/www.tahitiplaisirs.com\/en\/wp-json\/wp\/v2\/product"}],"about":[{"href":"https:\/\/www.tahitiplaisirs.com\/en\/wp-json\/wp\/v2\/types\/product"}],"version-history":[{"count":1,"href":"https:\/\/www.tahitiplaisirs.com\/en\/wp-json\/wp\/v2\/product\/6133\/revisions"}],"predecessor-version":[{"id":6160,"href":"https:\/\/www.tahitiplaisirs.com\/en\/wp-json\/wp\/v2\/product\/6133\/revisions\/6160"}],"wp:featuredmedia":[{"embeddable":true,"href":"https:\/\/www.tahitiplaisirs.com\/en\/wp-json\/wp\/v2\/media\/6657"}],"wp:attachment":[{"href":"https:\/\/www.tahitiplaisirs.com\/en\/wp-json\/wp\/v2\/media?parent=6133"}],"wp:term":[{"taxonomy":"product_brand","embeddable":true,"href":"https:\/\/www.tahitiplaisirs.com\/en\/wp-json\/wp\/v2\/product_brand?post=6133"},{"taxonomy":"product_cat","embeddable":true,"href":"https:\/\/www.tahitiplaisirs.com\/en\/wp-json\/wp\/v2\/product_cat?post=6133"},{"taxonomy":"product_tag","embeddable":true,"href":"https:\/\/www.tahitiplaisirs.com\/en\/wp-json\/wp\/v2\/product_tag?post=6133"}],"curies":[{"name":"wp","href":"https:\/\/api.w.org\/{rel}","templated":true}]}}