{"id":6137,"date":"2025-08-15T16:14:25","date_gmt":"2025-08-16T02:14:25","guid":{"rendered":"https:\/\/www.tahitiplaisirs.com\/?post_type=product&#038;p=6137"},"modified":"2026-04-10T10:33:10","modified_gmt":"2026-04-10T20:33:10","slug":"masturbateur-rechargeable-pulsar","status":"publish","type":"product","link":"https:\/\/www.tahitiplaisirs.com\/en\/product\/masturbateur-rechargeable-pulsar\/","title":{"rendered":"Masturbateur rechargeable Pulsar"},"content":{"rendered":"","protected":false},"excerpt":{"rendered":"<p>Masturbateur rechargeable Pulsar de Jamijob<\/p>\n<p>Masturbateur rechargeable qui stimule tout le p\u00e9nis<\/p>\n<p>Il propose 50 combinaisons de vibrations compos\u00e9es de 10 rythmes et 5 intensit\u00e9s<\/p>\n<p>Ses deux ailes souples sont tr\u00e8s flexibles et ductiles, elles entourent donc le p\u00e9nis fermement et en toute s\u00e9curit\u00e9.<\/p>\n<p>Gr\u00e2ce \u00e0 sa finition \u00e9tanche (IPX6), ce sextoy peut \u00eatre utilis\u00e9 en toute s\u00e9curit\u00e9 dans l&rsquo;eau.<\/p>\n<p>C\u00e2ble de charge USB magn\u00e9tique<\/p>\n<p>Il mesure 18,6cm<\/p>\n<p>Temps de charge : 120 minutes pour 90 minutes de plaisir intense<\/p>","protected":false},"featured_media":6773,"template":"","meta":[],"product_brand":[],"product_cat":[78,51,47],"product_tag":[],"class_list":{"0":"post-6137","1":"product","2":"type-product","3":"status-publish","4":"has-post-thumbnail","6":"product_cat-masturbateurs","7":"product_cat-pour-lui","8":"product_cat-sextoys","11":"instock","12":"taxable","13":"shipping-taxable","14":"purchasable","15":"product-type-simple","16":"product-grid-view"},"_links":{"self":[{"href":"https:\/\/www.tahitiplaisirs.com\/en\/wp-json\/wp\/v2\/product\/6137","targetHints":{"allow":["GET"]}}],"collection":[{"href":"https:\/\/www.tahitiplaisirs.com\/en\/wp-json\/wp\/v2\/product"}],"about":[{"href":"https:\/\/www.tahitiplaisirs.com\/en\/wp-json\/wp\/v2\/types\/product"}],"version-history":[{"count":1,"href":"https:\/\/www.tahitiplaisirs.com\/en\/wp-json\/wp\/v2\/product\/6137\/revisions"}],"predecessor-version":[{"id":6164,"href":"https:\/\/www.tahitiplaisirs.com\/en\/wp-json\/wp\/v2\/product\/6137\/revisions\/6164"}],"wp:featuredmedia":[{"embeddable":true,"href":"https:\/\/www.tahitiplaisirs.com\/en\/wp-json\/wp\/v2\/media\/6773"}],"wp:attachment":[{"href":"https:\/\/www.tahitiplaisirs.com\/en\/wp-json\/wp\/v2\/media?parent=6137"}],"wp:term":[{"taxonomy":"product_brand","embeddable":true,"href":"https:\/\/www.tahitiplaisirs.com\/en\/wp-json\/wp\/v2\/product_brand?post=6137"},{"taxonomy":"product_cat","embeddable":true,"href":"https:\/\/www.tahitiplaisirs.com\/en\/wp-json\/wp\/v2\/product_cat?post=6137"},{"taxonomy":"product_tag","embeddable":true,"href":"https:\/\/www.tahitiplaisirs.com\/en\/wp-json\/wp\/v2\/product_tag?post=6137"}],"curies":[{"name":"wp","href":"https:\/\/api.w.org\/{rel}","templated":true}]}}