{"id":6143,"date":"2025-08-15T16:14:26","date_gmt":"2025-08-16T02:14:26","guid":{"rendered":"https:\/\/www.tahitiplaisirs.com\/?post_type=product&#038;p=6143"},"modified":"2026-04-10T15:35:03","modified_gmt":"2026-04-11T01:35:03","slug":"pompe-automatique-xpand","status":"publish","type":"product","link":"https:\/\/www.tahitiplaisirs.com\/en\/product\/pompe-automatique-xpand\/","title":{"rendered":"Pompe automatique Xpand"},"content":{"rendered":"","protected":false},"excerpt":{"rendered":"<p>Pompe automatique Xpand de Jamyjob<\/p>\n<p>La pompe d&rsquo;extension de p\u00e9nis automatique Xpand est un appareil de haute technologie con\u00e7u pour am\u00e9liorer l&rsquo;exp\u00e9rience masculine, tant en termes de plaisir que de d\u00e9veloppement.<\/p>\n<p>Il dispose de trois modes d&rsquo;aspiration diff\u00e9rents, variant en intensit\u00e9 et en rythme. Ces modes permettent \u00e0 l&rsquo;utilisateur de personnaliser l&rsquo;exp\u00e9rience en fonction de ses besoins, offrant tout, de l&rsquo;aspiration douce et progressive \u00e0 l&rsquo;aspiration plus intense pour des r\u00e9sultats plus rapides.<\/p>\n<p>L&rsquo;appareil int\u00e8gre un syst\u00e8me de contr\u00f4le de niveau, qui permet de r\u00e9gler avec pr\u00e9cision l&rsquo;intensit\u00e9 d&rsquo;aspiration.<\/p>\n<p>L&rsquo;appareil est enti\u00e8rement rechargeable via USB, ce qui le rend pratique et respectueux de l&rsquo;environnement. La batterie longue dur\u00e9e assure de multiples utilisations avant de n\u00e9cessiter une recharge, et son port USB la rend facile \u00e0 utiliser n&rsquo;importe o\u00f9.<\/p>","protected":false},"featured_media":6668,"template":"","meta":[],"product_brand":[115],"product_cat":[52,51],"product_tag":[],"class_list":{"0":"post-6143","1":"product","2":"type-product","3":"status-publish","4":"has-post-thumbnail","6":"product_brand-jamyjob","7":"product_cat-developpement-du-penis","8":"product_cat-pour-lui","11":"instock","12":"taxable","13":"shipping-taxable","14":"purchasable","15":"product-type-simple","16":"product-grid-view"},"_links":{"self":[{"href":"https:\/\/www.tahitiplaisirs.com\/en\/wp-json\/wp\/v2\/product\/6143","targetHints":{"allow":["GET"]}}],"collection":[{"href":"https:\/\/www.tahitiplaisirs.com\/en\/wp-json\/wp\/v2\/product"}],"about":[{"href":"https:\/\/www.tahitiplaisirs.com\/en\/wp-json\/wp\/v2\/types\/product"}],"version-history":[{"count":3,"href":"https:\/\/www.tahitiplaisirs.com\/en\/wp-json\/wp\/v2\/product\/6143\/revisions"}],"predecessor-version":[{"id":9034,"href":"https:\/\/www.tahitiplaisirs.com\/en\/wp-json\/wp\/v2\/product\/6143\/revisions\/9034"}],"wp:featuredmedia":[{"embeddable":true,"href":"https:\/\/www.tahitiplaisirs.com\/en\/wp-json\/wp\/v2\/media\/6668"}],"wp:attachment":[{"href":"https:\/\/www.tahitiplaisirs.com\/en\/wp-json\/wp\/v2\/media?parent=6143"}],"wp:term":[{"taxonomy":"product_brand","embeddable":true,"href":"https:\/\/www.tahitiplaisirs.com\/en\/wp-json\/wp\/v2\/product_brand?post=6143"},{"taxonomy":"product_cat","embeddable":true,"href":"https:\/\/www.tahitiplaisirs.com\/en\/wp-json\/wp\/v2\/product_cat?post=6143"},{"taxonomy":"product_tag","embeddable":true,"href":"https:\/\/www.tahitiplaisirs.com\/en\/wp-json\/wp\/v2\/product_tag?post=6143"}],"curies":[{"name":"wp","href":"https:\/\/api.w.org\/{rel}","templated":true}]}}