{"id":6144,"date":"2025-08-15T16:14:26","date_gmt":"2025-08-16T02:14:26","guid":{"rendered":"https:\/\/www.tahitiplaisirs.com\/?post_type=product&#038;p=6144"},"modified":"2026-03-21T13:54:19","modified_gmt":"2026-03-21T23:54:19","slug":"gaine-de-penis-gris-fonce","status":"publish","type":"product","link":"https:\/\/www.tahitiplaisirs.com\/en\/product\/gaine-de-penis-gris-fonce\/","title":{"rendered":"Gaine de p\u00e9nis gris fonc\u00e9"},"content":{"rendered":"","protected":false},"excerpt":{"rendered":"<p>Gaine de p\u00e9nis gris fonc\u00e9 de Baile &#8211; Pretty Love<\/p>\n<p>Le manchon d&rsquo;agrandissement ajoute une \u00e9paisseur suppl\u00e9mentaire \u00e0 votre p\u00e9nis.<\/p>\n<p>Avec la sangle pour testicules, vous prolongerez l&rsquo;\u00e9jaculation jusqu&rsquo;au pic le plus explosif que vous ayez jamais imagin\u00e9.<\/p>","protected":false},"featured_media":6446,"template":"","meta":[],"product_brand":[93],"product_cat":[76,51],"product_tag":[],"class_list":{"0":"post-6144","1":"product","2":"type-product","3":"status-publish","4":"has-post-thumbnail","6":"product_brand-baile-pretty-love","7":"product_cat-gaines","8":"product_cat-pour-lui","11":"instock","12":"taxable","13":"shipping-taxable","14":"purchasable","15":"product-type-simple","16":"product-grid-view"},"_links":{"self":[{"href":"https:\/\/www.tahitiplaisirs.com\/en\/wp-json\/wp\/v2\/product\/6144","targetHints":{"allow":["GET"]}}],"collection":[{"href":"https:\/\/www.tahitiplaisirs.com\/en\/wp-json\/wp\/v2\/product"}],"about":[{"href":"https:\/\/www.tahitiplaisirs.com\/en\/wp-json\/wp\/v2\/types\/product"}],"version-history":[{"count":2,"href":"https:\/\/www.tahitiplaisirs.com\/en\/wp-json\/wp\/v2\/product\/6144\/revisions"}],"predecessor-version":[{"id":6670,"href":"https:\/\/www.tahitiplaisirs.com\/en\/wp-json\/wp\/v2\/product\/6144\/revisions\/6670"}],"wp:featuredmedia":[{"embeddable":true,"href":"https:\/\/www.tahitiplaisirs.com\/en\/wp-json\/wp\/v2\/media\/6446"}],"wp:attachment":[{"href":"https:\/\/www.tahitiplaisirs.com\/en\/wp-json\/wp\/v2\/media?parent=6144"}],"wp:term":[{"taxonomy":"product_brand","embeddable":true,"href":"https:\/\/www.tahitiplaisirs.com\/en\/wp-json\/wp\/v2\/product_brand?post=6144"},{"taxonomy":"product_cat","embeddable":true,"href":"https:\/\/www.tahitiplaisirs.com\/en\/wp-json\/wp\/v2\/product_cat?post=6144"},{"taxonomy":"product_tag","embeddable":true,"href":"https:\/\/www.tahitiplaisirs.com\/en\/wp-json\/wp\/v2\/product_tag?post=6144"}],"curies":[{"name":"wp","href":"https:\/\/api.w.org\/{rel}","templated":true}]}}