{"id":6146,"date":"2025-08-15T16:14:26","date_gmt":"2025-08-16T02:14:26","guid":{"rendered":"https:\/\/www.tahitiplaisirs.com\/?post_type=product&#038;p=6146"},"modified":"2026-03-21T13:54:15","modified_gmt":"2026-03-21T23:54:15","slug":"culotte-noire-ouverte-adore-s-l","status":"publish","type":"product","link":"https:\/\/www.tahitiplaisirs.com\/en\/product\/culotte-noire-ouverte-adore-s-l\/","title":{"rendered":"Culotte noire ouverte Adore S-L"},"content":{"rendered":"","protected":false},"excerpt":{"rendered":"<p>Culotte noire ouverte Adore by Allure Lingerie<\/p>\n<p><span dir=\"auto\">Culotte en dentelle noire ouverte devant et derri\u00e8re avec liens \u00e0 nouer sur les c\u00f4t\u00e9s.<\/span><\/p>\n<p>Culotte taille unique.<\/p>\n<p><span dir=\"auto\">Mati\u00e8re : 90 % polyester, 10 % \u00e9lasthanne<\/span><\/p>","protected":false},"featured_media":6632,"template":"","meta":[],"product_brand":[],"product_cat":[73,63,80],"product_tag":[],"class_list":{"0":"post-6146","1":"product","2":"type-product","3":"status-publish","4":"has-post-thumbnail","6":"product_cat-lingerie-sexy","7":"product_cat-pour-elle","8":"product_cat-strings-culottes-et-tangas","11":"instock","12":"purchasable","13":"product-type-simple","14":"product-grid-view"},"_links":{"self":[{"href":"https:\/\/www.tahitiplaisirs.com\/en\/wp-json\/wp\/v2\/product\/6146","targetHints":{"allow":["GET"]}}],"collection":[{"href":"https:\/\/www.tahitiplaisirs.com\/en\/wp-json\/wp\/v2\/product"}],"about":[{"href":"https:\/\/www.tahitiplaisirs.com\/en\/wp-json\/wp\/v2\/types\/product"}],"version-history":[{"count":1,"href":"https:\/\/www.tahitiplaisirs.com\/en\/wp-json\/wp\/v2\/product\/6146\/revisions"}],"predecessor-version":[{"id":6173,"href":"https:\/\/www.tahitiplaisirs.com\/en\/wp-json\/wp\/v2\/product\/6146\/revisions\/6173"}],"wp:featuredmedia":[{"embeddable":true,"href":"https:\/\/www.tahitiplaisirs.com\/en\/wp-json\/wp\/v2\/media\/6632"}],"wp:attachment":[{"href":"https:\/\/www.tahitiplaisirs.com\/en\/wp-json\/wp\/v2\/media?parent=6146"}],"wp:term":[{"taxonomy":"product_brand","embeddable":true,"href":"https:\/\/www.tahitiplaisirs.com\/en\/wp-json\/wp\/v2\/product_brand?post=6146"},{"taxonomy":"product_cat","embeddable":true,"href":"https:\/\/www.tahitiplaisirs.com\/en\/wp-json\/wp\/v2\/product_cat?post=6146"},{"taxonomy":"product_tag","embeddable":true,"href":"https:\/\/www.tahitiplaisirs.com\/en\/wp-json\/wp\/v2\/product_tag?post=6146"}],"curies":[{"name":"wp","href":"https:\/\/api.w.org\/{rel}","templated":true}]}}