{"id":6147,"date":"2025-08-15T16:14:26","date_gmt":"2025-08-16T02:14:26","guid":{"rendered":"https:\/\/www.tahitiplaisirs.com\/?post_type=product&#038;p=6147"},"modified":"2026-03-21T13:54:14","modified_gmt":"2026-03-21T23:54:14","slug":"royal-honey-spoon","status":"publish","type":"product","link":"https:\/\/www.tahitiplaisirs.com\/en\/product\/royal-honey-spoon\/","title":{"rendered":"Royal Honey Spoon"},"content":{"rendered":"","protected":false},"excerpt":{"rendered":"<p>Royal Honey Spoon<\/p>\n<p><span class=\"Y2IQFc\" lang=\"fr\">Sa formule <span lang=\"fr\">a \u00e9t\u00e9 scientifiquement con\u00e7u pour les hommes afin d&rsquo;augmenter <\/span> les performances, l&rsquo;endurance.<\/span><\/p>\n<div id=\"tw-target-text-container\" class=\"tw-ta-container hide-focus-ring tw-nfl\" tabindex=\"0\">\n<p class=\"tw-data-text tw-text-large XcVN5d tw-ta\" dir=\"ltr\" data-placeholder=\"Traduction\"><span lang=\"fr\"> Il a \u00e9t\u00e9 formul\u00e9 pour favoriser des \u00e9rections plus longues, plus dures et am\u00e9liorer l&rsquo;activit\u00e9 sexuelle.<\/span><\/p>\n<p dir=\"ltr\" data-placeholder=\"Traduction\">Mode d&#8217;emploi :<\/p>\n<div id=\"tw-target-text-container\" class=\"tw-ta-container hide-focus-ring tw-nfl\" tabindex=\"0\">\n<p id=\"tw-target-text\" class=\"tw-data-text tw-text-large XcVN5d tw-ta\" dir=\"ltr\" data-placeholder=\"Traduction\"><span lang=\"fr\">Prendre 1 Honey Spoon 1 heure avant l&rsquo;activit\u00e9 sexuelle.<\/span><\/p>\n<p class=\"tw-data-text tw-text-large XcVN5d tw-ta\" dir=\"ltr\" data-placeholder=\"Traduction\"><span lang=\"fr\">Ne prenez pas plus d&rsquo;un sachet Honey Spoon dans les 60 heures.<\/span><\/p>\n<\/div>\n<\/div>","protected":false},"featured_media":6688,"template":"","meta":[],"product_brand":[],"product_cat":[63,51,67,55],"product_tag":[],"class_list":{"0":"post-6147","1":"product","2":"type-product","3":"status-publish","4":"has-post-thumbnail","6":"product_cat-pour-elle","7":"product_cat-pour-lui","8":"product_cat-stimulants-femmes","9":"product_cat-stimulants-hommes","12":"instock","13":"purchasable","14":"product-type-simple","15":"product-grid-view"},"_links":{"self":[{"href":"https:\/\/www.tahitiplaisirs.com\/en\/wp-json\/wp\/v2\/product\/6147","targetHints":{"allow":["GET"]}}],"collection":[{"href":"https:\/\/www.tahitiplaisirs.com\/en\/wp-json\/wp\/v2\/product"}],"about":[{"href":"https:\/\/www.tahitiplaisirs.com\/en\/wp-json\/wp\/v2\/types\/product"}],"version-history":[{"count":1,"href":"https:\/\/www.tahitiplaisirs.com\/en\/wp-json\/wp\/v2\/product\/6147\/revisions"}],"predecessor-version":[{"id":6174,"href":"https:\/\/www.tahitiplaisirs.com\/en\/wp-json\/wp\/v2\/product\/6147\/revisions\/6174"}],"wp:featuredmedia":[{"embeddable":true,"href":"https:\/\/www.tahitiplaisirs.com\/en\/wp-json\/wp\/v2\/media\/6688"}],"wp:attachment":[{"href":"https:\/\/www.tahitiplaisirs.com\/en\/wp-json\/wp\/v2\/media?parent=6147"}],"wp:term":[{"taxonomy":"product_brand","embeddable":true,"href":"https:\/\/www.tahitiplaisirs.com\/en\/wp-json\/wp\/v2\/product_brand?post=6147"},{"taxonomy":"product_cat","embeddable":true,"href":"https:\/\/www.tahitiplaisirs.com\/en\/wp-json\/wp\/v2\/product_cat?post=6147"},{"taxonomy":"product_tag","embeddable":true,"href":"https:\/\/www.tahitiplaisirs.com\/en\/wp-json\/wp\/v2\/product_tag?post=6147"}],"curies":[{"name":"wp","href":"https:\/\/api.w.org\/{rel}","templated":true}]}}