{"id":6190,"date":"2025-08-15T16:14:31","date_gmt":"2025-08-16T02:14:31","guid":{"rendered":"https:\/\/www.tahitiplaisirs.com\/?post_type=product&#038;p=6190"},"modified":"2026-03-21T14:29:17","modified_gmt":"2026-03-22T00:29:17","slug":"vibromasseur-butterfly-kiss-violet","status":"publish","type":"product","link":"https:\/\/www.tahitiplaisirs.com\/en\/product\/vibromasseur-butterfly-kiss-violet\/","title":{"rendered":"Vibromasseur Butterfly Kiss violet"},"content":{"rendered":"","protected":false},"excerpt":{"rendered":"<p>Vibromasseur Butterfly Kiss violet de Baile &#8211; Pretty Love<\/p>\n<p>Ce vibromasseur a \u00e9t\u00e9 con\u00e7u pour procurer des sensations inoubliables gr\u00e2ce \u00e0 son design et son papillon sur la pointe du rabbit.<\/p>\n<p>Il est dot\u00e9 de deux moteurs puissants , le vibromasseur rabbit propose plus de 12 modes de vibrations.<\/p>\n<p>Il est fabriqu\u00e9 en silicone ultra doux et hypoallerg\u00e9nique de qualit\u00e9 sup\u00e9rieure.<\/p>","protected":false},"featured_media":6605,"template":"","meta":[],"product_brand":[93],"product_cat":[63,47,64],"product_tag":[],"class_list":{"0":"post-6190","1":"product","2":"type-product","3":"status-publish","4":"has-post-thumbnail","6":"product_brand-baile-pretty-love","7":"product_cat-pour-elle","8":"product_cat-sextoys","9":"product_cat-vibromasseurs","12":"instock","13":"taxable","14":"shipping-taxable","15":"purchasable","16":"product-type-simple","17":"product-grid-view"},"_links":{"self":[{"href":"https:\/\/www.tahitiplaisirs.com\/en\/wp-json\/wp\/v2\/product\/6190","targetHints":{"allow":["GET"]}}],"collection":[{"href":"https:\/\/www.tahitiplaisirs.com\/en\/wp-json\/wp\/v2\/product"}],"about":[{"href":"https:\/\/www.tahitiplaisirs.com\/en\/wp-json\/wp\/v2\/types\/product"}],"version-history":[{"count":1,"href":"https:\/\/www.tahitiplaisirs.com\/en\/wp-json\/wp\/v2\/product\/6190\/revisions"}],"predecessor-version":[{"id":6220,"href":"https:\/\/www.tahitiplaisirs.com\/en\/wp-json\/wp\/v2\/product\/6190\/revisions\/6220"}],"wp:featuredmedia":[{"embeddable":true,"href":"https:\/\/www.tahitiplaisirs.com\/en\/wp-json\/wp\/v2\/media\/6605"}],"wp:attachment":[{"href":"https:\/\/www.tahitiplaisirs.com\/en\/wp-json\/wp\/v2\/media?parent=6190"}],"wp:term":[{"taxonomy":"product_brand","embeddable":true,"href":"https:\/\/www.tahitiplaisirs.com\/en\/wp-json\/wp\/v2\/product_brand?post=6190"},{"taxonomy":"product_cat","embeddable":true,"href":"https:\/\/www.tahitiplaisirs.com\/en\/wp-json\/wp\/v2\/product_cat?post=6190"},{"taxonomy":"product_tag","embeddable":true,"href":"https:\/\/www.tahitiplaisirs.com\/en\/wp-json\/wp\/v2\/product_tag?post=6190"}],"curies":[{"name":"wp","href":"https:\/\/api.w.org\/{rel}","templated":true}]}}