{"id":6194,"date":"2025-08-15T16:14:31","date_gmt":"2025-08-16T02:14:31","guid":{"rendered":"https:\/\/www.tahitiplaisirs.com\/?post_type=product&#038;p=6194"},"modified":"2026-03-21T14:29:10","modified_gmt":"2026-03-22T00:29:10","slug":"vibromasseur-daphne","status":"publish","type":"product","link":"https:\/\/www.tahitiplaisirs.com\/en\/product\/vibromasseur-daphne\/","title":{"rendered":"Vibromasseur Daphne"},"content":{"rendered":"","protected":false},"excerpt":{"rendered":"<p>Vibromasseur Daphne de Intense<\/p>\n<p>Daphne est un vibromasseur fabriqu\u00e9 en silicone soft, souple et sans danger pour le corps.<\/p>\n<p>Pourvu d&rsquo;un moteur ultra puissant, il propose 9 modes de vibration.<\/p>\n<p>Daphne fonctionne avec 2 piles AAA.<\/p>\n<p>Attention ! Daphne n&rsquo;est pas waterproof mais splash proof, c&rsquo;est \u00e0 dire qu&rsquo;il r\u00e9siste aux \u00e9claboussures.<\/p>","protected":false},"featured_media":6598,"template":"","meta":[],"product_brand":[102],"product_cat":[63,47,64],"product_tag":[],"class_list":{"0":"post-6194","1":"product","2":"type-product","3":"status-publish","4":"has-post-thumbnail","6":"product_brand-intense","7":"product_cat-pour-elle","8":"product_cat-sextoys","9":"product_cat-vibromasseurs","12":"instock","13":"taxable","14":"shipping-taxable","15":"purchasable","16":"product-type-simple","17":"product-grid-view"},"_links":{"self":[{"href":"https:\/\/www.tahitiplaisirs.com\/en\/wp-json\/wp\/v2\/product\/6194","targetHints":{"allow":["GET"]}}],"collection":[{"href":"https:\/\/www.tahitiplaisirs.com\/en\/wp-json\/wp\/v2\/product"}],"about":[{"href":"https:\/\/www.tahitiplaisirs.com\/en\/wp-json\/wp\/v2\/types\/product"}],"version-history":[{"count":1,"href":"https:\/\/www.tahitiplaisirs.com\/en\/wp-json\/wp\/v2\/product\/6194\/revisions"}],"predecessor-version":[{"id":6224,"href":"https:\/\/www.tahitiplaisirs.com\/en\/wp-json\/wp\/v2\/product\/6194\/revisions\/6224"}],"wp:featuredmedia":[{"embeddable":true,"href":"https:\/\/www.tahitiplaisirs.com\/en\/wp-json\/wp\/v2\/media\/6598"}],"wp:attachment":[{"href":"https:\/\/www.tahitiplaisirs.com\/en\/wp-json\/wp\/v2\/media?parent=6194"}],"wp:term":[{"taxonomy":"product_brand","embeddable":true,"href":"https:\/\/www.tahitiplaisirs.com\/en\/wp-json\/wp\/v2\/product_brand?post=6194"},{"taxonomy":"product_cat","embeddable":true,"href":"https:\/\/www.tahitiplaisirs.com\/en\/wp-json\/wp\/v2\/product_cat?post=6194"},{"taxonomy":"product_tag","embeddable":true,"href":"https:\/\/www.tahitiplaisirs.com\/en\/wp-json\/wp\/v2\/product_tag?post=6194"}],"curies":[{"name":"wp","href":"https:\/\/api.w.org\/{rel}","templated":true}]}}