{"id":6195,"date":"2025-08-15T16:14:31","date_gmt":"2025-08-16T02:14:31","guid":{"rendered":"https:\/\/www.tahitiplaisirs.com\/?post_type=product&#038;p=6195"},"modified":"2026-04-10T12:13:07","modified_gmt":"2026-04-10T22:13:07","slug":"gode-noir-xxl-40cm","status":"publish","type":"product","link":"https:\/\/www.tahitiplaisirs.com\/en\/product\/gode-noir-xxl-40cm\/","title":{"rendered":"Gode noir XXL 40cm"},"content":{"rendered":"","protected":false},"excerpt":{"rendered":"<p>Gode noir XXL 40cm de All Black<\/p>\n<p>Ce sextoy est un buttplug\u00a0 \u00e9norme \u00e0 la forme d&rsquo;un arbre de No\u00ebl!<\/p>\n<p>Convient uniquement aux personnes exp\u00e9riment\u00e9es.<\/p>\n<p>Les lubrifiants \u00e0 base d&rsquo;eau et de silicone peuvent \u00eatre utilis\u00e9s avec ce plug.<\/p>\n<p>Il est important de bien nettoyer le sextoy avant et apr\u00e8s chaque utilisation.<\/p>\n<p>Ne contient pas de plastifiants et est exempt de cadmium et de plomb.<\/p>","protected":false},"featured_media":6430,"template":"","meta":[],"product_brand":[],"product_cat":[53,47],"product_tag":[],"class_list":{"0":"post-6195","1":"product","2":"type-product","3":"status-publish","4":"has-post-thumbnail","6":"product_cat-godemichets","7":"product_cat-sextoys","10":"instock","11":"taxable","12":"shipping-taxable","13":"purchasable","14":"product-type-simple","15":"product-grid-view"},"_links":{"self":[{"href":"https:\/\/www.tahitiplaisirs.com\/en\/wp-json\/wp\/v2\/product\/6195","targetHints":{"allow":["GET"]}}],"collection":[{"href":"https:\/\/www.tahitiplaisirs.com\/en\/wp-json\/wp\/v2\/product"}],"about":[{"href":"https:\/\/www.tahitiplaisirs.com\/en\/wp-json\/wp\/v2\/types\/product"}],"version-history":[{"count":1,"href":"https:\/\/www.tahitiplaisirs.com\/en\/wp-json\/wp\/v2\/product\/6195\/revisions"}],"predecessor-version":[{"id":6225,"href":"https:\/\/www.tahitiplaisirs.com\/en\/wp-json\/wp\/v2\/product\/6195\/revisions\/6225"}],"wp:featuredmedia":[{"embeddable":true,"href":"https:\/\/www.tahitiplaisirs.com\/en\/wp-json\/wp\/v2\/media\/6430"}],"wp:attachment":[{"href":"https:\/\/www.tahitiplaisirs.com\/en\/wp-json\/wp\/v2\/media?parent=6195"}],"wp:term":[{"taxonomy":"product_brand","embeddable":true,"href":"https:\/\/www.tahitiplaisirs.com\/en\/wp-json\/wp\/v2\/product_brand?post=6195"},{"taxonomy":"product_cat","embeddable":true,"href":"https:\/\/www.tahitiplaisirs.com\/en\/wp-json\/wp\/v2\/product_cat?post=6195"},{"taxonomy":"product_tag","embeddable":true,"href":"https:\/\/www.tahitiplaisirs.com\/en\/wp-json\/wp\/v2\/product_tag?post=6195"}],"curies":[{"name":"wp","href":"https:\/\/api.w.org\/{rel}","templated":true}]}}