{"id":6200,"date":"2025-08-15T16:14:31","date_gmt":"2025-08-16T02:14:31","guid":{"rendered":"https:\/\/www.tahitiplaisirs.com\/?post_type=product&#038;p=6200"},"modified":"2026-03-21T14:29:16","modified_gmt":"2026-03-22T00:29:16","slug":"encens-aphrodisiaque-pasion","status":"publish","type":"product","link":"https:\/\/www.tahitiplaisirs.com\/en\/product\/encens-aphrodisiaque-pasion\/","title":{"rendered":"Encens aphrodisiaque Pasion"},"content":{"rendered":"","protected":false},"excerpt":{"rendered":"<p>Encens aphrodisiaque Pasion de Sanisex<\/p>\n<p>Encens \u00e9rotique aux ar\u00f4mes aphrodisiaques pour stimuler les sens, accro\u00eetre le d\u00e9sir et la passion gr\u00e2ce \u00e0 sa composition \u00e0 base de ph\u00e9romones, cr\u00e9ant une atmosph\u00e8re propice au d\u00e9sir sexuel.<\/p>\n<p>Ses ar\u00f4mes sont tr\u00e8s agr\u00e9ables et subtils, sans laisser de sensation envahissante, telle une caresse.<\/p>\n<p>La bo\u00eete contient 20 unit\u00e9s et la taille de chaque b\u00e2tonnet d&rsquo;encens permet d&rsquo;en utiliser un seul pendant tout l&rsquo;acte sexuel.<\/p>","protected":false},"featured_media":6485,"template":"","meta":[],"product_brand":[],"product_cat":[49],"product_tag":[],"class_list":{"0":"post-6200","1":"product","2":"type-product","3":"status-publish","4":"has-post-thumbnail","6":"product_cat-bien-etre","9":"instock","10":"taxable","11":"shipping-taxable","12":"purchasable","13":"product-type-simple","14":"product-grid-view"},"_links":{"self":[{"href":"https:\/\/www.tahitiplaisirs.com\/en\/wp-json\/wp\/v2\/product\/6200","targetHints":{"allow":["GET"]}}],"collection":[{"href":"https:\/\/www.tahitiplaisirs.com\/en\/wp-json\/wp\/v2\/product"}],"about":[{"href":"https:\/\/www.tahitiplaisirs.com\/en\/wp-json\/wp\/v2\/types\/product"}],"version-history":[{"count":1,"href":"https:\/\/www.tahitiplaisirs.com\/en\/wp-json\/wp\/v2\/product\/6200\/revisions"}],"predecessor-version":[{"id":6230,"href":"https:\/\/www.tahitiplaisirs.com\/en\/wp-json\/wp\/v2\/product\/6200\/revisions\/6230"}],"wp:featuredmedia":[{"embeddable":true,"href":"https:\/\/www.tahitiplaisirs.com\/en\/wp-json\/wp\/v2\/media\/6485"}],"wp:attachment":[{"href":"https:\/\/www.tahitiplaisirs.com\/en\/wp-json\/wp\/v2\/media?parent=6200"}],"wp:term":[{"taxonomy":"product_brand","embeddable":true,"href":"https:\/\/www.tahitiplaisirs.com\/en\/wp-json\/wp\/v2\/product_brand?post=6200"},{"taxonomy":"product_cat","embeddable":true,"href":"https:\/\/www.tahitiplaisirs.com\/en\/wp-json\/wp\/v2\/product_cat?post=6200"},{"taxonomy":"product_tag","embeddable":true,"href":"https:\/\/www.tahitiplaisirs.com\/en\/wp-json\/wp\/v2\/product_tag?post=6200"}],"curies":[{"name":"wp","href":"https:\/\/api.w.org\/{rel}","templated":true}]}}