{"id":6202,"date":"2025-08-15T16:14:31","date_gmt":"2025-08-16T02:14:31","guid":{"rendered":"https:\/\/www.tahitiplaisirs.com\/?post_type=product&#038;p=6202"},"modified":"2026-03-27T11:02:10","modified_gmt":"2026-03-27T21:02:10","slug":"delay-spray-30ml","status":"publish","type":"product","link":"https:\/\/www.tahitiplaisirs.com\/en\/product\/delay-spray-30ml\/","title":{"rendered":"Delay Spray 30ml"},"content":{"rendered":"","protected":false},"excerpt":{"rendered":"<p>Delay Spray 30ml de BLACK HOLE<\/p>\n<p>Ce spray retardateur est un produit intime con\u00e7u pour prolonger et maximiser vos exp\u00e9riences intimes, vous offrant un meilleur contr\u00f4le et une dur\u00e9e de plaisir accrue.<\/p>\n<p>Gr\u00e2ce \u00e0 sa formule avanc\u00e9e et \u00e0 ses fonctionnalit\u00e9s pratiques, ce spray est la solution id\u00e9ale pour ceux qui cherchent \u00e0 am\u00e9liorer leurs performances et \u00e0 vivre des relations plus longues et plus \u00e9panouissantes.<\/p>","protected":false},"featured_media":6481,"template":"","meta":[],"product_brand":[114],"product_cat":[49],"product_tag":[],"class_list":{"0":"post-6202","1":"product","2":"type-product","3":"status-publish","4":"has-post-thumbnail","6":"product_brand-black-hole","7":"product_cat-bien-etre","10":"instock","11":"taxable","12":"shipping-taxable","13":"purchasable","14":"product-type-simple","15":"product-grid-view"},"_links":{"self":[{"href":"https:\/\/www.tahitiplaisirs.com\/en\/wp-json\/wp\/v2\/product\/6202","targetHints":{"allow":["GET"]}}],"collection":[{"href":"https:\/\/www.tahitiplaisirs.com\/en\/wp-json\/wp\/v2\/product"}],"about":[{"href":"https:\/\/www.tahitiplaisirs.com\/en\/wp-json\/wp\/v2\/types\/product"}],"version-history":[{"count":2,"href":"https:\/\/www.tahitiplaisirs.com\/en\/wp-json\/wp\/v2\/product\/6202\/revisions"}],"predecessor-version":[{"id":6663,"href":"https:\/\/www.tahitiplaisirs.com\/en\/wp-json\/wp\/v2\/product\/6202\/revisions\/6663"}],"wp:featuredmedia":[{"embeddable":true,"href":"https:\/\/www.tahitiplaisirs.com\/en\/wp-json\/wp\/v2\/media\/6481"}],"wp:attachment":[{"href":"https:\/\/www.tahitiplaisirs.com\/en\/wp-json\/wp\/v2\/media?parent=6202"}],"wp:term":[{"taxonomy":"product_brand","embeddable":true,"href":"https:\/\/www.tahitiplaisirs.com\/en\/wp-json\/wp\/v2\/product_brand?post=6202"},{"taxonomy":"product_cat","embeddable":true,"href":"https:\/\/www.tahitiplaisirs.com\/en\/wp-json\/wp\/v2\/product_cat?post=6202"},{"taxonomy":"product_tag","embeddable":true,"href":"https:\/\/www.tahitiplaisirs.com\/en\/wp-json\/wp\/v2\/product_tag?post=6202"}],"curies":[{"name":"wp","href":"https:\/\/api.w.org\/{rel}","templated":true}]}}