{"id":6203,"date":"2025-08-15T16:14:31","date_gmt":"2025-08-16T02:14:31","guid":{"rendered":"https:\/\/www.tahitiplaisirs.com\/?post_type=product&#038;p=6203"},"modified":"2026-03-28T13:36:07","modified_gmt":"2026-03-28T23:36:07","slug":"pink-pussycat-femme-x2","status":"publish","type":"product","link":"https:\/\/www.tahitiplaisirs.com\/en\/product\/pink-pussycat-femme-x2\/","title":{"rendered":"Pink Pussycat femme X2"},"content":{"rendered":"","protected":false},"excerpt":{"rendered":"<p>Pink Pussycat femme X2<\/p>\n<p>Pink Pussycat agit en augmentant le flux sanguin vers la r\u00e9gion du clitoris, il peut aider \u00e0 am\u00e9liorer la libido et augmenter le plaisir sexuel.<\/p>\n<p>Peut \u00e9galement \u00eatre prit sur une base r\u00e9guli\u00e8re pour maintenir une \u00e9tat de pr\u00e9paration de pointe avant l&rsquo;activit\u00e9 sexuelle.<\/p>\n<p>Pour de meilleurs r\u00e9sultats, prendre une heure avant l&rsquo;activit\u00e9 sexuelle avec un grand verre d&rsquo;eau.<\/p>\n<p>Attention, ne prenez pas Pink Pussycat si vous \u00eates enceinte et ne prenez pas plus d&rsquo;une g\u00e9lule dans les 60 heures.<\/p>","protected":false},"featured_media":6399,"template":"","meta":[],"product_brand":[],"product_cat":[63,67],"product_tag":[],"class_list":{"0":"post-6203","1":"product","2":"type-product","3":"status-publish","4":"has-post-thumbnail","6":"product_cat-pour-elle","7":"product_cat-stimulants-femmes","10":"instock","11":"taxable","12":"shipping-taxable","13":"purchasable","14":"product-type-simple","15":"product-grid-view"},"_links":{"self":[{"href":"https:\/\/www.tahitiplaisirs.com\/en\/wp-json\/wp\/v2\/product\/6203","targetHints":{"allow":["GET"]}}],"collection":[{"href":"https:\/\/www.tahitiplaisirs.com\/en\/wp-json\/wp\/v2\/product"}],"about":[{"href":"https:\/\/www.tahitiplaisirs.com\/en\/wp-json\/wp\/v2\/types\/product"}],"version-history":[{"count":1,"href":"https:\/\/www.tahitiplaisirs.com\/en\/wp-json\/wp\/v2\/product\/6203\/revisions"}],"predecessor-version":[{"id":6233,"href":"https:\/\/www.tahitiplaisirs.com\/en\/wp-json\/wp\/v2\/product\/6203\/revisions\/6233"}],"wp:featuredmedia":[{"embeddable":true,"href":"https:\/\/www.tahitiplaisirs.com\/en\/wp-json\/wp\/v2\/media\/6399"}],"wp:attachment":[{"href":"https:\/\/www.tahitiplaisirs.com\/en\/wp-json\/wp\/v2\/media?parent=6203"}],"wp:term":[{"taxonomy":"product_brand","embeddable":true,"href":"https:\/\/www.tahitiplaisirs.com\/en\/wp-json\/wp\/v2\/product_brand?post=6203"},{"taxonomy":"product_cat","embeddable":true,"href":"https:\/\/www.tahitiplaisirs.com\/en\/wp-json\/wp\/v2\/product_cat?post=6203"},{"taxonomy":"product_tag","embeddable":true,"href":"https:\/\/www.tahitiplaisirs.com\/en\/wp-json\/wp\/v2\/product_tag?post=6203"}],"curies":[{"name":"wp","href":"https:\/\/api.w.org\/{rel}","templated":true}]}}