{"id":6207,"date":"2025-08-15T16:14:32","date_gmt":"2025-08-16T02:14:32","guid":{"rendered":"https:\/\/www.tahitiplaisirs.com\/?post_type=product&#038;p=6207"},"modified":"2026-03-21T14:29:08","modified_gmt":"2026-03-22T00:29:08","slug":"stimulateur-franz-violet","status":"publish","type":"product","link":"https:\/\/www.tahitiplaisirs.com\/en\/product\/stimulateur-franz-violet\/","title":{"rendered":"Stimulateur Franz violet"},"content":{"rendered":"","protected":false},"excerpt":{"rendered":"<p>Stimulateur Franz violet de Pretty Love<\/p>\n<p>Franz est un double stimulateur qui propose ind\u00e9pendamment ou simultan\u00e9ment la stimulation du clitoris et la p\u00e9n\u00e9tration avec massage du point G avec vibration.<\/p>\n<p>Ce vibromasseur est flexible, propose 10 programmes de vibration et encore plus de fonctionnalit\u00e9s \u00e0 d\u00e9couvrir depuis l&rsquo;App !<\/p>\n<p>Il est fabriqu\u00e9 \u00e0 partir de silicone de qualit\u00e9 m\u00e9dicale, il est silencieux et waterproof.<\/p>\n<p>Il se recharge via son c\u00e2ble magn\u00e9tique USB fourni.<\/p>","protected":false},"featured_media":6498,"template":"","meta":[],"product_brand":[93],"product_cat":[79,47,48,64],"product_tag":[],"class_list":{"0":"post-6207","1":"product","2":"type-product","3":"status-publish","4":"has-post-thumbnail","6":"product_brand-baile-pretty-love","7":"product_cat-les-connectes","8":"product_cat-sextoys","9":"product_cat-stimulateurs-clitoridiens","10":"product_cat-vibromasseurs","13":"instock","14":"taxable","15":"shipping-taxable","16":"purchasable","17":"product-type-simple","18":"product-grid-view"},"_links":{"self":[{"href":"https:\/\/www.tahitiplaisirs.com\/en\/wp-json\/wp\/v2\/product\/6207","targetHints":{"allow":["GET"]}}],"collection":[{"href":"https:\/\/www.tahitiplaisirs.com\/en\/wp-json\/wp\/v2\/product"}],"about":[{"href":"https:\/\/www.tahitiplaisirs.com\/en\/wp-json\/wp\/v2\/types\/product"}],"version-history":[{"count":1,"href":"https:\/\/www.tahitiplaisirs.com\/en\/wp-json\/wp\/v2\/product\/6207\/revisions"}],"predecessor-version":[{"id":6237,"href":"https:\/\/www.tahitiplaisirs.com\/en\/wp-json\/wp\/v2\/product\/6207\/revisions\/6237"}],"wp:featuredmedia":[{"embeddable":true,"href":"https:\/\/www.tahitiplaisirs.com\/en\/wp-json\/wp\/v2\/media\/6498"}],"wp:attachment":[{"href":"https:\/\/www.tahitiplaisirs.com\/en\/wp-json\/wp\/v2\/media?parent=6207"}],"wp:term":[{"taxonomy":"product_brand","embeddable":true,"href":"https:\/\/www.tahitiplaisirs.com\/en\/wp-json\/wp\/v2\/product_brand?post=6207"},{"taxonomy":"product_cat","embeddable":true,"href":"https:\/\/www.tahitiplaisirs.com\/en\/wp-json\/wp\/v2\/product_cat?post=6207"},{"taxonomy":"product_tag","embeddable":true,"href":"https:\/\/www.tahitiplaisirs.com\/en\/wp-json\/wp\/v2\/product_tag?post=6207"}],"curies":[{"name":"wp","href":"https:\/\/api.w.org\/{rel}","templated":true}]}}