{"id":6208,"date":"2025-08-15T16:14:32","date_gmt":"2025-08-16T02:14:32","guid":{"rendered":"https:\/\/www.tahitiplaisirs.com\/?post_type=product&#038;p=6208"},"modified":"2026-03-21T14:29:06","modified_gmt":"2026-03-22T00:29:06","slug":"stimulateur-mane-violet","status":"publish","type":"product","link":"https:\/\/www.tahitiplaisirs.com\/en\/product\/stimulateur-mane-violet\/","title":{"rendered":"Stimulateur Mane violet"},"content":{"rendered":"","protected":false},"excerpt":{"rendered":"<p>Stimulateur Mane de Pretty Love<\/p>\n<p>Mane est un stimulateur clitoridien fabriqu\u00e9 en silicone doux, agr\u00e9able au toucher et tr\u00e8s discret.<\/p>\n<p>Il est id\u00e9al pour une utilisation dans les sous-v\u00eatements.<\/p>\n<p>Il propose 10 modes de vibration et gr\u00e2ce \u00e0 l&rsquo;application t\u00e9l\u00e9phone, vous aurez plus de fonctionnalit\u00e9s.<\/p>\n<p>Ce stimulateur se recharge via son c\u00e2ble USB fourni.<\/p>\n<p>Il mesure 9cm de long sur 3,7 de large, pour une \u00e9paisseur de 2,7cm.<\/p>","protected":false},"featured_media":6448,"template":"","meta":[],"product_brand":[93],"product_cat":[79,47,48],"product_tag":[],"class_list":{"0":"post-6208","1":"product","2":"type-product","3":"status-publish","4":"has-post-thumbnail","6":"product_brand-baile-pretty-love","7":"product_cat-les-connectes","8":"product_cat-sextoys","9":"product_cat-stimulateurs-clitoridiens","12":"instock","13":"taxable","14":"shipping-taxable","15":"purchasable","16":"product-type-simple","17":"product-grid-view"},"_links":{"self":[{"href":"https:\/\/www.tahitiplaisirs.com\/en\/wp-json\/wp\/v2\/product\/6208","targetHints":{"allow":["GET"]}}],"collection":[{"href":"https:\/\/www.tahitiplaisirs.com\/en\/wp-json\/wp\/v2\/product"}],"about":[{"href":"https:\/\/www.tahitiplaisirs.com\/en\/wp-json\/wp\/v2\/types\/product"}],"version-history":[{"count":2,"href":"https:\/\/www.tahitiplaisirs.com\/en\/wp-json\/wp\/v2\/product\/6208\/revisions"}],"predecessor-version":[{"id":9480,"href":"https:\/\/www.tahitiplaisirs.com\/en\/wp-json\/wp\/v2\/product\/6208\/revisions\/9480"}],"wp:featuredmedia":[{"embeddable":true,"href":"https:\/\/www.tahitiplaisirs.com\/en\/wp-json\/wp\/v2\/media\/6448"}],"wp:attachment":[{"href":"https:\/\/www.tahitiplaisirs.com\/en\/wp-json\/wp\/v2\/media?parent=6208"}],"wp:term":[{"taxonomy":"product_brand","embeddable":true,"href":"https:\/\/www.tahitiplaisirs.com\/en\/wp-json\/wp\/v2\/product_brand?post=6208"},{"taxonomy":"product_cat","embeddable":true,"href":"https:\/\/www.tahitiplaisirs.com\/en\/wp-json\/wp\/v2\/product_cat?post=6208"},{"taxonomy":"product_tag","embeddable":true,"href":"https:\/\/www.tahitiplaisirs.com\/en\/wp-json\/wp\/v2\/product_tag?post=6208"}],"curies":[{"name":"wp","href":"https:\/\/api.w.org\/{rel}","templated":true}]}}