{"id":6241,"date":"2025-08-15T16:14:35","date_gmt":"2025-08-16T02:14:35","guid":{"rendered":"https:\/\/www.tahitiplaisirs.com\/?post_type=product&#038;p=6241"},"modified":"2026-04-10T12:13:03","modified_gmt":"2026-04-10T22:13:03","slug":"rabbit-oslo-noir","status":"publish","type":"product","link":"https:\/\/www.tahitiplaisirs.com\/en\/product\/rabbit-oslo-noir\/","title":{"rendered":"Rabbit Oslo noir"},"content":{"rendered":"","protected":false},"excerpt":{"rendered":"<p>Rabbit Oslo noir de Oninder<\/p>\n<p class=\"yVWuFvz6 yVWuFvz7 yVWuFvz9\">Le vibromasseur rabbit Oslo avec vibration et rotation a sp\u00e9cialement \u00e9t\u00e9 con\u00e7u pour la stimulation simultan\u00e9e du point G et du clitoris.<\/p>\n<p class=\"yVWuFvz6 yVWuFvz7 yVWuFvz9\">Il est fabriqu\u00e9 en silicone de haute qualit\u00e9, sans danger pour le corps.<\/p>\n<p class=\"yVWuFvz6 yVWuFvz7 yVWuFvz9\">La combinaison de dix niveaux de vibration diff\u00e9rents et de la technologie unique de ROTATION garantit une stimulation intense et vari\u00e9e.<\/p>\n<p class=\"yVWuFvz6 yVWuFvz7 yVWuFvz9\">Le vibromasseur Rabbit est con\u00e7u pour maintenir un contact optimal avec le clitoris m\u00eame lors de mouvements dynamiques, ce qui entra\u00eene une exp\u00e9rience puissante et satisfaisante.<\/p>\n<p class=\"yVWuFvz6 yVWuFvz7 yVWuFvz9\">Il est \u00e9tanche selon la norme IPX7, ce qui facilite le nettoyage et l&rsquo;utilisation sous la douche ou dans le bain.<\/p>","protected":false},"featured_media":6478,"template":"","meta":[],"product_brand":[104],"product_cat":[79,47,64],"product_tag":[],"class_list":{"0":"post-6241","1":"product","2":"type-product","3":"status-publish","4":"has-post-thumbnail","6":"product_brand-oninder","7":"product_cat-les-connectes","8":"product_cat-sextoys","9":"product_cat-vibromasseurs","12":"instock","13":"taxable","14":"shipping-taxable","15":"purchasable","16":"product-type-simple","17":"product-grid-view"},"_links":{"self":[{"href":"https:\/\/www.tahitiplaisirs.com\/en\/wp-json\/wp\/v2\/product\/6241","targetHints":{"allow":["GET"]}}],"collection":[{"href":"https:\/\/www.tahitiplaisirs.com\/en\/wp-json\/wp\/v2\/product"}],"about":[{"href":"https:\/\/www.tahitiplaisirs.com\/en\/wp-json\/wp\/v2\/types\/product"}],"version-history":[{"count":2,"href":"https:\/\/www.tahitiplaisirs.com\/en\/wp-json\/wp\/v2\/product\/6241\/revisions"}],"predecessor-version":[{"id":9503,"href":"https:\/\/www.tahitiplaisirs.com\/en\/wp-json\/wp\/v2\/product\/6241\/revisions\/9503"}],"wp:featuredmedia":[{"embeddable":true,"href":"https:\/\/www.tahitiplaisirs.com\/en\/wp-json\/wp\/v2\/media\/6478"}],"wp:attachment":[{"href":"https:\/\/www.tahitiplaisirs.com\/en\/wp-json\/wp\/v2\/media?parent=6241"}],"wp:term":[{"taxonomy":"product_brand","embeddable":true,"href":"https:\/\/www.tahitiplaisirs.com\/en\/wp-json\/wp\/v2\/product_brand?post=6241"},{"taxonomy":"product_cat","embeddable":true,"href":"https:\/\/www.tahitiplaisirs.com\/en\/wp-json\/wp\/v2\/product_cat?post=6241"},{"taxonomy":"product_tag","embeddable":true,"href":"https:\/\/www.tahitiplaisirs.com\/en\/wp-json\/wp\/v2\/product_tag?post=6241"}],"curies":[{"name":"wp","href":"https:\/\/api.w.org\/{rel}","templated":true}]}}