{"id":6242,"date":"2025-08-15T16:14:35","date_gmt":"2025-08-16T02:14:35","guid":{"rendered":"https:\/\/www.tahitiplaisirs.com\/?post_type=product&#038;p=6242"},"modified":"2026-03-21T14:28:20","modified_gmt":"2026-03-22T00:28:20","slug":"string-blanc-hot-getaway-l-xl","status":"publish","type":"product","link":"https:\/\/www.tahitiplaisirs.com\/en\/product\/string-blanc-hot-getaway-l-xl\/","title":{"rendered":"String blanc Hot Getaway L\/XL"},"content":{"rendered":"","protected":false},"excerpt":{"rendered":"<p>String blanc ouvert Hot Getaway L\/XL de Penthouse<\/p>\n<p>Faites l&rsquo;exp\u00e9rience de la pure s\u00e9duction avec cette lingerie qui allie magistralement \u00e9l\u00e9gance et d\u00e9sir.<\/p>\n<p>L&rsquo;entrejambe ouvert invite \u00e0 jouer, tandis que la dentelle douce et les d\u00e9licats n\u0153uds sur les c\u00f4t\u00e9s conf\u00e8rent au mod\u00e8le une touche audacieuse.<\/p>\n<p>Fabriqu\u00e9 \u00e0 partir de 92 % de nylon et de 8 % d&rsquo;\u00e9lasthanne, il offre confort et flexibilit\u00e9.<\/p>","protected":false},"featured_media":6495,"template":"","meta":[],"product_brand":[98],"product_cat":[73,80],"product_tag":[],"class_list":{"0":"post-6242","1":"product","2":"type-product","3":"status-publish","4":"has-post-thumbnail","6":"product_brand-penthouse","7":"product_cat-lingerie-sexy","8":"product_cat-strings-culottes-et-tangas","11":"instock","12":"taxable","13":"shipping-taxable","14":"purchasable","15":"product-type-simple","16":"product-grid-view"},"_links":{"self":[{"href":"https:\/\/www.tahitiplaisirs.com\/en\/wp-json\/wp\/v2\/product\/6242","targetHints":{"allow":["GET"]}}],"collection":[{"href":"https:\/\/www.tahitiplaisirs.com\/en\/wp-json\/wp\/v2\/product"}],"about":[{"href":"https:\/\/www.tahitiplaisirs.com\/en\/wp-json\/wp\/v2\/types\/product"}],"version-history":[{"count":2,"href":"https:\/\/www.tahitiplaisirs.com\/en\/wp-json\/wp\/v2\/product\/6242\/revisions"}],"predecessor-version":[{"id":6595,"href":"https:\/\/www.tahitiplaisirs.com\/en\/wp-json\/wp\/v2\/product\/6242\/revisions\/6595"}],"wp:featuredmedia":[{"embeddable":true,"href":"https:\/\/www.tahitiplaisirs.com\/en\/wp-json\/wp\/v2\/media\/6495"}],"wp:attachment":[{"href":"https:\/\/www.tahitiplaisirs.com\/en\/wp-json\/wp\/v2\/media?parent=6242"}],"wp:term":[{"taxonomy":"product_brand","embeddable":true,"href":"https:\/\/www.tahitiplaisirs.com\/en\/wp-json\/wp\/v2\/product_brand?post=6242"},{"taxonomy":"product_cat","embeddable":true,"href":"https:\/\/www.tahitiplaisirs.com\/en\/wp-json\/wp\/v2\/product_cat?post=6242"},{"taxonomy":"product_tag","embeddable":true,"href":"https:\/\/www.tahitiplaisirs.com\/en\/wp-json\/wp\/v2\/product_tag?post=6242"}],"curies":[{"name":"wp","href":"https:\/\/api.w.org\/{rel}","templated":true}]}}